{"id":6959,"date":"2023-06-15T08:45:56","date_gmt":"2023-06-15T06:45:56","guid":{"rendered":"https:\/\/aemas.com\/teledyne-leeman-lbas\/"},"modified":"2024-04-04T11:06:50","modified_gmt":"2024-04-04T09:06:50","slug":"teledyne-leeman-labs","status":"publish","type":"page","link":"https:\/\/aemas.com\/nl\/teledyne-leeman-labs\/","title":{"rendered":"Teledyne Leeman Labs"},"content":{"rendered":"\t\t<div data-elementor-type=\"wp-page\" data-elementor-id=\"6959\" class=\"elementor elementor-6959 elementor-4225\" data-elementor-post-type=\"page\">\n\t\t\t\t\t\t<section class=\"elementor-section elementor-top-section elementor-element elementor-element-ef58a93 elementor-section-boxed elementor-section-height-default elementor-section-height-default\" data-id=\"ef58a93\" data-element_type=\"section\" data-e-type=\"section\">\n\t\t\t\t\t\t<div class=\"elementor-container elementor-column-gap-default\">\n\t\t\t\t\t<div class=\"elementor-column elementor-col-100 elementor-top-column elementor-element elementor-element-cac087d\" data-id=\"cac087d\" data-element_type=\"column\" data-e-type=\"column\">\n\t\t\t<div class=\"elementor-widget-wrap elementor-element-populated\">\n\t\t\t\t\t\t<div class=\"elementor-element elementor-element-72ff62b elementor-widget elementor-widget-spacer\" data-id=\"72ff62b\" data-element_type=\"widget\" data-e-type=\"widget\" data-widget_type=\"spacer.default\">\n\t\t\t\t<div class=\"elementor-widget-container\">\n\t\t\t\t\t\t\t<div class=\"elementor-spacer\">\n\t\t\t<div class=\"elementor-spacer-inner\"><\/div>\n\t\t<\/div>\n\t\t\t\t\t\t<\/div>\n\t\t\t\t<\/div>\n\t\t\t\t<div class=\"elementor-element elementor-element-7f83be5 elementor-widget elementor-widget-heading\" data-id=\"7f83be5\" data-element_type=\"widget\" data-e-type=\"widget\" data-widget_type=\"heading.default\">\n\t\t\t\t<div class=\"elementor-widget-container\">\n\t\t\t\t\t<h1 class=\"elementor-heading-title elementor-size-xxl\">Teledyne Leeman Labs (NL)<\/h1>\t\t\t\t<\/div>\n\t\t\t\t<\/div>\n\t\t\t\t<div class=\"elementor-element elementor-element-b6773f1 elementor-widget__width-initial elementor-widget-divider--view-line elementor-widget elementor-widget-divider\" data-id=\"b6773f1\" data-element_type=\"widget\" data-e-type=\"widget\" data-widget_type=\"divider.default\">\n\t\t\t\t<div class=\"elementor-widget-container\">\n\t\t\t\t\t\t\t<div class=\"elementor-divider\">\n\t\t\t<span class=\"elementor-divider-separator\">\n\t\t\t\t\t\t<\/span>\n\t\t<\/div>\n\t\t\t\t\t\t<\/div>\n\t\t\t\t<\/div>\n\t\t\t\t\t<\/div>\n\t\t<\/div>\n\t\t\t\t\t<\/div>\n\t\t<\/section>\n\t\t\t\t<section class=\"elementor-section elementor-top-section elementor-element elementor-element-1ae0e07 elementor-section-boxed elementor-section-height-default elementor-section-height-default\" data-id=\"1ae0e07\" data-element_type=\"section\" data-e-type=\"section\">\n\t\t\t\t\t\t<div class=\"elementor-container elementor-column-gap-default\">\n\t\t\t\t\t<div class=\"elementor-column elementor-col-66 elementor-top-column elementor-element elementor-element-255424e\" data-id=\"255424e\" data-element_type=\"column\" data-e-type=\"column\">\n\t\t\t<div class=\"elementor-widget-wrap elementor-element-populated\">\n\t\t\t\t\t\t<div class=\"elementor-element elementor-element-5588d66 elementor-widget elementor-widget-text-editor\" data-id=\"5588d66\" data-element_type=\"widget\" data-e-type=\"widget\" data-widget_type=\"text-editor.default\">\n\t\t\t\t<div class=\"elementor-widget-container\">\n\t\t\t\t\t\t\t\t\t<p>Leider in het ontwerpen en fabriceren van analytische instrumenten voor het laboratorium, die productiviteitsverhogende instrumenten en oplossingen aanbiedt in verschillende industrie\u00ebn.<\/p>\t\t\t\t\t\t\t\t<\/div>\n\t\t\t\t<\/div>\n\t\t\t\t<div class=\"elementor-element elementor-element-1e41bc9 elementor-widget elementor-widget-button\" data-id=\"1e41bc9\" data-element_type=\"widget\" data-e-type=\"widget\" data-widget_type=\"button.default\">\n\t\t\t\t<div class=\"elementor-widget-container\">\n\t\t\t\t\t\t\t\t\t<div class=\"elementor-button-wrapper\">\n\t\t\t\t\t<a class=\"elementor-button elementor-button-link elementor-size-sm\" href=\"https:\/\/www.teledyneleemanlabs.com\/\" target=\"_blank\">\n\t\t\t\t\t\t<span class=\"elementor-button-content-wrapper\">\n\t\t\t\t\t\t\t\t\t<span class=\"elementor-button-text\">Bezoek leverancier<\/span>\n\t\t\t\t\t<\/span>\n\t\t\t\t\t<\/a>\n\t\t\t\t<\/div>\n\t\t\t\t\t\t\t\t<\/div>\n\t\t\t\t<\/div>\n\t\t\t\t\t<\/div>\n\t\t<\/div>\n\t\t\t\t<div class=\"elementor-column elementor-col-33 elementor-top-column elementor-element elementor-element-1b0efe0\" data-id=\"1b0efe0\" data-element_type=\"column\" data-e-type=\"column\">\n\t\t\t<div class=\"elementor-widget-wrap elementor-element-populated\">\n\t\t\t\t\t\t<div class=\"elementor-element elementor-element-8cb2bd0 elementor-widget__width-initial elementor-widget elementor-widget-image\" data-id=\"8cb2bd0\" data-element_type=\"widget\" data-e-type=\"widget\" data-widget_type=\"image.default\">\n\t\t\t\t<div class=\"elementor-widget-container\">\n\t\t\t\t\t\t\t\t\t\t\t\t\t\t\t<img alt=\"\" fetchpriority=\"high\" decoding=\"async\" width=\"800\" height=\"103\" src=\"https:\/\/aemas.com\/wp-content\/uploads\/2023\/07\/Leeman-1024x132.png\" class=\"attachment-large size-large wp-image-5787\" alt=\"\" srcset=\"https:\/\/aemas.com\/wp-content\/uploads\/2023\/07\/Leeman-1024x132.png 1024w, https:\/\/aemas.com\/wp-content\/uploads\/2023\/07\/Leeman-300x39.png.webp 300w, https:\/\/aemas.com\/wp-content\/uploads\/2023\/07\/Leeman-768x99.png 768w, https:\/\/aemas.com\/wp-content\/uploads\/2023\/07\/Leeman.png 1524w\" sizes=\"(max-width: 800px) 100vw, 800px\" \/>\t\t\t\t\t\t\t\t\t\t\t\t\t\t\t<\/div>\n\t\t\t\t<\/div>\n\t\t\t\t\t<\/div>\n\t\t<\/div>\n\t\t\t\t\t<\/div>\n\t\t<\/section>\n\t\t\t\t<section class=\"elementor-section elementor-top-section elementor-element elementor-element-647cab4 elementor-section-boxed elementor-section-height-default elementor-section-height-default\" data-id=\"647cab4\" data-element_type=\"section\" data-e-type=\"section\">\n\t\t\t\t\t\t<div class=\"elementor-container elementor-column-gap-default\">\n\t\t\t\t\t<div class=\"elementor-column elementor-col-100 elementor-top-column elementor-element elementor-element-512ab4d\" data-id=\"512ab4d\" data-element_type=\"column\" data-e-type=\"column\">\n\t\t\t<div class=\"elementor-widget-wrap elementor-element-populated\">\n\t\t\t\t\t\t<div class=\"elementor-element elementor-element-0e222ed elementor-widget elementor-widget-heading\" data-id=\"0e222ed\" data-element_type=\"widget\" data-e-type=\"widget\" data-widget_type=\"heading.default\">\n\t\t\t\t<div class=\"elementor-widget-container\">\n\t\t\t\t\t<h2 class=\"elementor-heading-title elementor-size-xl\">Over Leeman Labs<\/h2>\t\t\t\t<\/div>\n\t\t\t\t<\/div>\n\t\t\t\t<div class=\"elementor-element elementor-element-30be6f7 elementor-widget__width-initial elementor-widget-divider--view-line elementor-widget elementor-widget-divider\" data-id=\"30be6f7\" data-element_type=\"widget\" data-e-type=\"widget\" data-widget_type=\"divider.default\">\n\t\t\t\t<div class=\"elementor-widget-container\">\n\t\t\t\t\t\t\t<div class=\"elementor-divider\">\n\t\t\t<span class=\"elementor-divider-separator\">\n\t\t\t\t\t\t<\/span>\n\t\t<\/div>\n\t\t\t\t\t\t<\/div>\n\t\t\t\t<\/div>\n\t\t\t\t\t<\/div>\n\t\t<\/div>\n\t\t\t\t\t<\/div>\n\t\t<\/section>\n\t\t\t\t<section class=\"elementor-section elementor-top-section elementor-element elementor-element-a3772c7 elementor-section-boxed elementor-section-height-default elementor-section-height-default\" data-id=\"a3772c7\" data-element_type=\"section\" data-e-type=\"section\">\n\t\t\t\t\t\t<div class=\"elementor-container elementor-column-gap-default\">\n\t\t\t\t\t<div class=\"elementor-column elementor-col-50 elementor-top-column elementor-element elementor-element-bacc3a0\" data-id=\"bacc3a0\" data-element_type=\"column\" data-e-type=\"column\">\n\t\t\t<div class=\"elementor-widget-wrap elementor-element-populated\">\n\t\t\t\t\t\t<div class=\"elementor-element elementor-element-5ca5ab9 elementor-widget elementor-widget-image\" data-id=\"5ca5ab9\" data-element_type=\"widget\" data-e-type=\"widget\" data-widget_type=\"image.default\">\n\t\t\t\t<div class=\"elementor-widget-container\">\n\t\t\t\t\t\t\t\t\t\t\t\t\t\t\t<img alt=\"\" decoding=\"async\" width=\"487\" height=\"234\" src=\"https:\/\/aemas.com\/wp-content\/uploads\/2023\/06\/Teledyne_Rhombi.jpg\" class=\"attachment-large size-large wp-image-5777\" alt=\"\" srcset=\"https:\/\/aemas.com\/wp-content\/uploads\/2023\/06\/Teledyne_Rhombi.jpg 487w, https:\/\/aemas.com\/wp-content\/uploads\/2023\/06\/Teledyne_Rhombi-300x144.jpg 300w\" sizes=\"(max-width: 487px) 100vw, 487px\" \/>\t\t\t\t\t\t\t\t\t\t\t\t\t\t\t<\/div>\n\t\t\t\t<\/div>\n\t\t\t\t\t<\/div>\n\t\t<\/div>\n\t\t\t\t<div class=\"elementor-column elementor-col-50 elementor-top-column elementor-element elementor-element-c83e615\" data-id=\"c83e615\" data-element_type=\"column\" data-e-type=\"column\" data-settings=\"{&quot;background_background&quot;:&quot;classic&quot;}\">\n\t\t\t<div class=\"elementor-widget-wrap elementor-element-populated\">\n\t\t\t\t\t\t<div class=\"elementor-element elementor-element-017a16b elementor-widget elementor-widget-text-editor\" data-id=\"017a16b\" data-element_type=\"widget\" data-e-type=\"widget\" data-widget_type=\"text-editor.default\">\n\t\t\t\t<div class=\"elementor-widget-container\">\n\t\t\t\t\t\t\t\t\t<div>Teledyne Leeman Labs onderscheidt zich als de voorkeurskeuze voor bedrijven, overheidsinstanties, gemeenten en onderwijsinstellingen over de hele wereld die willen samenwerken op het gebied van analytische instrumenten. Opgericht in 1981, dient het hoofdkantoor in Mason, Ohio, als het middelpunt van activiteiten die zich uitstrekken over meer dan 50 landen, met behulp van distributeurs in verschillende landen.<\/div>\n<div><br><\/div>\n<p>Bestaande uit een team van gepassioneerde wetenschappers, ingenieurs en serviceprofessionals, draait de gezamenlijke toewijding om de wereld van atomaire spectroscopie. Sinds dag \u00e9\u00e9n is de onwrikbare missie geweest om uitzonderlijke instrumenten voor elementaire analyse te cre\u00ebren, die verder gaan dan alleen voldoen aan normen. Door voortdurende innovatie, onwankelbare toewijding en frisse perspectieven is het uiteindelijke doel om voortdurend grenzen te verleggen en wetenschappers en analisten in staat te stellen te werken met ultramoderne instrumenten die consequent uitzonderlijk nauwkeurige analyses leveren, week na week, jaar na jaar.<\/p>\n<p>Bij Teledyne Leeman Labs wordt aanzienlijk ge\u00efnvesteerd in onderzoek en ontwikkeling en wordt reikhalzend uitgekeken naar de mogelijkheid om klanten in de komende jaren een continue stroom van technologische vooruitgang te bieden<\/p>\t\t\t\t\t\t\t\t<\/div>\n\t\t\t\t<\/div>\n\t\t\t\t\t<\/div>\n\t\t<\/div>\n\t\t\t\t\t<\/div>\n\t\t<\/section>\n\t\t\t\t<\/div>\n\t\t","protected":false},"excerpt":{"rendered":"<p>Teledyne Leeman Labs (NL) Leider in het ontwerpen en fabriceren van analytische instrumenten voor het laboratorium, die productiviteitsverhogende instrumenten en oplossingen aanbiedt in verschillende industrie\u00ebn. Bezoek leverancier Over Leeman Labs Teledyne Leeman Labs onderscheidt zich als de voorkeurskeuze voor bedrijven, overheidsinstanties, gemeenten en onderwijsinstellingen over de hele wereld die willen samenwerken op het gebied van [&hellip;]<\/p>\n","protected":false},"author":2334,"featured_media":0,"parent":0,"menu_order":0,"comment_status":"closed","ping_status":"closed","template":"elementor_header_footer","meta":{"_acf_changed":false,"_seopress_robots_primary_cat":"","_seopress_titles_title":"Teledyne Leeman Labs Oplossingen bij Aemas: Expertise & Dezelfde-Dag Service","_seopress_titles_desc":"Ontdek de uitgebreide oplossingen van Aemas voor Teledyne Leeman Labs instrumenten. We zorgen voor een tijdige installatie, gebruikerstraining en applicatieontwikkeling. Ervaar onge\u00ebvenaarde service met onze belofte van 95% service op dezelfde dag.","_seopress_robots_index":"","footnotes":""},"class_list":["post-6959","page","type-page","status-publish","hentry"],"acf":[],"_links":{"self":[{"href":"https:\/\/aemas.com\/nl\/wp-json\/wp\/v2\/pages\/6959","targetHints":{"allow":["GET"]}}],"collection":[{"href":"https:\/\/aemas.com\/nl\/wp-json\/wp\/v2\/pages"}],"about":[{"href":"https:\/\/aemas.com\/nl\/wp-json\/wp\/v2\/types\/page"}],"author":[{"embeddable":true,"href":"https:\/\/aemas.com\/nl\/wp-json\/wp\/v2\/users\/2334"}],"replies":[{"embeddable":true,"href":"https:\/\/aemas.com\/nl\/wp-json\/wp\/v2\/comments?post=6959"}],"version-history":[{"count":20,"href":"https:\/\/aemas.com\/nl\/wp-json\/wp\/v2\/pages\/6959\/revisions"}],"predecessor-version":[{"id":10099,"href":"https:\/\/aemas.com\/nl\/wp-json\/wp\/v2\/pages\/6959\/revisions\/10099"}],"wp:attachment":[{"href":"https:\/\/aemas.com\/nl\/wp-json\/wp\/v2\/media?parent=6959"}],"curies":[{"name":"wp","href":"https:\/\/api.w.org\/{rel}","templated":true}]}}