{"id":9617,"date":"2024-03-28T09:23:07","date_gmt":"2024-03-28T08:23:07","guid":{"rendered":"https:\/\/aemas.com\/?post_type=product&#038;p=9617"},"modified":"2024-03-28T16:01:23","modified_gmt":"2024-03-28T15:01:23","slug":"protocol-manager-software","status":"publish","type":"product","link":"https:\/\/aemas.com\/de\/product\/protocol-manager-software\/","title":{"rendered":"Protocol Manager\u2122 Software"},"featured_media":9480,"template":"","meta":{"_acf_changed":false,"_seopress_robots_primary_cat":"none","_seopress_titles_title":"Transformations-Effizienz: Protocol Manager\u2122 Software f\u00fcr Vision\u00ae und CD-Tester","_seopress_titles_desc":"Heben Sie Ihr Labor mit Protocol Manager\u2122 an \u2013 innovative Software, ma\u00dfgeschneidert f\u00fcr Vision\u00ae und CD-Tester. Revolutionieren Sie das Protokollmanagement f\u00fcr beispiellose Effizienz, Konnektivit\u00e4t und Konformit\u00e4t. \u00dcberwinden Sie Einschr\u00e4nkungen und steigern Sie die Produktivit\u00e4t in pharmazeutischer Forschung, Herstellung und QC-Labors.","_seopress_robots_index":""},"categories":[124,88],"class_list":["post-9617","product","type-product","status-publish","has-post-thumbnail","hentry","category-dissolution-software-de","category-pharmaceutical-de"],"acf":[],"_links":{"self":[{"href":"https:\/\/aemas.com\/de\/wp-json\/wp\/v2\/product\/9617","targetHints":{"allow":["GET"]}}],"collection":[{"href":"https:\/\/aemas.com\/de\/wp-json\/wp\/v2\/product"}],"about":[{"href":"https:\/\/aemas.com\/de\/wp-json\/wp\/v2\/types\/product"}],"version-history":[{"count":1,"href":"https:\/\/aemas.com\/de\/wp-json\/wp\/v2\/product\/9617\/revisions"}],"predecessor-version":[{"id":9618,"href":"https:\/\/aemas.com\/de\/wp-json\/wp\/v2\/product\/9617\/revisions\/9618"}],"wp:featuredmedia":[{"embeddable":true,"href":"https:\/\/aemas.com\/de\/wp-json\/wp\/v2\/media\/9480"}],"wp:attachment":[{"href":"https:\/\/aemas.com\/de\/wp-json\/wp\/v2\/media?parent=9617"}],"wp:term":[{"taxonomy":"category","embeddable":true,"href":"https:\/\/aemas.com\/de\/wp-json\/wp\/v2\/categories?post=9617"}],"curies":[{"name":"wp","href":"https:\/\/api.w.org\/{rel}","templated":true}]}}