{"id":9615,"date":"2024-03-28T09:23:14","date_gmt":"2024-03-28T08:23:14","guid":{"rendered":"https:\/\/aemas.com\/?post_type=product&#038;p=9615"},"modified":"2024-03-28T16:01:17","modified_gmt":"2024-03-28T15:01:17","slug":"vision-g2-elite-8","status":"publish","type":"product","link":"https:\/\/aemas.com\/de\/product\/vision-g2-elite-8\/","title":{"rendered":"Vision\u00ae G2 Elite 8\u2122"},"featured_media":9300,"template":"","meta":{"_acf_changed":false,"_seopress_robots_primary_cat":"none","_seopress_titles_title":"Vision\u00ae G2 Elite 8\u2122: Un\u00fcbertroffene Vielseitigkeit in der Aufl\u00f6sung","_seopress_titles_desc":"Tauchen Sie ein in un\u00fcbertroffene Vielseitigkeit mit Vision G2 Elite 8 \u2013 ein H\u00f6hepunkt pr\u00e4ziser Ingenieurskunst f\u00fcr manuelle Tests mit 8 Proben. Konform mit globalen Standards setzt es den Ma\u00dfstab f\u00fcr Qualit\u00e4t und Leistung in der Aufl\u00f6sungstestung.","_seopress_robots_index":""},"categories":[122,88],"class_list":["post-9615","product","type-product","status-publish","has-post-thumbnail","hentry","category-dissolution-testers-de","category-pharmaceutical-de"],"acf":[],"_links":{"self":[{"href":"https:\/\/aemas.com\/de\/wp-json\/wp\/v2\/product\/9615","targetHints":{"allow":["GET"]}}],"collection":[{"href":"https:\/\/aemas.com\/de\/wp-json\/wp\/v2\/product"}],"about":[{"href":"https:\/\/aemas.com\/de\/wp-json\/wp\/v2\/types\/product"}],"version-history":[{"count":1,"href":"https:\/\/aemas.com\/de\/wp-json\/wp\/v2\/product\/9615\/revisions"}],"predecessor-version":[{"id":9616,"href":"https:\/\/aemas.com\/de\/wp-json\/wp\/v2\/product\/9615\/revisions\/9616"}],"wp:featuredmedia":[{"embeddable":true,"href":"https:\/\/aemas.com\/de\/wp-json\/wp\/v2\/media\/9300"}],"wp:attachment":[{"href":"https:\/\/aemas.com\/de\/wp-json\/wp\/v2\/media?parent=9615"}],"wp:term":[{"taxonomy":"category","embeddable":true,"href":"https:\/\/aemas.com\/de\/wp-json\/wp\/v2\/categories?post=9615"}],"curies":[{"name":"wp","href":"https:\/\/api.w.org\/{rel}","templated":true}]}}