{"id":9613,"date":"2024-03-28T09:23:20","date_gmt":"2024-03-28T08:23:20","guid":{"rendered":"https:\/\/aemas.com\/?post_type=product&#038;p=9613"},"modified":"2024-03-28T16:01:11","modified_gmt":"2024-03-28T15:01:11","slug":"cd14-comparative-dissolution-tester","status":"publish","type":"product","link":"https:\/\/aemas.com\/de\/product\/cd14-comparative-dissolution-tester\/","title":{"rendered":"CD14 Comparative Dissolution Tester"},"featured_media":9313,"template":"","meta":{"_acf_changed":false,"_seopress_robots_primary_cat":"none","_seopress_titles_title":"CD14 Aufl\u00f6sungstester: Geschwindigkeit, Intelligenz, Effizienz entfesselt","_seopress_titles_desc":"Erkunden Sie den Teledyne Hanson CD14 \u2013 ein vergleichender Aufl\u00f6sungstester, der die Bio\u00e4quivalenzstudien revolutioniert. Betreiben Sie gleichzeitig zwei Methoden mit vielseitigen Konfigurationen f\u00fcr gesteigerte Effizienz in Forschung und Entwicklung, Formulierung, Qualit\u00e4tskontrolle und Stabilit\u00e4tstests.","_seopress_robots_index":""},"categories":[122,88],"class_list":["post-9613","product","type-product","status-publish","has-post-thumbnail","hentry","category-dissolution-testers-de","category-pharmaceutical-de"],"acf":[],"_links":{"self":[{"href":"https:\/\/aemas.com\/de\/wp-json\/wp\/v2\/product\/9613","targetHints":{"allow":["GET"]}}],"collection":[{"href":"https:\/\/aemas.com\/de\/wp-json\/wp\/v2\/product"}],"about":[{"href":"https:\/\/aemas.com\/de\/wp-json\/wp\/v2\/types\/product"}],"version-history":[{"count":1,"href":"https:\/\/aemas.com\/de\/wp-json\/wp\/v2\/product\/9613\/revisions"}],"predecessor-version":[{"id":9614,"href":"https:\/\/aemas.com\/de\/wp-json\/wp\/v2\/product\/9613\/revisions\/9614"}],"wp:featuredmedia":[{"embeddable":true,"href":"https:\/\/aemas.com\/de\/wp-json\/wp\/v2\/media\/9313"}],"wp:attachment":[{"href":"https:\/\/aemas.com\/de\/wp-json\/wp\/v2\/media?parent=9613"}],"wp:term":[{"taxonomy":"category","embeddable":true,"href":"https:\/\/aemas.com\/de\/wp-json\/wp\/v2\/categories?post=9613"}],"curies":[{"name":"wp","href":"https:\/\/api.w.org\/{rel}","templated":true}]}}