{"id":9608,"date":"2024-03-28T09:23:27","date_gmt":"2024-03-28T08:23:27","guid":{"rendered":"https:\/\/aemas.com\/?post_type=product&#038;p=9608"},"modified":"2024-03-28T16:01:04","modified_gmt":"2024-03-28T15:01:04","slug":"cd-autoplus-autofill","status":"publish","type":"product","link":"https:\/\/aemas.com\/de\/product\/cd-autoplus-autofill\/","title":{"rendered":"CD AutoPlus\u2122 &#038; AutoFill\u2122"},"featured_media":9434,"template":"","meta":{"_acf_changed":false,"_seopress_robots_primary_cat":"none","_seopress_titles_title":"Pr\u00e4zises Autosampling: CD AutoPlus\u2122 & AutoFill\u2122 Integration","_seopress_titles_desc":"Tauchen Sie ein in die fortschrittliche Laborautomatisierung mit CD AutoPlus\u2122 \u2013 einem pr\u00e4zisen Autosampling-System f\u00fcr CD14 Aufl\u00f6sungstester. Sorgf\u00e4ltig gefertigt, gew\u00e4hrleistet es Kompatibilit\u00e4t, au\u00dfergew\u00f6hnliche Genauigkeit und ein kompaktes Design f\u00fcr den kleinsten 14-Gef\u00e4\u00df-Fu\u00dfabdruck seiner Klasse.","_seopress_robots_index":""},"categories":[123,88],"class_list":["post-9608","product","type-product","status-publish","has-post-thumbnail","hentry","category-dissolution-automation-de","category-pharmaceutical-de"],"acf":[],"_links":{"self":[{"href":"https:\/\/aemas.com\/de\/wp-json\/wp\/v2\/product\/9608","targetHints":{"allow":["GET"]}}],"collection":[{"href":"https:\/\/aemas.com\/de\/wp-json\/wp\/v2\/product"}],"about":[{"href":"https:\/\/aemas.com\/de\/wp-json\/wp\/v2\/types\/product"}],"version-history":[{"count":1,"href":"https:\/\/aemas.com\/de\/wp-json\/wp\/v2\/product\/9608\/revisions"}],"predecessor-version":[{"id":9612,"href":"https:\/\/aemas.com\/de\/wp-json\/wp\/v2\/product\/9608\/revisions\/9612"}],"wp:featuredmedia":[{"embeddable":true,"href":"https:\/\/aemas.com\/de\/wp-json\/wp\/v2\/media\/9434"}],"wp:attachment":[{"href":"https:\/\/aemas.com\/de\/wp-json\/wp\/v2\/media?parent=9608"}],"wp:term":[{"taxonomy":"category","embeddable":true,"href":"https:\/\/aemas.com\/de\/wp-json\/wp\/v2\/categories?post=9608"}],"curies":[{"name":"wp","href":"https:\/\/api.w.org\/{rel}","templated":true}]}}