{"id":9605,"date":"2024-03-28T09:23:36","date_gmt":"2024-03-28T08:23:36","guid":{"rendered":"https:\/\/aemas.com\/?post_type=product&#038;p=9605"},"modified":"2024-03-28T16:00:56","modified_gmt":"2024-03-28T15:00:56","slug":"vision-autoplus-autofill","status":"publish","type":"product","link":"https:\/\/aemas.com\/de\/product\/vision-autoplus-autofill\/","title":{"rendered":"Vision\u00ae AutoPlus\u2122 &#038; AutoFill\u2122"},"featured_media":9450,"template":"","meta":{"_acf_changed":false,"_seopress_robots_primary_cat":"none","_seopress_titles_title":"Transformieren Sie die Effizienz im Labor mit Vision\u00ae AutoPlus\u2122 Autosampler","_seopress_titles_desc":"Erkunden Sie die Zukunft der Automatisierung mit Vision\u00ae AutoPlus\u2122 \u2013 ein modernisierter Autosampler, der Pr\u00e4zision, Flexibilit\u00e4t und bis zu 100 Protokolle bietet. Steigern Sie die Effizienz Ihres Labors mit Optionen f\u00fcr 6 oder 8 Kan\u00e4le sowie DissoScan\u2122 oder Maximizer\u2122 Konfigurationen.","_seopress_robots_index":""},"categories":[123,88],"class_list":["post-9605","product","type-product","status-publish","has-post-thumbnail","hentry","category-dissolution-automation-de","category-pharmaceutical-de"],"acf":[],"_links":{"self":[{"href":"https:\/\/aemas.com\/de\/wp-json\/wp\/v2\/product\/9605","targetHints":{"allow":["GET"]}}],"collection":[{"href":"https:\/\/aemas.com\/de\/wp-json\/wp\/v2\/product"}],"about":[{"href":"https:\/\/aemas.com\/de\/wp-json\/wp\/v2\/types\/product"}],"version-history":[{"count":1,"href":"https:\/\/aemas.com\/de\/wp-json\/wp\/v2\/product\/9605\/revisions"}],"predecessor-version":[{"id":9606,"href":"https:\/\/aemas.com\/de\/wp-json\/wp\/v2\/product\/9605\/revisions\/9606"}],"wp:featuredmedia":[{"embeddable":true,"href":"https:\/\/aemas.com\/de\/wp-json\/wp\/v2\/media\/9450"}],"wp:attachment":[{"href":"https:\/\/aemas.com\/de\/wp-json\/wp\/v2\/media?parent=9605"}],"wp:term":[{"taxonomy":"category","embeddable":true,"href":"https:\/\/aemas.com\/de\/wp-json\/wp\/v2\/categories?post=9605"}],"curies":[{"name":"wp","href":"https:\/\/api.w.org\/{rel}","templated":true}]}}