{"id":9602,"date":"2024-03-28T09:23:44","date_gmt":"2024-03-28T08:23:44","guid":{"rendered":"https:\/\/aemas.com\/?post_type=product&#038;p=9602"},"modified":"2024-03-28T16:00:49","modified_gmt":"2024-03-28T15:00:49","slug":"media-mate-plus","status":"publish","type":"product","link":"https:\/\/aemas.com\/de\/product\/media-mate-plus\/","title":{"rendered":"Media-Mate Plus\u2122"},"featured_media":9460,"template":"","meta":{"_acf_changed":false,"_seopress_robots_primary_cat":"none","_seopress_titles_title":"Steigern Sie die Effizienz im Labor mit Media-Mate Plus\u2122 f\u00fcr pr\u00e4zise Aufl\u00f6sung","_seopress_titles_desc":"Entfesseln Sie Pr\u00e4zision in der Aufl\u00f6sungstestung mit Media-Mate Plus\u2122 \u2013 ein automatisiertes System, das sich an USP- und FDA-Standards orientiert. Vereinfachte Medienvorbereitung, Instrumentenvalidierung und minimierte menschliche Fehler definieren die Effizienz in Ihrem gesch\u00e4ftigen Aufl\u00f6sungslabor neu.","_seopress_robots_index":""},"categories":[123,88],"class_list":["post-9602","product","type-product","status-publish","has-post-thumbnail","hentry","category-dissolution-automation-de","category-pharmaceutical-de"],"acf":[],"_links":{"self":[{"href":"https:\/\/aemas.com\/de\/wp-json\/wp\/v2\/product\/9602","targetHints":{"allow":["GET"]}}],"collection":[{"href":"https:\/\/aemas.com\/de\/wp-json\/wp\/v2\/product"}],"about":[{"href":"https:\/\/aemas.com\/de\/wp-json\/wp\/v2\/types\/product"}],"version-history":[{"count":2,"href":"https:\/\/aemas.com\/de\/wp-json\/wp\/v2\/product\/9602\/revisions"}],"predecessor-version":[{"id":9604,"href":"https:\/\/aemas.com\/de\/wp-json\/wp\/v2\/product\/9602\/revisions\/9604"}],"wp:featuredmedia":[{"embeddable":true,"href":"https:\/\/aemas.com\/de\/wp-json\/wp\/v2\/media\/9460"}],"wp:attachment":[{"href":"https:\/\/aemas.com\/de\/wp-json\/wp\/v2\/media?parent=9602"}],"wp:term":[{"taxonomy":"category","embeddable":true,"href":"https:\/\/aemas.com\/de\/wp-json\/wp\/v2\/categories?post=9602"}],"curies":[{"name":"wp","href":"https:\/\/api.w.org\/{rel}","templated":true}]}}