{"id":9598,"date":"2024-03-28T09:23:57","date_gmt":"2024-03-28T08:23:57","guid":{"rendered":"https:\/\/aemas.com\/?post_type=product&#038;p=9598"},"modified":"2024-03-28T16:00:34","modified_gmt":"2024-03-28T15:00:34","slug":"phoenix-rds-automated-diffusion","status":"publish","type":"product","link":"https:\/\/aemas.com\/de\/product\/phoenix-rds-automated-diffusion\/","title":{"rendered":"Phoenix RDS Automated Diffusion"},"featured_media":9415,"template":"","meta":{"_acf_changed":false,"_seopress_robots_primary_cat":"none","_seopress_titles_title":"Phoenix RDS Automatisierte Diffusion: Pr\u00e4zise Automatisierung f\u00fcr vertikale Zellen","_seopress_titles_desc":"Entdecken Sie den innovativen Phoenix RDS mit automatischer Probenahme f\u00fcr sechs oder zw\u00f6lf vertikale Diffusionszellen. Kompakt, vielseitig und gesteuert von der Diffusion Master\u2122-Software gew\u00e4hrleistet er schnelle, pr\u00e4zise und anpassungsf\u00e4hige Diffusionstests.","_seopress_robots_index":""},"categories":[121,88],"class_list":["post-9598","product","type-product","status-publish","has-post-thumbnail","hentry","category-diffusion-testing-de","category-pharmaceutical-de"],"acf":[],"_links":{"self":[{"href":"https:\/\/aemas.com\/de\/wp-json\/wp\/v2\/product\/9598","targetHints":{"allow":["GET"]}}],"collection":[{"href":"https:\/\/aemas.com\/de\/wp-json\/wp\/v2\/product"}],"about":[{"href":"https:\/\/aemas.com\/de\/wp-json\/wp\/v2\/types\/product"}],"version-history":[{"count":1,"href":"https:\/\/aemas.com\/de\/wp-json\/wp\/v2\/product\/9598\/revisions"}],"predecessor-version":[{"id":9599,"href":"https:\/\/aemas.com\/de\/wp-json\/wp\/v2\/product\/9598\/revisions\/9599"}],"wp:featuredmedia":[{"embeddable":true,"href":"https:\/\/aemas.com\/de\/wp-json\/wp\/v2\/media\/9415"}],"wp:attachment":[{"href":"https:\/\/aemas.com\/de\/wp-json\/wp\/v2\/media?parent=9598"}],"wp:term":[{"taxonomy":"category","embeddable":true,"href":"https:\/\/aemas.com\/de\/wp-json\/wp\/v2\/categories?post=9598"}],"curies":[{"name":"wp","href":"https:\/\/api.w.org\/{rel}","templated":true}]}}