{"id":9596,"date":"2024-03-28T09:24:05","date_gmt":"2024-03-28T08:24:05","guid":{"rendered":"https:\/\/aemas.com\/?post_type=product&#038;p=9596"},"modified":"2024-03-28T16:00:28","modified_gmt":"2024-03-28T15:00:28","slug":"vision-g2-classic-6","status":"publish","type":"product","link":"https:\/\/aemas.com\/de\/product\/vision-g2-classic-6\/","title":{"rendered":"Vision\u00ae G2 Classic 6\u2122"},"featured_media":9278,"template":"","meta":{"_acf_changed":false,"_seopress_robots_primary_cat":"none","_seopress_titles_title":"Enth\u00fcllung von Vision\u00ae G2 Classic 6\u2122: Pr\u00e4zision bei der Aufl\u00f6sungstestung","_seopress_titles_desc":"Erforschen Sie den kompakten und robusten Vision G2 Classic 6 Aufl\u00f6sungstester, eine Hommage an den allerersten Tester von Hanson Research. Konzipiert f\u00fcr manuelle Tests erf\u00fcllt er globale Standards mit Pr\u00e4zision und Zuverl\u00e4ssigkeit.","_seopress_robots_index":""},"categories":[122,88],"class_list":["post-9596","product","type-product","status-publish","has-post-thumbnail","hentry","category-dissolution-testers-de","category-pharmaceutical-de"],"acf":[],"_links":{"self":[{"href":"https:\/\/aemas.com\/de\/wp-json\/wp\/v2\/product\/9596","targetHints":{"allow":["GET"]}}],"collection":[{"href":"https:\/\/aemas.com\/de\/wp-json\/wp\/v2\/product"}],"about":[{"href":"https:\/\/aemas.com\/de\/wp-json\/wp\/v2\/types\/product"}],"version-history":[{"count":1,"href":"https:\/\/aemas.com\/de\/wp-json\/wp\/v2\/product\/9596\/revisions"}],"predecessor-version":[{"id":9597,"href":"https:\/\/aemas.com\/de\/wp-json\/wp\/v2\/product\/9596\/revisions\/9597"}],"wp:featuredmedia":[{"embeddable":true,"href":"https:\/\/aemas.com\/de\/wp-json\/wp\/v2\/media\/9278"}],"wp:attachment":[{"href":"https:\/\/aemas.com\/de\/wp-json\/wp\/v2\/media?parent=9596"}],"wp:term":[{"taxonomy":"category","embeddable":true,"href":"https:\/\/aemas.com\/de\/wp-json\/wp\/v2\/categories?post=9596"}],"curies":[{"name":"wp","href":"https:\/\/api.w.org\/{rel}","templated":true}]}}