{"id":8205,"date":"2023-01-01T07:30:57","date_gmt":"2023-01-01T06:30:57","guid":{"rendered":"https:\/\/aemas.com\/?post_type=product&#038;p=8205"},"modified":"2023-12-07T11:04:52","modified_gmt":"2023-12-07T10:04:52","slug":"asx-280","status":"publish","type":"product","link":"https:\/\/aemas.com\/de\/product\/asx-280\/","title":{"rendered":"ASX-280 &#8211; Compact Autosampler"},"featured_media":6476,"template":"","meta":{"_acf_changed":false,"_seopress_robots_primary_cat":"none","_seopress_titles_title":"ASX-280 2-Rack Autosampler Steigern Sie die Produktivit\u00e4t Ihres Labors | Aemas","_seopress_titles_desc":"Der ASX-280 Autosampler, entwickelt f\u00fcr Effizienz und Pr\u00e4zision in Laboranalysen.","_seopress_robots_index":""},"categories":[82,109,83,84,106,108,88,111],"class_list":["post-8205","product","type-product","status-publish","has-post-thumbnail","hentry","category-automation-de","category-biological-and-life-sciences-de","category-environmental-de","category-food-and-beverage-de","category-heavy-metal-analysis-de","category-mining-and-geological-de","category-pharmaceutical-de","category-semiconductors-de"],"acf":[],"_links":{"self":[{"href":"https:\/\/aemas.com\/de\/wp-json\/wp\/v2\/product\/8205","targetHints":{"allow":["GET"]}}],"collection":[{"href":"https:\/\/aemas.com\/de\/wp-json\/wp\/v2\/product"}],"about":[{"href":"https:\/\/aemas.com\/de\/wp-json\/wp\/v2\/types\/product"}],"version-history":[{"count":4,"href":"https:\/\/aemas.com\/de\/wp-json\/wp\/v2\/product\/8205\/revisions"}],"predecessor-version":[{"id":9258,"href":"https:\/\/aemas.com\/de\/wp-json\/wp\/v2\/product\/8205\/revisions\/9258"}],"wp:featuredmedia":[{"embeddable":true,"href":"https:\/\/aemas.com\/de\/wp-json\/wp\/v2\/media\/6476"}],"wp:attachment":[{"href":"https:\/\/aemas.com\/de\/wp-json\/wp\/v2\/media?parent=8205"}],"wp:term":[{"taxonomy":"category","embeddable":true,"href":"https:\/\/aemas.com\/de\/wp-json\/wp\/v2\/categories?post=8205"}],"curies":[{"name":"wp","href":"https:\/\/api.w.org\/{rel}","templated":true}]}}