{"id":8200,"date":"2023-01-02T07:51:05","date_gmt":"2023-01-02T06:51:05","guid":{"rendered":"https:\/\/aemas.com\/?post_type=product&#038;p=8200"},"modified":"2025-11-25T17:24:12","modified_gmt":"2025-11-25T16:24:12","slug":"asx-560","status":"publish","type":"product","link":"https:\/\/aemas.com\/de\/product\/asx-560\/","title":{"rendered":"ASX-560 &#8211; Autosampler"},"featured_media":6477,"template":"","meta":{"_acf_changed":false,"_seopress_robots_primary_cat":"none","_seopress_titles_title":"ASX-560 Autosampler: Steigern Sie die Produktivit\u00e4t Ihres Labors","_seopress_titles_desc":"Der ASX-560 Autosampler, entwickelt f\u00fcr Effizienz und Pr\u00e4zision in Laboranalysen.","_seopress_robots_index":""},"categories":[82,109,83,84,106,108,88,111],"class_list":["post-8200","product","type-product","status-publish","has-post-thumbnail","hentry","category-automation-de","category-biological-and-life-sciences-de","category-environmental-de","category-food-and-beverage-de","category-heavy-metal-analysis-de","category-mining-and-geological-de","category-pharmaceutical-de","category-semiconductors-de"],"acf":[],"_links":{"self":[{"href":"https:\/\/aemas.com\/de\/wp-json\/wp\/v2\/product\/8200","targetHints":{"allow":["GET"]}}],"collection":[{"href":"https:\/\/aemas.com\/de\/wp-json\/wp\/v2\/product"}],"about":[{"href":"https:\/\/aemas.com\/de\/wp-json\/wp\/v2\/types\/product"}],"version-history":[{"count":4,"href":"https:\/\/aemas.com\/de\/wp-json\/wp\/v2\/product\/8200\/revisions"}],"predecessor-version":[{"id":9261,"href":"https:\/\/aemas.com\/de\/wp-json\/wp\/v2\/product\/8200\/revisions\/9261"}],"wp:featuredmedia":[{"embeddable":true,"href":"https:\/\/aemas.com\/de\/wp-json\/wp\/v2\/media\/6477"}],"wp:attachment":[{"href":"https:\/\/aemas.com\/de\/wp-json\/wp\/v2\/media?parent=8200"}],"wp:term":[{"taxonomy":"category","embeddable":true,"href":"https:\/\/aemas.com\/de\/wp-json\/wp\/v2\/categories?post=8200"}],"curies":[{"name":"wp","href":"https:\/\/api.w.org\/{rel}","templated":true}]}}