{"id":8190,"date":"2023-01-04T07:51:56","date_gmt":"2023-01-04T06:51:56","guid":{"rendered":"https:\/\/aemas.com\/?post_type=product&#038;p=8190"},"modified":"2023-12-07T13:37:32","modified_gmt":"2023-12-07T12:37:32","slug":"oils7400","status":"publish","type":"product","link":"https:\/\/aemas.com\/de\/product\/oils7400\/","title":{"rendered":"Oils 7400 &#8211; Homogenizing Dual Matrix Autosampler"},"featured_media":6586,"template":"","meta":{"_acf_changed":false,"_seopress_robots_primary_cat":"none","_seopress_titles_title":"Oils 7400: Effizienter homogenisierender Doppelmatrix-Autosampler","_seopress_titles_desc":"Der Oils 7400 Homogenisierende Autosampler mit fortschrittlicher Doppelsp\u00fclstation-Der Oils 7400 Homogenisierende Autosampler mit fortschrittlicher Doppelsp\u00fclstation-Technologie f\u00fcr effiziente Probenauswertung.","_seopress_robots_index":""},"categories":[82,85],"class_list":["post-8190","product","type-product","status-publish","has-post-thumbnail","hentry","category-automation-de","category-petrochemical-de"],"acf":[],"_links":{"self":[{"href":"https:\/\/aemas.com\/de\/wp-json\/wp\/v2\/product\/8190","targetHints":{"allow":["GET"]}}],"collection":[{"href":"https:\/\/aemas.com\/de\/wp-json\/wp\/v2\/product"}],"about":[{"href":"https:\/\/aemas.com\/de\/wp-json\/wp\/v2\/types\/product"}],"version-history":[{"count":4,"href":"https:\/\/aemas.com\/de\/wp-json\/wp\/v2\/product\/8190\/revisions"}],"predecessor-version":[{"id":9284,"href":"https:\/\/aemas.com\/de\/wp-json\/wp\/v2\/product\/8190\/revisions\/9284"}],"wp:featuredmedia":[{"embeddable":true,"href":"https:\/\/aemas.com\/de\/wp-json\/wp\/v2\/media\/6586"}],"wp:attachment":[{"href":"https:\/\/aemas.com\/de\/wp-json\/wp\/v2\/media?parent=8190"}],"wp:term":[{"taxonomy":"category","embeddable":true,"href":"https:\/\/aemas.com\/de\/wp-json\/wp\/v2\/categories?post=8190"}],"curies":[{"name":"wp","href":"https:\/\/api.w.org\/{rel}","templated":true}]}}