{"id":8175,"date":"2023-01-07T07:55:09","date_gmt":"2023-01-07T06:55:09","guid":{"rendered":"https:\/\/aemas.com\/?post_type=product&#038;p=8175"},"modified":"2023-10-10T14:36:47","modified_gmt":"2023-10-10T12:36:47","slug":"aps-7450v","status":"publish","type":"product","link":"https:\/\/aemas.com\/de\/product\/aps-7450v\/","title":{"rendered":"APS-7450V &#8211; Volumetric Sample Prep Station"},"featured_media":6579,"template":"","meta":{"_acf_changed":false,"_seopress_robots_primary_cat":"","_seopress_titles_title":"APS-7450V - Volumetrisches Probenverd\u00fcnnungssystem | Aemas","_seopress_titles_desc":"Verbessern Sie die Probenintegrit\u00e4t und vereinfachen Sie die Vorbereitung mit dem APS-7450V-System. Automatisieren Sie die Verd\u00fcnnung, Homogenisierung und passen Sie Verfahren an, um pr\u00e4zise Ergebnisse zu erzielen.","_seopress_robots_index":""},"categories":[82,85,112],"class_list":["post-8175","product","type-product","status-publish","has-post-thumbnail","hentry","category-automation-de","category-petrochemical-de","category-sample-prep-de"],"acf":[],"_links":{"self":[{"href":"https:\/\/aemas.com\/de\/wp-json\/wp\/v2\/product\/8175","targetHints":{"allow":["GET"]}}],"collection":[{"href":"https:\/\/aemas.com\/de\/wp-json\/wp\/v2\/product"}],"about":[{"href":"https:\/\/aemas.com\/de\/wp-json\/wp\/v2\/types\/product"}],"version-history":[{"count":3,"href":"https:\/\/aemas.com\/de\/wp-json\/wp\/v2\/product\/8175\/revisions"}],"predecessor-version":[{"id":8228,"href":"https:\/\/aemas.com\/de\/wp-json\/wp\/v2\/product\/8175\/revisions\/8228"}],"wp:featuredmedia":[{"embeddable":true,"href":"https:\/\/aemas.com\/de\/wp-json\/wp\/v2\/media\/6579"}],"wp:attachment":[{"href":"https:\/\/aemas.com\/de\/wp-json\/wp\/v2\/media?parent=8175"}],"wp:term":[{"taxonomy":"category","embeddable":true,"href":"https:\/\/aemas.com\/de\/wp-json\/wp\/v2\/categories?post=8175"}],"curies":[{"name":"wp","href":"https:\/\/api.w.org\/{rel}","templated":true}]}}