{"id":8170,"date":"2023-01-08T07:56:08","date_gmt":"2023-01-08T06:56:08","guid":{"rendered":"https:\/\/aemas.com\/?post_type=product&#038;p=8170"},"modified":"2023-10-10T14:36:28","modified_gmt":"2023-10-10T12:36:28","slug":"aps-7650g","status":"publish","type":"product","link":"https:\/\/aemas.com\/de\/product\/aps-7650g\/","title":{"rendered":"APS-7650G &#8211; Gravimetric Sample Prep Station"},"featured_media":6578,"template":"","meta":{"_acf_changed":false,"_seopress_robots_primary_cat":"","_seopress_titles_title":"APS-7650G - Gravimetrische Probenvorbereitungsstation | Aemas","_seopress_titles_desc":"Automatisieren Sie die Probenvorbereitung und verbessern Sie die Genauigkeit mit dem APS-7650G. Entwickelt f\u00fcr Pr\u00e4zision und Effizienz in Laborarbeitsabl\u00e4ufen.","_seopress_robots_index":""},"categories":[82,85,112],"class_list":["post-8170","product","type-product","status-publish","has-post-thumbnail","hentry","category-automation-de","category-petrochemical-de","category-sample-prep-de"],"acf":[],"_links":{"self":[{"href":"https:\/\/aemas.com\/de\/wp-json\/wp\/v2\/product\/8170","targetHints":{"allow":["GET"]}}],"collection":[{"href":"https:\/\/aemas.com\/de\/wp-json\/wp\/v2\/product"}],"about":[{"href":"https:\/\/aemas.com\/de\/wp-json\/wp\/v2\/types\/product"}],"version-history":[{"count":3,"href":"https:\/\/aemas.com\/de\/wp-json\/wp\/v2\/product\/8170\/revisions"}],"predecessor-version":[{"id":8227,"href":"https:\/\/aemas.com\/de\/wp-json\/wp\/v2\/product\/8170\/revisions\/8227"}],"wp:featuredmedia":[{"embeddable":true,"href":"https:\/\/aemas.com\/de\/wp-json\/wp\/v2\/media\/6578"}],"wp:attachment":[{"href":"https:\/\/aemas.com\/de\/wp-json\/wp\/v2\/media?parent=8170"}],"wp:term":[{"taxonomy":"category","embeddable":true,"href":"https:\/\/aemas.com\/de\/wp-json\/wp\/v2\/categories?post=8170"}],"curies":[{"name":"wp","href":"https:\/\/api.w.org\/{rel}","templated":true}]}}