{"id":8165,"date":"2023-01-09T07:57:15","date_gmt":"2023-01-09T06:57:15","guid":{"rendered":"https:\/\/aemas.com\/?post_type=product&#038;p=8165"},"modified":"2025-11-25T17:42:41","modified_gmt":"2025-11-25T16:42:41","slug":"sdx-hpld","status":"publish","type":"product","link":"https:\/\/aemas.com\/de\/product\/sdx-hpld\/","title":{"rendered":"SDX HPLD &#8211; Online Liquid Dilution System (DE)"},"featured_media":6577,"template":"","meta":{"_acf_changed":false,"_seopress_robots_primary_cat":"none","_seopress_titles_title":"SDX HPLD - Automatische Probenverd\u00fcnnung f\u00fcr ICP | Aemas","_seopress_titles_desc":"Entdecken Sie den SDX HPLD f\u00fcr pr\u00e4zise Probenverd\u00fcnnung, Kalibrationsstandvorbereitung und Echtzeit-Homogenisierung. Steigern Sie die Effizienz im Labor noch heute!","_seopress_robots_index":""},"categories":[82,83,84,106,108,88,110,112],"class_list":["post-8165","product","type-product","status-publish","has-post-thumbnail","hentry","category-automation-de","category-environmental-de","category-food-and-beverage-de","category-heavy-metal-analysis-de","category-mining-and-geological-de","category-pharmaceutical-de","category-sample-intro-de","category-sample-prep-de"],"acf":[],"_links":{"self":[{"href":"https:\/\/aemas.com\/de\/wp-json\/wp\/v2\/product\/8165","targetHints":{"allow":["GET"]}}],"collection":[{"href":"https:\/\/aemas.com\/de\/wp-json\/wp\/v2\/product"}],"about":[{"href":"https:\/\/aemas.com\/de\/wp-json\/wp\/v2\/types\/product"}],"version-history":[{"count":4,"href":"https:\/\/aemas.com\/de\/wp-json\/wp\/v2\/product\/8165\/revisions"}],"predecessor-version":[{"id":9117,"href":"https:\/\/aemas.com\/de\/wp-json\/wp\/v2\/product\/8165\/revisions\/9117"}],"wp:featuredmedia":[{"embeddable":true,"href":"https:\/\/aemas.com\/de\/wp-json\/wp\/v2\/media\/6577"}],"wp:attachment":[{"href":"https:\/\/aemas.com\/de\/wp-json\/wp\/v2\/media?parent=8165"}],"wp:term":[{"taxonomy":"category","embeddable":true,"href":"https:\/\/aemas.com\/de\/wp-json\/wp\/v2\/categories?post=8165"}],"curies":[{"name":"wp","href":"https:\/\/api.w.org\/{rel}","templated":true}]}}