{"id":8156,"date":"2023-01-11T07:52:31","date_gmt":"2023-01-11T06:52:31","guid":{"rendered":"https:\/\/aemas.com\/?post_type=product&#038;p=8156"},"modified":"2024-10-02T09:03:05","modified_gmt":"2024-10-02T07:03:05","slug":"asx-112fr","status":"publish","type":"product","link":"https:\/\/aemas.com\/de\/product\/asx-112fr\/","title":{"rendered":"ASX-112FR &#8211; Flowing Rinse Micro Autosampler (DE)"},"featured_media":6584,"template":"","meta":{"_acf_changed":false,"_seopress_robots_primary_cat":"none","_seopress_titles_title":"ASX-112FR - Mikroautosampler: Effizienter Probenwechsler - Aemas","_seopress_titles_desc":"Entdecken Sie den ASX-112FR Mikroautosampler, der f\u00fcr die optimale Verarbeitung kleiner Probenmengen entwickelt wurde. Einzigartige doppelte Sp\u00fclstation und S\u00e4urebest\u00e4ndigkeit. Flexible Rackoptionen und inerte Sonden f\u00fcr pr\u00e4zise und zuverl\u00e4ssige Probenverarbeitung.\u2003","_seopress_robots_index":""},"categories":[82,109,108,85,110,111],"class_list":["post-8156","product","type-product","status-publish","has-post-thumbnail","hentry","category-automation-de","category-biological-and-life-sciences-de","category-mining-and-geological-de","category-petrochemical-de","category-sample-intro-de","category-semiconductors-de"],"acf":[],"_links":{"self":[{"href":"https:\/\/aemas.com\/de\/wp-json\/wp\/v2\/product\/8156","targetHints":{"allow":["GET"]}}],"collection":[{"href":"https:\/\/aemas.com\/de\/wp-json\/wp\/v2\/product"}],"about":[{"href":"https:\/\/aemas.com\/de\/wp-json\/wp\/v2\/types\/product"}],"version-history":[{"count":4,"href":"https:\/\/aemas.com\/de\/wp-json\/wp\/v2\/product\/8156\/revisions"}],"predecessor-version":[{"id":10723,"href":"https:\/\/aemas.com\/de\/wp-json\/wp\/v2\/product\/8156\/revisions\/10723"}],"wp:featuredmedia":[{"embeddable":true,"href":"https:\/\/aemas.com\/de\/wp-json\/wp\/v2\/media\/6584"}],"wp:attachment":[{"href":"https:\/\/aemas.com\/de\/wp-json\/wp\/v2\/media?parent=8156"}],"wp:term":[{"taxonomy":"category","embeddable":true,"href":"https:\/\/aemas.com\/de\/wp-json\/wp\/v2\/categories?post=8156"}],"curies":[{"name":"wp","href":"https:\/\/api.w.org\/{rel}","templated":true}]}}