{"id":8151,"date":"2023-06-13T16:47:44","date_gmt":"2023-06-13T14:47:44","guid":{"rendered":"https:\/\/aemas.com\/?post_type=product&#038;p=8151"},"modified":"2023-10-10T14:34:59","modified_gmt":"2023-10-10T12:34:59","slug":"atomx-xyz","status":"publish","type":"product","link":"https:\/\/aemas.com\/de\/product\/atomx-xyz\/","title":{"rendered":"Atomx XYZ &#8211; Purge and Trap"},"featured_media":6519,"template":"","meta":{"_acf_changed":false,"_seopress_robots_primary_cat":"","_seopress_titles_title":"Atomx XYZ - Fortgeschrittenes Purge &amp; Trap-System | Aemas","_seopress_titles_desc":"Entdecken Sie den Atomx XYZ, ein vollst\u00e4ndiges Probenaufbereitungssystem auf der Basis von Purge &amp; Trap f\u00fcr Boden- und Wasserproben. Erf\u00fcllt verschiedene Methoden wie USEPA 5035.\u2003","_seopress_robots_index":""},"categories":[83,84,85,86],"class_list":["post-8151","product","type-product","status-publish","has-post-thumbnail","hentry","category-environmental-de","category-food-and-beverage-de","category-petrochemical-de","category-voc-analyzers-de"],"acf":[],"_links":{"self":[{"href":"https:\/\/aemas.com\/de\/wp-json\/wp\/v2\/product\/8151","targetHints":{"allow":["GET"]}}],"collection":[{"href":"https:\/\/aemas.com\/de\/wp-json\/wp\/v2\/product"}],"about":[{"href":"https:\/\/aemas.com\/de\/wp-json\/wp\/v2\/types\/product"}],"version-history":[{"count":3,"href":"https:\/\/aemas.com\/de\/wp-json\/wp\/v2\/product\/8151\/revisions"}],"predecessor-version":[{"id":8223,"href":"https:\/\/aemas.com\/de\/wp-json\/wp\/v2\/product\/8151\/revisions\/8223"}],"wp:featuredmedia":[{"embeddable":true,"href":"https:\/\/aemas.com\/de\/wp-json\/wp\/v2\/media\/6519"}],"wp:attachment":[{"href":"https:\/\/aemas.com\/de\/wp-json\/wp\/v2\/media?parent=8151"}],"wp:term":[{"taxonomy":"category","embeddable":true,"href":"https:\/\/aemas.com\/de\/wp-json\/wp\/v2\/categories?post=8151"}],"curies":[{"name":"wp","href":"https:\/\/api.w.org\/{rel}","templated":true}]}}