{"id":8146,"date":"2023-06-14T07:52:49","date_gmt":"2023-06-14T05:52:49","guid":{"rendered":"https:\/\/aemas.com\/?post_type=product&#038;p=8146"},"modified":"2023-11-29T14:07:51","modified_gmt":"2023-11-29T13:07:51","slug":"enc-dc-series","status":"publish","type":"product","link":"https:\/\/aemas.com\/de\/product\/enc-dc-series\/","title":{"rendered":"ENC DC Series &#8211; Autosampler Enclosures (DE)"},"featured_media":6583,"template":"","meta":{"_acf_changed":false,"_seopress_robots_primary_cat":"","_seopress_titles_title":"ENC DC - Autosampler-Geh\u00e4use | Aemas","_seopress_titles_desc":"Entdecken Sie die ENC DC-Geh\u00e4use, die f\u00fcr jedes Labor geeignet sind. Passen Sie die Konfiguration f\u00fcr optimale Bel\u00fcftung an. Kompatibel mit verschiedenen Autosampler-Modellen.\u2003","_seopress_robots_index":""},"categories":[82,109,83,84,106,108,88,111],"class_list":["post-8146","product","type-product","status-publish","has-post-thumbnail","hentry","category-automation-de","category-biological-and-life-sciences-de","category-environmental-de","category-food-and-beverage-de","category-heavy-metal-analysis-de","category-mining-and-geological-de","category-pharmaceutical-de","category-semiconductors-de"],"acf":[],"_links":{"self":[{"href":"https:\/\/aemas.com\/de\/wp-json\/wp\/v2\/product\/8146","targetHints":{"allow":["GET"]}}],"collection":[{"href":"https:\/\/aemas.com\/de\/wp-json\/wp\/v2\/product"}],"about":[{"href":"https:\/\/aemas.com\/de\/wp-json\/wp\/v2\/types\/product"}],"version-history":[{"count":4,"href":"https:\/\/aemas.com\/de\/wp-json\/wp\/v2\/product\/8146\/revisions"}],"predecessor-version":[{"id":9114,"href":"https:\/\/aemas.com\/de\/wp-json\/wp\/v2\/product\/8146\/revisions\/9114"}],"wp:featuredmedia":[{"embeddable":true,"href":"https:\/\/aemas.com\/de\/wp-json\/wp\/v2\/media\/6583"}],"wp:attachment":[{"href":"https:\/\/aemas.com\/de\/wp-json\/wp\/v2\/media?parent=8146"}],"wp:term":[{"taxonomy":"category","embeddable":true,"href":"https:\/\/aemas.com\/de\/wp-json\/wp\/v2\/categories?post=8146"}],"curies":[{"name":"wp","href":"https:\/\/api.w.org\/{rel}","templated":true}]}}