{"id":8141,"date":"2023-06-14T07:53:59","date_gmt":"2023-06-14T05:53:59","guid":{"rendered":"https:\/\/aemas.com\/?post_type=product&#038;p=8141"},"modified":"2023-11-29T14:07:36","modified_gmt":"2023-11-29T13:07:36","slug":"aridus3","status":"publish","type":"product","link":"https:\/\/aemas.com\/de\/product\/aridus3\/","title":{"rendered":"Aridus3 &#8211; Desolvating Nebulizer System (DE)"},"featured_media":6581,"template":"","meta":{"_acf_changed":false,"_seopress_robots_primary_cat":"","_seopress_titles_title":"Teledyne CETAC Aridus3: Verbesserte Probenzuf\u00fchrung | Aemas","_seopress_titles_desc":"Entdecken Sie die Vorteile des Teledyne CETAC Aridus3-Verneblers, darunter verbesserte analytische Empfindlichkeit, Aufnahmeraten f\u00fcr kleine Probenvolumina, S\u00e4urebest\u00e4ndigkeit und mehr.\u2003","_seopress_robots_index":""},"categories":[109,108,85,110,111],"class_list":["post-8141","product","type-product","status-publish","has-post-thumbnail","hentry","category-biological-and-life-sciences-de","category-mining-and-geological-de","category-petrochemical-de","category-sample-intro-de","category-semiconductors-de"],"acf":[],"_links":{"self":[{"href":"https:\/\/aemas.com\/de\/wp-json\/wp\/v2\/product\/8141","targetHints":{"allow":["GET"]}}],"collection":[{"href":"https:\/\/aemas.com\/de\/wp-json\/wp\/v2\/product"}],"about":[{"href":"https:\/\/aemas.com\/de\/wp-json\/wp\/v2\/types\/product"}],"version-history":[{"count":4,"href":"https:\/\/aemas.com\/de\/wp-json\/wp\/v2\/product\/8141\/revisions"}],"predecessor-version":[{"id":9112,"href":"https:\/\/aemas.com\/de\/wp-json\/wp\/v2\/product\/8141\/revisions\/9112"}],"wp:featuredmedia":[{"embeddable":true,"href":"https:\/\/aemas.com\/de\/wp-json\/wp\/v2\/media\/6581"}],"wp:attachment":[{"href":"https:\/\/aemas.com\/de\/wp-json\/wp\/v2\/media?parent=8141"}],"wp:term":[{"taxonomy":"category","embeddable":true,"href":"https:\/\/aemas.com\/de\/wp-json\/wp\/v2\/categories?post=8141"}],"curies":[{"name":"wp","href":"https:\/\/api.w.org\/{rel}","templated":true}]}}