{"id":8124,"date":"2023-10-14T07:58:40","date_gmt":"2023-10-14T05:58:40","guid":{"rendered":"https:\/\/aemas.com\/?post_type=product&#038;p=8124"},"modified":"2023-11-29T14:09:34","modified_gmt":"2023-11-29T13:09:34","slug":"m7600","status":"publish","type":"product","link":"https:\/\/aemas.com\/de\/product\/m7600\/","title":{"rendered":"M-7600 &#8211; CVAA (DE)"},"featured_media":6554,"template":"","meta":{"_acf_changed":false,"_seopress_robots_primary_cat":"","_seopress_titles_title":"QuickTrace\u00ae M-7600: Ultraschnelle CVAA-Quecksilberanalyse | Aemas","_seopress_titles_desc":"Entdecken Sie den QuickTrace\u00ae M-7600 Quecksilberanalysator mit ultraschneller Datenerfassung f\u00fcr verschiedene Proben, von Wasser bis zu biologischem Gewebe. Wechseln Sie m\u00fchelos zwischen hohen und niedrigen Konzentrationen. Zuverl\u00e4ssigkeit und Flexibilit\u00e4t in einem System.\u2003\r\n\r\n","_seopress_robots_index":""},"categories":[83,84,106,107,108],"class_list":["post-8124","product","type-product","status-publish","has-post-thumbnail","hentry","category-environmental-de","category-food-and-beverage-de","category-heavy-metal-analysis-de","category-mercury-analyzers-de","category-mining-and-geological-de"],"acf":[],"_links":{"self":[{"href":"https:\/\/aemas.com\/de\/wp-json\/wp\/v2\/product\/8124","targetHints":{"allow":["GET"]}}],"collection":[{"href":"https:\/\/aemas.com\/de\/wp-json\/wp\/v2\/product"}],"about":[{"href":"https:\/\/aemas.com\/de\/wp-json\/wp\/v2\/types\/product"}],"version-history":[{"count":6,"href":"https:\/\/aemas.com\/de\/wp-json\/wp\/v2\/product\/8124\/revisions"}],"predecessor-version":[{"id":9106,"href":"https:\/\/aemas.com\/de\/wp-json\/wp\/v2\/product\/8124\/revisions\/9106"}],"wp:featuredmedia":[{"embeddable":true,"href":"https:\/\/aemas.com\/de\/wp-json\/wp\/v2\/media\/6554"}],"wp:attachment":[{"href":"https:\/\/aemas.com\/de\/wp-json\/wp\/v2\/media?parent=8124"}],"wp:term":[{"taxonomy":"category","embeddable":true,"href":"https:\/\/aemas.com\/de\/wp-json\/wp\/v2\/categories?post=8124"}],"curies":[{"name":"wp","href":"https:\/\/api.w.org\/{rel}","templated":true}]}}