{"id":8119,"date":"2023-09-14T07:59:03","date_gmt":"2023-09-14T05:59:03","guid":{"rendered":"https:\/\/aemas.com\/?post_type=product&#038;p=8119"},"modified":"2023-11-29T14:06:46","modified_gmt":"2023-11-29T13:06:46","slug":"m8000","status":"publish","type":"product","link":"https:\/\/aemas.com\/de\/product\/m8000\/","title":{"rendered":"M-8000 &#8211; CVAF (DE)"},"featured_media":6552,"template":"","meta":{"_acf_changed":false,"_seopress_robots_primary_cat":"","_seopress_titles_title":"QuickTrace\u00ae M-8000: CVAF- Quecksilberanalyse | Aemas","_seopress_titles_desc":"Entdecken Sie den QuickTrace\u00ae M-8000 Quecksilberanalysator mit drei Messmethoden f\u00fcr pr\u00e4zise Analysen. Wechseln Sie m\u00fchelos zwischen Ultraspurenanalysen und Analysen im niedrigen mg\/L-Bereich. Sparen Sie Zeit und Geld mit innovativen Funktionen.\u2003","_seopress_robots_index":""},"categories":[83,84,106,107],"class_list":["post-8119","product","type-product","status-publish","has-post-thumbnail","hentry","category-environmental-de","category-food-and-beverage-de","category-heavy-metal-analysis-de","category-mercury-analyzers-de"],"acf":[],"_links":{"self":[{"href":"https:\/\/aemas.com\/de\/wp-json\/wp\/v2\/product\/8119","targetHints":{"allow":["GET"]}}],"collection":[{"href":"https:\/\/aemas.com\/de\/wp-json\/wp\/v2\/product"}],"about":[{"href":"https:\/\/aemas.com\/de\/wp-json\/wp\/v2\/types\/product"}],"version-history":[{"count":5,"href":"https:\/\/aemas.com\/de\/wp-json\/wp\/v2\/product\/8119\/revisions"}],"predecessor-version":[{"id":9107,"href":"https:\/\/aemas.com\/de\/wp-json\/wp\/v2\/product\/8119\/revisions\/9107"}],"wp:featuredmedia":[{"embeddable":true,"href":"https:\/\/aemas.com\/de\/wp-json\/wp\/v2\/media\/6552"}],"wp:attachment":[{"href":"https:\/\/aemas.com\/de\/wp-json\/wp\/v2\/media?parent=8119"}],"wp:term":[{"taxonomy":"category","embeddable":true,"href":"https:\/\/aemas.com\/de\/wp-json\/wp\/v2\/categories?post=8119"}],"curies":[{"name":"wp","href":"https:\/\/api.w.org\/{rel}","templated":true}]}}