{"id":8112,"date":"2023-06-14T07:59:24","date_gmt":"2023-06-14T05:59:24","guid":{"rendered":"https:\/\/aemas.com\/?post_type=product&#038;p=8112"},"modified":"2023-11-29T14:07:43","modified_gmt":"2023-11-29T13:07:43","slug":"fusion-uv-persulfate","status":"publish","type":"product","link":"https:\/\/aemas.com\/de\/product\/fusion-uv-persulfate\/","title":{"rendered":"Fusion UV\/Persulfate (DE)"},"featured_media":6549,"template":"","meta":{"_acf_changed":false,"_seopress_robots_primary_cat":"","_seopress_titles_title":"Fusion - TOC-Analysator: Pr\u00e4zise Kohlenstoffmessung | Aemas","_seopress_titles_desc":"Der Fusion TOC-Analysator, entwickelt f\u00fcr pr\u00e4zise Kohlenstoffmessungen in w\u00e4ssrigen L\u00f6sungen. Mit vier Modi und fortschrittlicher NPOC-Technologie f\u00fcr herausragende Ergebnisse.\u2003\r\n\r\n","_seopress_robots_index":""},"categories":[83,84,85,88,90],"class_list":["post-8112","product","type-product","status-publish","has-post-thumbnail","hentry","category-environmental-de","category-food-and-beverage-de","category-petrochemical-de","category-pharmaceutical-de","category-toc-analyzers-de"],"acf":[],"_links":{"self":[{"href":"https:\/\/aemas.com\/de\/wp-json\/wp\/v2\/product\/8112","targetHints":{"allow":["GET"]}}],"collection":[{"href":"https:\/\/aemas.com\/de\/wp-json\/wp\/v2\/product"}],"about":[{"href":"https:\/\/aemas.com\/de\/wp-json\/wp\/v2\/types\/product"}],"version-history":[{"count":4,"href":"https:\/\/aemas.com\/de\/wp-json\/wp\/v2\/product\/8112\/revisions"}],"predecessor-version":[{"id":9113,"href":"https:\/\/aemas.com\/de\/wp-json\/wp\/v2\/product\/8112\/revisions\/9113"}],"wp:featuredmedia":[{"embeddable":true,"href":"https:\/\/aemas.com\/de\/wp-json\/wp\/v2\/media\/6549"}],"wp:attachment":[{"href":"https:\/\/aemas.com\/de\/wp-json\/wp\/v2\/media?parent=8112"}],"wp:term":[{"taxonomy":"category","embeddable":true,"href":"https:\/\/aemas.com\/de\/wp-json\/wp\/v2\/categories?post=8112"}],"curies":[{"name":"wp","href":"https:\/\/api.w.org\/{rel}","templated":true}]}}