{"id":9866,"date":"2023-12-06T16:25:42","date_gmt":"2023-12-06T15:25:42","guid":{"rendered":"https:\/\/aemas.com\/?page_id=9866"},"modified":"2024-03-28T16:27:52","modified_gmt":"2024-03-28T15:27:52","slug":"teledyne-hanson","status":"publish","type":"page","link":"https:\/\/aemas.com\/de\/teledyne-hanson\/","title":{"rendered":"Teledyne Hanson"},"content":{"rendered":"\t\t<div data-elementor-type=\"wp-page\" data-elementor-id=\"9866\" class=\"elementor elementor-9866 elementor-9138\" data-elementor-post-type=\"page\">\n\t\t\t\t\t\t<section class=\"elementor-section elementor-top-section elementor-element elementor-element-dea72cb elementor-section-boxed elementor-section-height-default elementor-section-height-default\" data-id=\"dea72cb\" data-element_type=\"section\" data-e-type=\"section\">\n\t\t\t\t\t\t<div class=\"elementor-container elementor-column-gap-default\">\n\t\t\t\t\t<div class=\"elementor-column elementor-col-100 elementor-top-column elementor-element elementor-element-99450ea\" data-id=\"99450ea\" data-element_type=\"column\" data-e-type=\"column\">\n\t\t\t<div class=\"elementor-widget-wrap elementor-element-populated\">\n\t\t\t\t\t\t<div class=\"elementor-element elementor-element-f03ac6b elementor-widget elementor-widget-spacer\" data-id=\"f03ac6b\" data-element_type=\"widget\" data-e-type=\"widget\" data-widget_type=\"spacer.default\">\n\t\t\t\t<div class=\"elementor-widget-container\">\n\t\t\t\t\t\t\t<div class=\"elementor-spacer\">\n\t\t\t<div class=\"elementor-spacer-inner\"><\/div>\n\t\t<\/div>\n\t\t\t\t\t\t<\/div>\n\t\t\t\t<\/div>\n\t\t\t\t<div class=\"elementor-element elementor-element-263dcb5 elementor-widget elementor-widget-heading\" data-id=\"263dcb5\" data-element_type=\"widget\" data-e-type=\"widget\" data-widget_type=\"heading.default\">\n\t\t\t\t<div class=\"elementor-widget-container\">\n\t\t\t\t\t<h1 class=\"elementor-heading-title elementor-size-xxl\">Teledyne Hanson<\/h1>\t\t\t\t<\/div>\n\t\t\t\t<\/div>\n\t\t\t\t<div class=\"elementor-element elementor-element-90bbaa1 elementor-widget__width-initial elementor-widget-divider--view-line elementor-widget elementor-widget-divider\" data-id=\"90bbaa1\" data-element_type=\"widget\" data-e-type=\"widget\" data-widget_type=\"divider.default\">\n\t\t\t\t<div class=\"elementor-widget-container\">\n\t\t\t\t\t\t\t<div class=\"elementor-divider\">\n\t\t\t<span class=\"elementor-divider-separator\">\n\t\t\t\t\t\t<\/span>\n\t\t<\/div>\n\t\t\t\t\t\t<\/div>\n\t\t\t\t<\/div>\n\t\t\t\t\t<\/div>\n\t\t<\/div>\n\t\t\t\t\t<\/div>\n\t\t<\/section>\n\t\t\t\t<section class=\"elementor-section elementor-top-section elementor-element elementor-element-3818ea6 elementor-section-boxed elementor-section-height-default elementor-section-height-default\" data-id=\"3818ea6\" data-element_type=\"section\" data-e-type=\"section\">\n\t\t\t\t\t\t<div class=\"elementor-container elementor-column-gap-default\">\n\t\t\t\t\t<div class=\"elementor-column elementor-col-66 elementor-top-column elementor-element elementor-element-4252d28\" data-id=\"4252d28\" data-element_type=\"column\" data-e-type=\"column\">\n\t\t\t<div class=\"elementor-widget-wrap elementor-element-populated\">\n\t\t\t\t\t\t<div class=\"elementor-element elementor-element-d67e432 elementor-widget elementor-widget-text-editor\" data-id=\"d67e432\" data-element_type=\"widget\" data-e-type=\"widget\" data-widget_type=\"text-editor.default\">\n\t\t\t\t<div class=\"elementor-widget-container\">\n\t\t\t\t\t\t\t\t\t<p>Teledyne Hanson, ein prominenter Name auf dem Gebiet der pharmazeutischen Instrumentierung, ist bestrebt, Exzellenz bei der Gestaltung und Herstellung modernster Instrumente f\u00fcr L\u00f6sungstests und Diffusionstests zu erreichen. Nach der \u00dcbernahme durch Teledyne Instruments im Dezember 2016 kombiniert Teledyne Hanson nahtlos sein Erbe von Pr\u00e4zision und Leistung mit den Ressourcen von Teledyne Instruments, um der pharmazeutischen Industrie unvergleichliche L\u00f6sungen zu bieten.<\/p><p>Erleben Sie den Unterschied mit den modernen Instrumenten von Teledyne Hanson.<\/p>\t\t\t\t\t\t\t\t<\/div>\n\t\t\t\t<\/div>\n\t\t\t\t<div class=\"elementor-element elementor-element-4718ee0 elementor-widget elementor-widget-button\" data-id=\"4718ee0\" data-element_type=\"widget\" data-e-type=\"widget\" data-widget_type=\"button.default\">\n\t\t\t\t<div class=\"elementor-widget-container\">\n\t\t\t\t\t\t\t\t\t<div class=\"elementor-button-wrapper\">\n\t\t\t\t\t<a class=\"elementor-button elementor-button-link elementor-size-sm\" href=\"https:\/\/www.teledynehanson.com\/\" target=\"_blank\">\n\t\t\t\t\t\t<span class=\"elementor-button-content-wrapper\">\n\t\t\t\t\t\t\t\t\t<span class=\"elementor-button-text\">Lieferanten besuchen<\/span>\n\t\t\t\t\t<\/span>\n\t\t\t\t\t<\/a>\n\t\t\t\t<\/div>\n\t\t\t\t\t\t\t\t<\/div>\n\t\t\t\t<\/div>\n\t\t\t\t\t<\/div>\n\t\t<\/div>\n\t\t\t\t<div class=\"elementor-column elementor-col-33 elementor-top-column elementor-element elementor-element-8da07dc\" data-id=\"8da07dc\" data-element_type=\"column\" data-e-type=\"column\">\n\t\t\t<div class=\"elementor-widget-wrap elementor-element-populated\">\n\t\t\t\t\t\t<div class=\"elementor-element elementor-element-453993e elementor-widget__width-initial elementor-widget elementor-widget-image\" data-id=\"453993e\" data-element_type=\"widget\" data-e-type=\"widget\" data-widget_type=\"image.default\">\n\t\t\t\t<div class=\"elementor-widget-container\">\n\t\t\t\t\t\t\t\t\t\t\t\t\t\t\t<img alt=\"\" decoding=\"async\" width=\"304\" height=\"73\" src=\"https:\/\/aemas.com\/wp-content\/uploads\/Teledyne-Hanson-logo-low-quality.png\" class=\"attachment-large size-large wp-image-9168\" alt=\"\" srcset=\"https:\/\/aemas.com\/wp-content\/uploads\/Teledyne-Hanson-logo-low-quality.png 304w, https:\/\/aemas.com\/wp-content\/uploads\/Teledyne-Hanson-logo-low-quality-300x72.png 300w\" sizes=\"(max-width: 304px) 100vw, 304px\" \/>\t\t\t\t\t\t\t\t\t\t\t\t\t\t\t<\/div>\n\t\t\t\t<\/div>\n\t\t\t\t\t<\/div>\n\t\t<\/div>\n\t\t\t\t\t<\/div>\n\t\t<\/section>\n\t\t\t\t<section class=\"elementor-section elementor-top-section elementor-element elementor-element-01fdbb0 elementor-section-boxed elementor-section-height-default elementor-section-height-default\" data-id=\"01fdbb0\" data-element_type=\"section\" data-e-type=\"section\">\n\t\t\t\t\t\t<div class=\"elementor-container elementor-column-gap-default\">\n\t\t\t\t\t<div class=\"elementor-column elementor-col-100 elementor-top-column elementor-element elementor-element-d3bcaca\" data-id=\"d3bcaca\" data-element_type=\"column\" data-e-type=\"column\">\n\t\t\t<div class=\"elementor-widget-wrap elementor-element-populated\">\n\t\t\t\t\t\t<div class=\"elementor-element elementor-element-57ee516 elementor-widget elementor-widget-heading\" data-id=\"57ee516\" data-element_type=\"widget\" data-e-type=\"widget\" data-widget_type=\"heading.default\">\n\t\t\t\t<div class=\"elementor-widget-container\">\n\t\t\t\t\t<h2 class=\"elementor-heading-title elementor-size-xl\">\u00dcber Hanson<\/h2>\t\t\t\t<\/div>\n\t\t\t\t<\/div>\n\t\t\t\t<div class=\"elementor-element elementor-element-b668ad3 elementor-widget__width-initial elementor-widget-divider--view-line elementor-widget elementor-widget-divider\" data-id=\"b668ad3\" data-element_type=\"widget\" data-e-type=\"widget\" data-widget_type=\"divider.default\">\n\t\t\t\t<div class=\"elementor-widget-container\">\n\t\t\t\t\t\t\t<div class=\"elementor-divider\">\n\t\t\t<span class=\"elementor-divider-separator\">\n\t\t\t\t\t\t<\/span>\n\t\t<\/div>\n\t\t\t\t\t\t<\/div>\n\t\t\t\t<\/div>\n\t\t\t\t\t<\/div>\n\t\t<\/div>\n\t\t\t\t\t<\/div>\n\t\t<\/section>\n\t\t\t\t<section class=\"elementor-section elementor-top-section elementor-element elementor-element-42e8eb3 elementor-section-boxed elementor-section-height-default elementor-section-height-default\" data-id=\"42e8eb3\" data-element_type=\"section\" data-e-type=\"section\">\n\t\t\t\t\t\t<div class=\"elementor-container elementor-column-gap-default\">\n\t\t\t\t\t<div class=\"elementor-column elementor-col-50 elementor-top-column elementor-element elementor-element-c206df2\" data-id=\"c206df2\" data-element_type=\"column\" data-e-type=\"column\">\n\t\t\t<div class=\"elementor-widget-wrap elementor-element-populated\">\n\t\t\t\t\t\t<div class=\"elementor-element elementor-element-e0ae5a6 elementor-widget elementor-widget-image\" data-id=\"e0ae5a6\" data-element_type=\"widget\" data-e-type=\"widget\" data-widget_type=\"image.default\">\n\t\t\t\t<div class=\"elementor-widget-container\">\n\t\t\t\t\t\t\t\t\t\t\t\t\t\t\t<img alt=\"\" fetchpriority=\"high\" decoding=\"async\" width=\"800\" height=\"266\" src=\"https:\/\/aemas.com\/wp-content\/uploads\/Hanson-building-1024x340.png\" class=\"attachment-large size-large wp-image-9572\" alt=\"\" srcset=\"https:\/\/aemas.com\/wp-content\/uploads\/Hanson-building-1024x340.png 1024w, https:\/\/aemas.com\/wp-content\/uploads\/Hanson-building-300x100.png 300w, https:\/\/aemas.com\/wp-content\/uploads\/Hanson-building-768x255.png 768w, https:\/\/aemas.com\/wp-content\/uploads\/Hanson-building-1536x510.png 1536w, https:\/\/aemas.com\/wp-content\/uploads\/Hanson-building-2048x680.png 2048w\" sizes=\"(max-width: 800px) 100vw, 800px\" \/>\t\t\t\t\t\t\t\t\t\t\t\t\t\t\t<\/div>\n\t\t\t\t<\/div>\n\t\t\t\t\t<\/div>\n\t\t<\/div>\n\t\t\t\t<div class=\"elementor-column elementor-col-50 elementor-top-column elementor-element elementor-element-c6e3b02\" data-id=\"c6e3b02\" data-element_type=\"column\" data-e-type=\"column\" data-settings=\"{&quot;background_background&quot;:&quot;classic&quot;}\">\n\t\t\t<div class=\"elementor-widget-wrap elementor-element-populated\">\n\t\t\t\t\t\t<div class=\"elementor-element elementor-element-183a471 elementor-widget elementor-widget-text-editor\" data-id=\"183a471\" data-element_type=\"widget\" data-e-type=\"widget\" data-widget_type=\"text-editor.default\">\n\t\t\t\t<div class=\"elementor-widget-container\">\n\t\t\t\t\t\t\t\t\t<p>Hanson Research gilt als eine bahnbrechende Kraft in der pharmazeutischen Industrie, die sich auf die Gestaltung und Herstellung von Instrumenten f\u00fcr L\u00f6sungstests und Diffusionstests spezialisiert hat. Das Unternehmen wurde 1951 von Dr. William A. (&#8222;Bill&#8220;) Hanson gegr\u00fcndet und hat eine reiche Geschichte von Innovationen und Beitr\u00e4gen zur pharmazeutischen Forschung und Entwicklung.<\/p><p>Im Jahr 1969 erreichte Hanson Research einen Meilenstein, indem es die weltweit ersten Sechsfach-Dissolutionstester einf\u00fchrte und so einen neuen Standard f\u00fcr Pr\u00e4zision und Zuverl\u00e4ssigkeit in pharmazeutischen Laboren setzte. Dr. Hansons Engagement f\u00fcr die Weiterentwicklung pharmazeutischer Tests f\u00fchrte 1975 zur Entwicklung des Dissographen, was den Beginn des ersten vollautomatischen L\u00f6sungstestsystems markierte.<\/p><p>Die Diffusionstestlinie bei Hanson Research konzentriert sich auf transdermale Arzneimittelformulierungen, wobei die innovative vertikale Diffusionszelle, eine modifizierte Franz-Zelle, den Weg ebnet. Diese bahnbrechende Technologie wurde zu einem integralen Bestandteil des United States Pharmacopoeia (USP) als &#8222;Apparatus A&#8220;. Hansons Streben nach Exzellenz setzte sich mit der Ver\u00f6ffentlichung des automatisierten Diffusionstestsystems Microette\u2122 im Jahr 2000 und einem fortgeschrittenen Design im Jahr 2014 fort.<\/p>\t\t\t\t\t\t\t\t<\/div>\n\t\t\t\t<\/div>\n\t\t\t\t\t<\/div>\n\t\t<\/div>\n\t\t\t\t\t<\/div>\n\t\t<\/section>\n\t\t\t\t<\/div>\n\t\t","protected":false},"excerpt":{"rendered":"<p>Teledyne Hanson Teledyne Hanson, ein prominenter Name auf dem Gebiet der pharmazeutischen Instrumentierung, ist bestrebt, Exzellenz bei der Gestaltung und Herstellung modernster Instrumente f\u00fcr L\u00f6sungstests und Diffusionstests zu erreichen. Nach der \u00dcbernahme durch Teledyne Instruments im Dezember 2016 kombiniert Teledyne Hanson nahtlos sein Erbe von Pr\u00e4zision und Leistung mit den Ressourcen von Teledyne Instruments, um [&hellip;]<\/p>\n","protected":false},"author":9,"featured_media":0,"parent":0,"menu_order":0,"comment_status":"closed","ping_status":"closed","template":"elementor_header_footer","meta":{"_acf_changed":false,"_seopress_robots_primary_cat":"","_seopress_titles_title":"","_seopress_titles_desc":"","_seopress_robots_index":"","footnotes":""},"class_list":["post-9866","page","type-page","status-publish","hentry"],"acf":[],"_links":{"self":[{"href":"https:\/\/aemas.com\/de\/wp-json\/wp\/v2\/pages\/9866","targetHints":{"allow":["GET"]}}],"collection":[{"href":"https:\/\/aemas.com\/de\/wp-json\/wp\/v2\/pages"}],"about":[{"href":"https:\/\/aemas.com\/de\/wp-json\/wp\/v2\/types\/page"}],"author":[{"embeddable":true,"href":"https:\/\/aemas.com\/de\/wp-json\/wp\/v2\/users\/9"}],"replies":[{"embeddable":true,"href":"https:\/\/aemas.com\/de\/wp-json\/wp\/v2\/comments?post=9866"}],"version-history":[{"count":12,"href":"https:\/\/aemas.com\/de\/wp-json\/wp\/v2\/pages\/9866\/revisions"}],"predecessor-version":[{"id":9960,"href":"https:\/\/aemas.com\/de\/wp-json\/wp\/v2\/pages\/9866\/revisions\/9960"}],"wp:attachment":[{"href":"https:\/\/aemas.com\/de\/wp-json\/wp\/v2\/media?parent=9866"}],"curies":[{"name":"wp","href":"https:\/\/api.w.org\/{rel}","templated":true}]}}