{"id":6970,"date":"2023-06-14T08:22:45","date_gmt":"2023-06-14T06:22:45","guid":{"rendered":"https:\/\/aemas.com\/toc-analyzers\/"},"modified":"2023-09-20T09:11:04","modified_gmt":"2023-09-20T07:11:04","slug":"toc-analysatoren","status":"publish","type":"page","link":"https:\/\/aemas.com\/de\/toc-analysatoren\/","title":{"rendered":"Totaler organischer Kohlenstoff (TOC) Analysatoren"},"content":{"rendered":"\t\t<div data-elementor-type=\"wp-page\" data-elementor-id=\"6970\" class=\"elementor elementor-6970 elementor-3796\" data-elementor-post-type=\"page\">\n\t\t\t\t\t\t<section class=\"elementor-section elementor-top-section elementor-element elementor-element-4b6919b elementor-section-boxed elementor-section-height-default elementor-section-height-default\" data-id=\"4b6919b\" data-element_type=\"section\" data-e-type=\"section\">\n\t\t\t\t\t\t<div class=\"elementor-container elementor-column-gap-default\">\n\t\t\t\t\t<div class=\"elementor-column elementor-col-100 elementor-top-column elementor-element elementor-element-e0b673e\" data-id=\"e0b673e\" data-element_type=\"column\" data-e-type=\"column\">\n\t\t\t<div class=\"elementor-widget-wrap elementor-element-populated\">\n\t\t\t\t\t\t<div class=\"elementor-element elementor-element-b83dffe elementor-widget elementor-widget-spacer\" data-id=\"b83dffe\" data-element_type=\"widget\" data-e-type=\"widget\" data-widget_type=\"spacer.default\">\n\t\t\t\t<div class=\"elementor-widget-container\">\n\t\t\t\t\t\t\t<div class=\"elementor-spacer\">\n\t\t\t<div class=\"elementor-spacer-inner\"><\/div>\n\t\t<\/div>\n\t\t\t\t\t\t<\/div>\n\t\t\t\t<\/div>\n\t\t\t\t<div class=\"elementor-element elementor-element-24c3657 elementor-widget elementor-widget-shortcode\" data-id=\"24c3657\" data-element_type=\"widget\" data-e-type=\"widget\" data-widget_type=\"shortcode.default\">\n\t\t\t\t<div class=\"elementor-widget-container\">\n\t\t\t\t\t\t\t<div class=\"elementor-shortcode\"><nav  aria-label=\"Brotkr\u00fcmel\"><ol class=\"breadcrumb\" itemscope itemtype=\"https:\/\/schema.org\/BreadcrumbList\"><li class=\"breadcrumb-item active\" aria-current=\"page\" itemprop=\"itemListElement\" itemscope itemtype=\"https:\/\/schema.org\/ListItem\"><span itemprop=\"name\">Home<\/span><meta itemprop=\"position\" content=\"1\"><\/li><\/ol><\/nav>\n<\/div>\n\t\t\t\t\t\t<\/div>\n\t\t\t\t<\/div>\n\t\t\t\t<div class=\"elementor-element elementor-element-2fff796 elementor-widget elementor-widget-heading\" data-id=\"2fff796\" data-element_type=\"widget\" data-e-type=\"widget\" data-widget_type=\"heading.default\">\n\t\t\t\t<div class=\"elementor-widget-container\">\n\t\t\t\t\t<h1 class=\"elementor-heading-title elementor-size-xxl\"><span>Totaler organischer Kohlenstoff (TOC) Analysatoren<\/span>\n<\/h1>\t\t\t\t<\/div>\n\t\t\t\t<\/div>\n\t\t\t\t<div class=\"elementor-element elementor-element-846d2bb elementor-widget-divider--view-line elementor-widget elementor-widget-divider\" data-id=\"846d2bb\" data-element_type=\"widget\" data-e-type=\"widget\" data-widget_type=\"divider.default\">\n\t\t\t\t<div class=\"elementor-widget-container\">\n\t\t\t\t\t\t\t<div class=\"elementor-divider\">\n\t\t\t<span class=\"elementor-divider-separator\">\n\t\t\t\t\t\t<\/span>\n\t\t<\/div>\n\t\t\t\t\t\t<\/div>\n\t\t\t\t<\/div>\n\t\t\t\t\t<\/div>\n\t\t<\/div>\n\t\t\t\t\t<\/div>\n\t\t<\/section>\n\t\t\t\t<section class=\"elementor-section elementor-top-section elementor-element elementor-element-53f054e elementor-section-height-min-height elementor-section-boxed elementor-section-height-default elementor-section-items-middle\" data-id=\"53f054e\" data-element_type=\"section\" data-e-type=\"section\" data-settings=\"{&quot;background_background&quot;:&quot;classic&quot;}\">\n\t\t\t\t\t\t<div class=\"elementor-container elementor-column-gap-default\">\n\t\t\t\t\t<div class=\"elementor-column elementor-col-50 elementor-top-column elementor-element elementor-element-434644e\" data-id=\"434644e\" data-element_type=\"column\" data-e-type=\"column\">\n\t\t\t<div class=\"elementor-widget-wrap elementor-element-populated\">\n\t\t\t\t\t\t<div class=\"elementor-element elementor-element-7a993db elementor-widget__width-initial elementor-widget elementor-widget-image\" data-id=\"7a993db\" data-element_type=\"widget\" data-e-type=\"widget\" data-widget_type=\"image.default\">\n\t\t\t\t<div class=\"elementor-widget-container\">\n\t\t\t\t\t\t\t\t\t\t\t\t\t\t\t<img fetchpriority=\"high\" decoding=\"async\" width=\"583\" height=\"411\" src=\"https:\/\/aemas.com\/wp-content\/uploads\/2023\/07\/1682353479105-crop.jpg\" class=\"attachment-large size-large wp-image-6620\" alt=\"TOC Analyzers\" srcset=\"https:\/\/aemas.com\/wp-content\/uploads\/2023\/07\/1682353479105-crop.jpg 583w, https:\/\/aemas.com\/wp-content\/uploads\/2023\/07\/1682353479105-crop-300x211.jpg 300w\" sizes=\"(max-width: 583px) 100vw, 583px\" \/>\t\t\t\t\t\t\t\t\t\t\t\t\t\t\t<\/div>\n\t\t\t\t<\/div>\n\t\t\t\t\t<\/div>\n\t\t<\/div>\n\t\t\t\t<div class=\"elementor-column elementor-col-50 elementor-top-column elementor-element elementor-element-d836466\" data-id=\"d836466\" data-element_type=\"column\" data-e-type=\"column\">\n\t\t\t<div class=\"elementor-widget-wrap elementor-element-populated\">\n\t\t\t\t\t\t<div class=\"elementor-element elementor-element-efde6dd elementor-widget elementor-widget-text-editor\" data-id=\"efde6dd\" data-element_type=\"widget\" data-e-type=\"widget\" data-widget_type=\"text-editor.default\">\n\t\t\t\t<div class=\"elementor-widget-container\">\n\t\t\t\t\t\t\t\t\t<p>Die Komplexit\u00e4t der heutigen Umweltprobleme und die strengen Anforderungen der Pharmaindustrie erfordern modernste, zuverl\u00e4ssige Technologie. Total Organic Carbon (TOC) Analyseger\u00e4te haben sich als Grundpfeiler jedes Labors erwiesen, das mit der Aufgabe betraut ist, den organischen Kohlenstoffgehalt in verschiedenen Proben zu messen. Bei Aemas sind wir stolz darauf, eine Auswahl der leistungsst\u00e4rksten TOC Analyseger\u00e4te der Branche anzubieten, die jeweils darauf ausgelegt sind, Ihre individuellen Anforderungen mit Pr\u00e4zision und Leichtigkeit zu erf\u00fcllen.<\/p>\t\t\t\t\t\t\t\t<\/div>\n\t\t\t\t<\/div>\n\t\t\t\t<div class=\"elementor-element elementor-element-c510494 elementor-widget elementor-widget-button\" data-id=\"c510494\" data-element_type=\"widget\" data-e-type=\"widget\" data-widget_type=\"button.default\">\n\t\t\t\t<div class=\"elementor-widget-container\">\n\t\t\t\t\t\t\t\t\t<div class=\"elementor-button-wrapper\">\n\t\t\t\t\t<a class=\"elementor-button elementor-button-link elementor-size-md\" href=\"https:\/\/aemas.com\/de\/kontakt\/\">\n\t\t\t\t\t\t<span class=\"elementor-button-content-wrapper\">\n\t\t\t\t\t\t\t\t\t<span class=\"elementor-button-text\">Kontaktieren Sie uns<\/span>\n\t\t\t\t\t<\/span>\n\t\t\t\t\t<\/a>\n\t\t\t\t<\/div>\n\t\t\t\t\t\t\t\t<\/div>\n\t\t\t\t<\/div>\n\t\t\t\t\t<\/div>\n\t\t<\/div>\n\t\t\t\t\t<\/div>\n\t\t<\/section>\n\t\t\t\t<section class=\"elementor-section elementor-top-section elementor-element elementor-element-7a863ca elementor-section-boxed elementor-section-height-default elementor-section-height-default\" data-id=\"7a863ca\" data-element_type=\"section\" data-e-type=\"section\">\n\t\t\t\t\t\t<div class=\"elementor-container elementor-column-gap-default\">\n\t\t\t\t\t<div class=\"elementor-column elementor-col-100 elementor-top-column elementor-element elementor-element-c20a2a4\" data-id=\"c20a2a4\" data-element_type=\"column\" data-e-type=\"column\">\n\t\t\t<div class=\"elementor-widget-wrap elementor-element-populated\">\n\t\t\t\t\t\t<div class=\"elementor-element elementor-element-75d8859 elementor-nav-menu--dropdown-tablet elementor-nav-menu__text-align-aside elementor-nav-menu--toggle elementor-nav-menu--burger elementor-widget elementor-widget-nav-menu\" data-id=\"75d8859\" data-element_type=\"widget\" data-e-type=\"widget\" data-settings=\"{&quot;layout&quot;:&quot;horizontal&quot;,&quot;submenu_icon&quot;:{&quot;value&quot;:&quot;&lt;i class=\\&quot;fas fa-caret-down\\&quot; aria-hidden=\\&quot;true\\&quot;&gt;&lt;\\\/i&gt;&quot;,&quot;library&quot;:&quot;fa-solid&quot;},&quot;toggle&quot;:&quot;burger&quot;}\" data-widget_type=\"nav-menu.default\">\n\t\t\t\t<div class=\"elementor-widget-container\">\n\t\t\t\t\t\t\t\t<nav aria-label=\"Men\u00fc\" class=\"elementor-nav-menu--main elementor-nav-menu__container elementor-nav-menu--layout-horizontal e--pointer-underline e--animation-fade\">\n\t\t\t\t<ul id=\"menu-1-75d8859\" class=\"elementor-nav-menu\"><li class=\"menu-item menu-item-type-custom menu-item-object-custom menu-item-7098\"><a href=\"https:\/\/aemas.com\/mercury-analyzers\/\" class=\"elementor-item\">Mercury Analyzers<\/a><\/li>\n<li class=\"menu-item menu-item-type-custom menu-item-object-custom menu-item-7099\"><a href=\"https:\/\/aemas.com\/toc-analyzers\/\" class=\"elementor-item\">TOC Analyzers<\/a><\/li>\n<li class=\"menu-item menu-item-type-custom menu-item-object-custom menu-item-7100\"><a href=\"https:\/\/aemas.com\/voc-instruments\/\" class=\"elementor-item\">VOC Analyzers<\/a><\/li>\n<li class=\"menu-item menu-item-type-custom menu-item-object-custom menu-item-7101\"><a href=\"https:\/\/aemas.com\/automation\/\" class=\"elementor-item\">Automation<\/a><\/li>\n<li class=\"menu-item menu-item-type-custom menu-item-object-custom menu-item-7102\"><a href=\"https:\/\/aemas.com\/Sample-introduction\/\" class=\"elementor-item\">Sample Introduction<\/a><\/li>\n<li class=\"menu-item menu-item-type-custom menu-item-object-custom menu-item-7103\"><a href=\"https:\/\/aemas.com\/sample-preperation\/\" class=\"elementor-item\">Sample Preperation<\/a><\/li>\n<\/ul>\t\t\t<\/nav>\n\t\t\t\t\t<div class=\"elementor-menu-toggle\" role=\"button\" tabindex=\"0\" aria-label=\"Men\u00fc Umschalter\" aria-expanded=\"false\">\n\t\t\t<i aria-hidden=\"true\" role=\"presentation\" class=\"elementor-menu-toggle__icon--open eicon-menu-bar\"><\/i><i aria-hidden=\"true\" role=\"presentation\" class=\"elementor-menu-toggle__icon--close eicon-close\"><\/i>\t\t<\/div>\n\t\t\t\t\t<nav class=\"elementor-nav-menu--dropdown elementor-nav-menu__container\" aria-hidden=\"true\">\n\t\t\t\t<ul id=\"menu-2-75d8859\" class=\"elementor-nav-menu\"><li class=\"menu-item menu-item-type-custom menu-item-object-custom menu-item-7098\"><a href=\"https:\/\/aemas.com\/mercury-analyzers\/\" class=\"elementor-item\" tabindex=\"-1\">Mercury Analyzers<\/a><\/li>\n<li class=\"menu-item menu-item-type-custom menu-item-object-custom menu-item-7099\"><a href=\"https:\/\/aemas.com\/toc-analyzers\/\" class=\"elementor-item\" tabindex=\"-1\">TOC Analyzers<\/a><\/li>\n<li class=\"menu-item menu-item-type-custom menu-item-object-custom menu-item-7100\"><a href=\"https:\/\/aemas.com\/voc-instruments\/\" class=\"elementor-item\" tabindex=\"-1\">VOC Analyzers<\/a><\/li>\n<li class=\"menu-item menu-item-type-custom menu-item-object-custom menu-item-7101\"><a href=\"https:\/\/aemas.com\/automation\/\" class=\"elementor-item\" tabindex=\"-1\">Automation<\/a><\/li>\n<li class=\"menu-item menu-item-type-custom menu-item-object-custom menu-item-7102\"><a href=\"https:\/\/aemas.com\/Sample-introduction\/\" class=\"elementor-item\" tabindex=\"-1\">Sample Introduction<\/a><\/li>\n<li class=\"menu-item menu-item-type-custom menu-item-object-custom menu-item-7103\"><a href=\"https:\/\/aemas.com\/sample-preperation\/\" class=\"elementor-item\" tabindex=\"-1\">Sample Preperation<\/a><\/li>\n<\/ul>\t\t\t<\/nav>\n\t\t\t\t\t\t<\/div>\n\t\t\t\t<\/div>\n\t\t\t\t\t<\/div>\n\t\t<\/div>\n\t\t\t\t\t<\/div>\n\t\t<\/section>\n\t\t\t\t<section class=\"elementor-section elementor-top-section elementor-element elementor-element-6216c3f elementor-section-boxed elementor-section-height-default elementor-section-height-default\" data-id=\"6216c3f\" data-element_type=\"section\" data-e-type=\"section\">\n\t\t\t\t\t\t<div class=\"elementor-container elementor-column-gap-default\">\n\t\t\t\t\t<div class=\"elementor-column elementor-col-100 elementor-top-column elementor-element elementor-element-84191ba\" data-id=\"84191ba\" data-element_type=\"column\" data-e-type=\"column\">\n\t\t\t<div class=\"elementor-widget-wrap elementor-element-populated\">\n\t\t\t\t\t\t\t<\/div>\n\t\t<\/div>\n\t\t\t\t\t<\/div>\n\t\t<\/section>\n\t\t\t\t<section class=\"elementor-section elementor-top-section elementor-element elementor-element-67620f8 elementor-section-boxed elementor-section-height-default elementor-section-height-default\" data-id=\"67620f8\" data-element_type=\"section\" data-e-type=\"section\">\n\t\t\t\t\t\t<div class=\"elementor-container elementor-column-gap-default\">\n\t\t\t\t\t<div class=\"elementor-column elementor-col-100 elementor-top-column elementor-element elementor-element-79c9dcf\" data-id=\"79c9dcf\" data-element_type=\"column\" data-e-type=\"column\">\n\t\t\t<div class=\"elementor-widget-wrap elementor-element-populated\">\n\t\t\t\t\t\t<div class=\"elementor-element elementor-element-b1e86f6 elementor-widget elementor-widget-heading\" data-id=\"b1e86f6\" data-element_type=\"widget\" data-e-type=\"widget\" data-widget_type=\"heading.default\">\n\t\t\t\t<div class=\"elementor-widget-container\">\n\t\t\t\t\t<h2 class=\"elementor-heading-title elementor-size-default\">Verst\u00e4ndnis von TOC (Gesamter organischer Kohlenstoff): Das Grundger\u00fcst der Analyse organischer Kohlenstoffe<\/h2>\t\t\t\t<\/div>\n\t\t\t\t<\/div>\n\t\t\t\t<div class=\"elementor-element elementor-element-0bb60b7 elementor-widget elementor-widget-text-editor\" data-id=\"0bb60b7\" data-element_type=\"widget\" data-e-type=\"widget\" data-widget_type=\"text-editor.default\">\n\t\t\t\t<div class=\"elementor-widget-container\">\n\t\t\t\t\t\t\t\t\t<div>&#8222;TOC&#8220; steht f\u00fcr &#8222;Total Organic Carbon&#8220; &#8211; ein Begriff, der die Menge an Kohlenstoff in einer organischen Verbindung darstellt. TOC wird oft als unspezifischer Indikator f\u00fcr die Wasserqualit\u00e4t oder die Sauberkeit von pharmazeutischen Produktionsanlagen verwendet. Aber was ist ein TOC-Analysator und warum ist er ein so entscheidendes Werkzeug in diesen Bereichen?<\/div><div>\u00a0<\/div><p>TOC-Analysatoren sind essenzielle Instrumente, die den organischen Kohlenstoffgehalt in verschiedenen Materialien bestimmen &#8211; von Wasser und Boden bis hin zu Abfallstoffen. Sie spielen eine wichtige Rolle in mehreren Bereichen, darunter Umwelt\u00fcberwachung, Wasseraufbereitung und pharmazeutische Qualit\u00e4tskontrolle. Ihre F\u00e4higkeit, genaue und zuverl\u00e4ssige Messungen durchzuf\u00fchren, gew\u00e4hrleistet pr\u00e4zise Daten, um fundierte Entscheidungen zu treffen und die Einhaltung branchenspezifischer Vorschriften sicherzustellen.<\/p>\t\t\t\t\t\t\t\t<\/div>\n\t\t\t\t<\/div>\n\t\t\t\t<div class=\"elementor-element elementor-element-f2de703 elementor-widget elementor-widget-heading\" data-id=\"f2de703\" data-element_type=\"widget\" data-e-type=\"widget\" data-widget_type=\"heading.default\">\n\t\t\t\t<div class=\"elementor-widget-container\">\n\t\t\t\t\t<h2 class=\"elementor-heading-title elementor-size-default\">Die wachsende Bedeutung von TOC (Gesamter organischer Kohlenstoff) in verschiedenen Branchen<\/h2>\t\t\t\t<\/div>\n\t\t\t\t<\/div>\n\t\t\t\t<div class=\"elementor-element elementor-element-26991dc elementor-widget elementor-widget-text-editor\" data-id=\"26991dc\" data-element_type=\"widget\" data-e-type=\"widget\" data-widget_type=\"text-editor.default\">\n\t\t\t\t<div class=\"elementor-widget-container\">\n\t\t\t\t\t\t\t\t\t<p>Die Bedeutung der TOC-Analyse (Gesamter organischer Kohlenstoff) in der Umwelt\u00fcberwachung kann nicht \u00fcbersch\u00e4tzt werden. Die \u00dcberwachung der organischen Kohlenstoffgehalte im Boden und in Gew\u00e4ssern tr\u00e4gt zur Beurteilung der Gesundheit eines \u00d6kosystems bei und erm\u00f6glicht die Vorhersage m\u00f6glicher Gefahren wie Algenbl\u00fcten oder Eutrophierung.<\/p><p>In Wasseraufbereitungsanlagen tragen TOC-Analysatoren dazu bei, die Wirksamkeit des Reinigungsprozesses zu bestimmen und eine sichere Wasserversorgung f\u00fcr Gemeinden zu gew\u00e4hrleisten.<\/p><p>In der Pharmaindustrie spielt die TOC-Analyse eine entscheidende Rolle in der Qualit\u00e4tskontrolle. Die Gew\u00e4hrleistung der Sauberkeit von Herstellungsausr\u00fcstung und die Reinheit des im Produktionsprozess verwendeten Wassers sind entscheidend, um Kontaminationen zu verhindern und die Sicherheit und Wirksamkeit von pharmazeutischen Produkten sicherzustellen.<\/p>\t\t\t\t\t\t\t\t<\/div>\n\t\t\t\t<\/div>\n\t\t\t\t<div class=\"elementor-element elementor-element-4755aac elementor-widget elementor-widget-heading\" data-id=\"4755aac\" data-element_type=\"widget\" data-e-type=\"widget\" data-widget_type=\"heading.default\">\n\t\t\t\t<div class=\"elementor-widget-container\">\n\t\t\t\t\t<h2 class=\"elementor-heading-title elementor-size-default\">Warum unsere TOC (Gesamter organischer Kohlenstoff) Analyseger\u00e4te w\u00e4hlen?<\/h2>\t\t\t\t<\/div>\n\t\t\t\t<\/div>\n\t\t\t\t<div class=\"elementor-element elementor-element-9b132de elementor-widget elementor-widget-text-editor\" data-id=\"9b132de\" data-element_type=\"widget\" data-e-type=\"widget\" data-widget_type=\"text-editor.default\">\n\t\t\t\t<div class=\"elementor-widget-container\">\n\t\t\t\t\t\t\t\t\t<p>Bei Aemas setzen wir uns daf\u00fcr ein, komplette L\u00f6sungen anzubieten, anstatt nur ein Instrument zu verkaufen. Unsere TOC-Analysatoren werden mit umfassendem Kundenservice und Schulungen kombiniert, um sicherzustellen, dass Sie nicht nur ein hochmodernes Instrument erhalten, sondern auch verstehen, wie Sie es effektiv nutzen k\u00f6nnen.<\/p><p>Unser Team engagierter Fachleute arbeitet eng mit Kunden zusammen, um Anwendungen einzurichten und sicherzustellen, dass Sie das Beste aus Ihrem TOC-Analysator herausholen. Und damit nicht genug &#8211; unser Engagement f\u00fcr herausragenden Service erstreckt sich auch auf prompten und effizienten After-Sales-Service. Mit einer Erfolgsbilanz von 95% der Serviceanfragen, die innerhalb von 24 Stunden bearbeitet werden, sind wir stolz darauf, das zu bieten, was wir &#8222;Same Day Service&#8220; nennen.<\/p>\t\t\t\t\t\t\t\t<\/div>\n\t\t\t\t<\/div>\n\t\t\t\t<div class=\"elementor-element elementor-element-671a7cf elementor-widget elementor-widget-heading\" data-id=\"671a7cf\" data-element_type=\"widget\" data-e-type=\"widget\" data-widget_type=\"heading.default\">\n\t\t\t\t<div class=\"elementor-widget-container\">\n\t\t\t\t\t<h2 class=\"elementor-heading-title elementor-size-default\">Ihr zuverl\u00e4ssiger Partner f\u00fcr TOC (Gesamter organischer Kohlenstoff) Analyse<\/h2>\t\t\t\t<\/div>\n\t\t\t\t<\/div>\n\t\t\t\t<div class=\"elementor-element elementor-element-c7741ee elementor-widget elementor-widget-text-editor\" data-id=\"c7741ee\" data-element_type=\"widget\" data-e-type=\"widget\" data-widget_type=\"text-editor.default\">\n\t\t\t\t<div class=\"elementor-widget-container\">\n\t\t\t\t\t\t\t\t\t<p>Die Wahl von Aemas bedeutet, einen Partner zu w\u00e4hlen, der Ihrem Erfolg verpflichtet ist. Wir verstehen, dass jeder Kunde einzigartige Bed\u00fcrfnisse und Herausforderungen hat, weshalb wir unsere L\u00f6sungen auf Ihre spezifischen Anwendungsanforderungen zuschneiden.<\/p><p>Die Zug\u00e4nglichkeit unseres Teams stellt sicher, dass Sie immer eine direkte Kommunikationslinie f\u00fcr Fragen oder Bedenken haben, die auftreten k\u00f6nnen. Wir glauben an die Kraft der Zusammenarbeit und arbeiten mit unseren Kunden zusammen, um erfolgreiche Ergebnisse zu erzielen.<\/p><p>Wenn es um TOC-Analysatoren geht, stehen wir als entschlossene Partner an der Seite unserer Kunden in ihrem Streben nach Exzellenz. Unser Ziel ist es, Sie mit den Werkzeugen und dem Wissen auszustatten, die Sie ben\u00f6tigen, um Ihre Ziele zu erreichen und die Komplexit\u00e4ten Ihres Fachgebiets zu bew\u00e4ltigen.<\/p><p>In einer Welt, in der Technologie und Anforderungen st\u00e4ndig im Wandel sind, streben wir danach, L\u00f6sungen anzubieten, die nicht nur robust und zuverl\u00e4ssig sind, sondern auch agil und innovativ.<\/p><p>Erleben Sie den Aemas-Unterschied noch heute. Kontaktieren Sie uns und lassen Sie unser Expertenteam Sie bei der Auswahl des perfekten TOC-Analysators f\u00fcr Ihre spezifischen Anforderungen unterst\u00fctzen. Bei Aemas investieren Sie nicht nur in ein Instrument &#8211; Sie investieren in eine L\u00f6sung.<\/p>\t\t\t\t\t\t\t\t<\/div>\n\t\t\t\t<\/div>\n\t\t\t\t\t<\/div>\n\t\t<\/div>\n\t\t\t\t\t<\/div>\n\t\t<\/section>\n\t\t\t\t<\/div>\n\t\t","protected":false},"excerpt":{"rendered":"<p>Totaler organischer Kohlenstoff (TOC) Analysatoren Die Komplexit\u00e4t der heutigen Umweltprobleme und die strengen Anforderungen der Pharmaindustrie erfordern modernste, zuverl\u00e4ssige Technologie. Total Organic Carbon (TOC) Analyseger\u00e4te haben sich als Grundpfeiler jedes Labors erwiesen, das mit der Aufgabe betraut ist, den organischen Kohlenstoffgehalt in verschiedenen Proben zu messen. Bei Aemas sind wir stolz darauf, eine Auswahl der [&hellip;]<\/p>\n","protected":false},"author":2334,"featured_media":0,"parent":0,"menu_order":0,"comment_status":"closed","ping_status":"closed","template":"elementor_header_footer","meta":{"_acf_changed":false,"_seopress_robots_primary_cat":"","_seopress_titles_title":"Totaler organischer Kohlenstoff (TOC) Analysatoren | AEMAS","_seopress_titles_desc":"TOC-Analysatoren (Gesamtorganischer Kohlenstoff) helfen dabei, die Wirksamkeit des Reinigungsprozesses zu bestimmen und eine sichere Wasserversorgung f\u00fcr Gemeinden zu gew\u00e4hrleisten. Mehr lesen.\r\n\r\n","_seopress_robots_index":"","footnotes":""},"class_list":["post-6970","page","type-page","status-publish","hentry"],"acf":[],"_links":{"self":[{"href":"https:\/\/aemas.com\/de\/wp-json\/wp\/v2\/pages\/6970","targetHints":{"allow":["GET"]}}],"collection":[{"href":"https:\/\/aemas.com\/de\/wp-json\/wp\/v2\/pages"}],"about":[{"href":"https:\/\/aemas.com\/de\/wp-json\/wp\/v2\/types\/page"}],"author":[{"embeddable":true,"href":"https:\/\/aemas.com\/de\/wp-json\/wp\/v2\/users\/2334"}],"replies":[{"embeddable":true,"href":"https:\/\/aemas.com\/de\/wp-json\/wp\/v2\/comments?post=6970"}],"version-history":[{"count":16,"href":"https:\/\/aemas.com\/de\/wp-json\/wp\/v2\/pages\/6970\/revisions"}],"predecessor-version":[{"id":8641,"href":"https:\/\/aemas.com\/de\/wp-json\/wp\/v2\/pages\/6970\/revisions\/8641"}],"wp:attachment":[{"href":"https:\/\/aemas.com\/de\/wp-json\/wp\/v2\/media?parent=6970"}],"curies":[{"name":"wp","href":"https:\/\/api.w.org\/{rel}","templated":true}]}}