{"id":6965,"date":"2023-06-15T08:13:55","date_gmt":"2023-06-15T06:13:55","guid":{"rendered":"https:\/\/aemas.com\/teledyne-tekmar\/"},"modified":"2023-11-29T12:36:48","modified_gmt":"2023-11-29T11:36:48","slug":"teledyne-tekmar","status":"publish","type":"page","link":"https:\/\/aemas.com\/de\/teledyne-tekmar\/","title":{"rendered":"Teledyne Tekmar"},"content":{"rendered":"\t\t<div data-elementor-type=\"wp-page\" data-elementor-id=\"6965\" class=\"elementor elementor-6965 elementor-4202\" data-elementor-post-type=\"page\">\n\t\t\t\t\t\t<section class=\"elementor-section elementor-top-section elementor-element elementor-element-cfd1af4 elementor-section-boxed elementor-section-height-default elementor-section-height-default\" data-id=\"cfd1af4\" data-element_type=\"section\" data-e-type=\"section\">\n\t\t\t\t\t\t<div class=\"elementor-container elementor-column-gap-default\">\n\t\t\t\t\t<div class=\"elementor-column elementor-col-100 elementor-top-column elementor-element elementor-element-af5c9e9\" data-id=\"af5c9e9\" data-element_type=\"column\" data-e-type=\"column\">\n\t\t\t<div class=\"elementor-widget-wrap elementor-element-populated\">\n\t\t\t\t\t\t<div class=\"elementor-element elementor-element-3f9d1e3 elementor-widget elementor-widget-spacer\" data-id=\"3f9d1e3\" data-element_type=\"widget\" data-e-type=\"widget\" data-widget_type=\"spacer.default\">\n\t\t\t\t<div class=\"elementor-widget-container\">\n\t\t\t\t\t\t\t<div class=\"elementor-spacer\">\n\t\t\t<div class=\"elementor-spacer-inner\"><\/div>\n\t\t<\/div>\n\t\t\t\t\t\t<\/div>\n\t\t\t\t<\/div>\n\t\t\t\t<div class=\"elementor-element elementor-element-c40372c elementor-widget elementor-widget-heading\" data-id=\"c40372c\" data-element_type=\"widget\" data-e-type=\"widget\" data-widget_type=\"heading.default\">\n\t\t\t\t<div class=\"elementor-widget-container\">\n\t\t\t\t\t<h1 class=\"elementor-heading-title elementor-size-xxl\">\u00dcber Teledyne Tekmar<\/h1>\t\t\t\t<\/div>\n\t\t\t\t<\/div>\n\t\t\t\t<div class=\"elementor-element elementor-element-e121e1b elementor-widget__width-initial elementor-widget-divider--view-line elementor-widget elementor-widget-divider\" data-id=\"e121e1b\" data-element_type=\"widget\" data-e-type=\"widget\" data-widget_type=\"divider.default\">\n\t\t\t\t<div class=\"elementor-widget-container\">\n\t\t\t\t\t\t\t<div class=\"elementor-divider\">\n\t\t\t<span class=\"elementor-divider-separator\">\n\t\t\t\t\t\t<\/span>\n\t\t<\/div>\n\t\t\t\t\t\t<\/div>\n\t\t\t\t<\/div>\n\t\t\t\t\t<\/div>\n\t\t<\/div>\n\t\t\t\t\t<\/div>\n\t\t<\/section>\n\t\t\t\t<section class=\"elementor-section elementor-top-section elementor-element elementor-element-ab7dd71 elementor-section-boxed elementor-section-height-default elementor-section-height-default\" data-id=\"ab7dd71\" data-element_type=\"section\" data-e-type=\"section\">\n\t\t\t\t\t\t<div class=\"elementor-container elementor-column-gap-default\">\n\t\t\t\t\t<div class=\"elementor-column elementor-col-66 elementor-top-column elementor-element elementor-element-ac88852\" data-id=\"ac88852\" data-element_type=\"column\" data-e-type=\"column\">\n\t\t\t<div class=\"elementor-widget-wrap elementor-element-populated\">\n\t\t\t\t\t\t<div class=\"elementor-element elementor-element-511cdd7 elementor-widget elementor-widget-text-editor\" data-id=\"511cdd7\" data-element_type=\"widget\" data-e-type=\"widget\" data-widget_type=\"text-editor.default\">\n\t\t\t\t<div class=\"elementor-widget-container\">\n\t\t\t\t\t\t\t\t\t<p>Teledyne Tekmar zeichnet sich als f\u00fchrend in der Entwicklung und Herstellung von analytischen Instrumenten f\u00fcr Labore aus. Erkunden Sie die angesehenen Produktlinien, darunter VOC-Systeme f\u00fcr die Probeneinf\u00fchrung in GC, Hochdurchsatz-Purge-and-Trap sowie Probenautomatisierung.<\/p><p>Die TOC-Analysatoren von Teledyne Tekmar bieten un\u00fcbertroffene Genauigkeit, Pr\u00e4zision, Durchsatz und Robustheit f\u00fcr Wasserproben.<\/p><p>Erleben Sie den Unterschied mit den hochmodernen Instrumenten von Teledyne Tekmar.<\/p>\t\t\t\t\t\t\t\t<\/div>\n\t\t\t\t<\/div>\n\t\t\t\t<div class=\"elementor-element elementor-element-ea1eddf elementor-widget elementor-widget-button\" data-id=\"ea1eddf\" data-element_type=\"widget\" data-e-type=\"widget\" data-widget_type=\"button.default\">\n\t\t\t\t<div class=\"elementor-widget-container\">\n\t\t\t\t\t\t\t\t\t<div class=\"elementor-button-wrapper\">\n\t\t\t\t\t<a class=\"elementor-button elementor-button-link elementor-size-sm\" href=\"https:\/\/www.teledynetekmar.com\/\" target=\"_blank\">\n\t\t\t\t\t\t<span class=\"elementor-button-content-wrapper\">\n\t\t\t\t\t\t\t\t\t<span class=\"elementor-button-text\">Lieferanten besuchen<\/span>\n\t\t\t\t\t<\/span>\n\t\t\t\t\t<\/a>\n\t\t\t\t<\/div>\n\t\t\t\t\t\t\t\t<\/div>\n\t\t\t\t<\/div>\n\t\t\t\t\t<\/div>\n\t\t<\/div>\n\t\t\t\t<div class=\"elementor-column elementor-col-33 elementor-top-column elementor-element elementor-element-a4b29df\" data-id=\"a4b29df\" data-element_type=\"column\" data-e-type=\"column\">\n\t\t\t<div class=\"elementor-widget-wrap elementor-element-populated\">\n\t\t\t\t\t\t<div class=\"elementor-element elementor-element-b2fa416 elementor-widget__width-initial elementor-widget elementor-widget-image\" data-id=\"b2fa416\" data-element_type=\"widget\" data-e-type=\"widget\" data-widget_type=\"image.default\">\n\t\t\t\t<div class=\"elementor-widget-container\">\n\t\t\t\t\t\t\t\t\t\t\t\t\t\t\t<img alt=\"\" fetchpriority=\"high\" decoding=\"async\" width=\"800\" height=\"123\" src=\"https:\/\/aemas.com\/wp-content\/uploads\/2023\/07\/Tekmar-1024x157.png\" class=\"attachment-large size-large wp-image-6624\" alt=\"\" srcset=\"https:\/\/aemas.com\/wp-content\/uploads\/2023\/07\/Tekmar-1024x157.png 1024w, https:\/\/aemas.com\/wp-content\/uploads\/2023\/07\/Tekmar-300x46.png 300w, https:\/\/aemas.com\/wp-content\/uploads\/2023\/07\/Tekmar-768x118.png 768w, https:\/\/aemas.com\/wp-content\/uploads\/2023\/07\/Tekmar.png 1280w\" sizes=\"(max-width: 800px) 100vw, 800px\" \/>\t\t\t\t\t\t\t\t\t\t\t\t\t\t\t<\/div>\n\t\t\t\t<\/div>\n\t\t\t\t\t<\/div>\n\t\t<\/div>\n\t\t\t\t\t<\/div>\n\t\t<\/section>\n\t\t\t\t<section class=\"elementor-section elementor-top-section elementor-element elementor-element-d9a8cdb elementor-section-boxed elementor-section-height-default elementor-section-height-default\" data-id=\"d9a8cdb\" data-element_type=\"section\" data-e-type=\"section\">\n\t\t\t\t\t\t<div class=\"elementor-container elementor-column-gap-default\">\n\t\t\t\t\t<div class=\"elementor-column elementor-col-100 elementor-top-column elementor-element elementor-element-f271832\" data-id=\"f271832\" data-element_type=\"column\" data-e-type=\"column\">\n\t\t\t<div class=\"elementor-widget-wrap elementor-element-populated\">\n\t\t\t\t\t\t<div class=\"elementor-element elementor-element-adf976a elementor-widget elementor-widget-heading\" data-id=\"adf976a\" data-element_type=\"widget\" data-e-type=\"widget\" data-widget_type=\"heading.default\">\n\t\t\t\t<div class=\"elementor-widget-container\">\n\t\t\t\t\t<h2 class=\"elementor-heading-title elementor-size-xl\">\u00dcber Tekmar<\/h2>\t\t\t\t<\/div>\n\t\t\t\t<\/div>\n\t\t\t\t<div class=\"elementor-element elementor-element-71d4124 elementor-widget__width-initial elementor-widget-divider--view-line elementor-widget elementor-widget-divider\" data-id=\"71d4124\" data-element_type=\"widget\" data-e-type=\"widget\" data-widget_type=\"divider.default\">\n\t\t\t\t<div class=\"elementor-widget-container\">\n\t\t\t\t\t\t\t<div class=\"elementor-divider\">\n\t\t\t<span class=\"elementor-divider-separator\">\n\t\t\t\t\t\t<\/span>\n\t\t<\/div>\n\t\t\t\t\t\t<\/div>\n\t\t\t\t<\/div>\n\t\t\t\t\t<\/div>\n\t\t<\/div>\n\t\t\t\t\t<\/div>\n\t\t<\/section>\n\t\t\t\t<section class=\"elementor-section elementor-top-section elementor-element elementor-element-1839fd7 elementor-section-boxed elementor-section-height-default elementor-section-height-default\" data-id=\"1839fd7\" data-element_type=\"section\" data-e-type=\"section\">\n\t\t\t\t\t\t<div class=\"elementor-container elementor-column-gap-default\">\n\t\t\t\t\t<div class=\"elementor-column elementor-col-50 elementor-top-column elementor-element elementor-element-fc52de9\" data-id=\"fc52de9\" data-element_type=\"column\" data-e-type=\"column\">\n\t\t\t<div class=\"elementor-widget-wrap elementor-element-populated\">\n\t\t\t\t\t\t<div class=\"elementor-element elementor-element-dae429a elementor-widget elementor-widget-image\" data-id=\"dae429a\" data-element_type=\"widget\" data-e-type=\"widget\" data-widget_type=\"image.default\">\n\t\t\t\t<div class=\"elementor-widget-container\">\n\t\t\t\t\t\t\t\t\t\t\t\t\t\t\t<img alt=\"\" decoding=\"async\" width=\"508\" height=\"363\" src=\"https:\/\/aemas.com\/wp-content\/uploads\/2023\/06\/Teledyne_Tekmar_Building.jpeg\" class=\"attachment-large size-large wp-image-6596\" alt=\"\" srcset=\"https:\/\/aemas.com\/wp-content\/uploads\/2023\/06\/Teledyne_Tekmar_Building.jpeg 508w, https:\/\/aemas.com\/wp-content\/uploads\/2023\/06\/Teledyne_Tekmar_Building-300x214.jpeg 300w\" sizes=\"(max-width: 508px) 100vw, 508px\" \/>\t\t\t\t\t\t\t\t\t\t\t\t\t\t\t<\/div>\n\t\t\t\t<\/div>\n\t\t\t\t\t<\/div>\n\t\t<\/div>\n\t\t\t\t<div class=\"elementor-column elementor-col-50 elementor-top-column elementor-element elementor-element-c0da111\" data-id=\"c0da111\" data-element_type=\"column\" data-e-type=\"column\" data-settings=\"{&quot;background_background&quot;:&quot;classic&quot;}\">\n\t\t\t<div class=\"elementor-widget-wrap elementor-element-populated\">\n\t\t\t\t\t\t<div class=\"elementor-element elementor-element-66310be elementor-widget elementor-widget-text-editor\" data-id=\"66310be\" data-element_type=\"widget\" data-e-type=\"widget\" data-widget_type=\"text-editor.default\">\n\t\t\t\t<div class=\"elementor-widget-container\">\n\t\t\t\t\t\t\t\t\tTeledyne Tekmar, ehemals Tekmar Dohrmann, ist ein f\u00fchrender Anbieter von\n Design und Herstellung von analytischer Laborausr\u00fcstung. Teledyne \nTekmar bietet leistungssteigernde Instrumente und L\u00f6sungen f\u00fcr \nverschiedene Branchen, darunter Umwelt, Pharma, Abwasser, Lebensmittel, \nforensische und toxikologische, petrochemische und \nPolymer\/Kunststoff-Industrien.\t\t\t\t\t\t\t\t<\/div>\n\t\t\t\t<\/div>\n\t\t\t\t\t<\/div>\n\t\t<\/div>\n\t\t\t\t\t<\/div>\n\t\t<\/section>\n\t\t\t\t<\/div>\n\t\t","protected":false},"excerpt":{"rendered":"<p>\u00dcber Teledyne Tekmar Teledyne Tekmar zeichnet sich als f\u00fchrend in der Entwicklung und Herstellung von analytischen Instrumenten f\u00fcr Labore aus. Erkunden Sie die angesehenen Produktlinien, darunter VOC-Systeme f\u00fcr die Probeneinf\u00fchrung in GC, Hochdurchsatz-Purge-and-Trap sowie Probenautomatisierung. Die TOC-Analysatoren von Teledyne Tekmar bieten un\u00fcbertroffene Genauigkeit, Pr\u00e4zision, Durchsatz und Robustheit f\u00fcr Wasserproben. Erleben Sie den Unterschied mit den [&hellip;]<\/p>\n","protected":false},"author":2334,"featured_media":0,"parent":0,"menu_order":0,"comment_status":"closed","ping_status":"closed","template":"elementor_header_footer","meta":{"_acf_changed":false,"_seopress_robots_primary_cat":"","_seopress_titles_title":"","_seopress_titles_desc":"","_seopress_robots_index":"","footnotes":""},"class_list":["post-6965","page","type-page","status-publish","hentry"],"acf":[],"_links":{"self":[{"href":"https:\/\/aemas.com\/de\/wp-json\/wp\/v2\/pages\/6965","targetHints":{"allow":["GET"]}}],"collection":[{"href":"https:\/\/aemas.com\/de\/wp-json\/wp\/v2\/pages"}],"about":[{"href":"https:\/\/aemas.com\/de\/wp-json\/wp\/v2\/types\/page"}],"author":[{"embeddable":true,"href":"https:\/\/aemas.com\/de\/wp-json\/wp\/v2\/users\/2334"}],"replies":[{"embeddable":true,"href":"https:\/\/aemas.com\/de\/wp-json\/wp\/v2\/comments?post=6965"}],"version-history":[{"count":11,"href":"https:\/\/aemas.com\/de\/wp-json\/wp\/v2\/pages\/6965\/revisions"}],"predecessor-version":[{"id":9067,"href":"https:\/\/aemas.com\/de\/wp-json\/wp\/v2\/pages\/6965\/revisions\/9067"}],"wp:attachment":[{"href":"https:\/\/aemas.com\/de\/wp-json\/wp\/v2\/media?parent=6965"}],"curies":[{"name":"wp","href":"https:\/\/api.w.org\/{rel}","templated":true}]}}