{"id":6960,"date":"2023-06-15T08:45:56","date_gmt":"2023-06-15T06:45:56","guid":{"rendered":"https:\/\/aemas.com\/teledyne-leeman-lbas\/"},"modified":"2023-11-29T12:37:21","modified_gmt":"2023-11-29T11:37:21","slug":"teledyne-leeman-labs","status":"publish","type":"page","link":"https:\/\/aemas.com\/de\/teledyne-leeman-labs\/","title":{"rendered":"Teledyne Leeman Labs"},"content":{"rendered":"\t\t<div data-elementor-type=\"wp-page\" data-elementor-id=\"6960\" class=\"elementor elementor-6960 elementor-4225\" data-elementor-post-type=\"page\">\n\t\t\t\t\t\t<section class=\"elementor-section elementor-top-section elementor-element elementor-element-ef58a93 elementor-section-boxed elementor-section-height-default elementor-section-height-default\" data-id=\"ef58a93\" data-element_type=\"section\" data-e-type=\"section\">\n\t\t\t\t\t\t<div class=\"elementor-container elementor-column-gap-default\">\n\t\t\t\t\t<div class=\"elementor-column elementor-col-100 elementor-top-column elementor-element elementor-element-cac087d\" data-id=\"cac087d\" data-element_type=\"column\" data-e-type=\"column\">\n\t\t\t<div class=\"elementor-widget-wrap elementor-element-populated\">\n\t\t\t\t\t\t<div class=\"elementor-element elementor-element-72ff62b elementor-widget elementor-widget-spacer\" data-id=\"72ff62b\" data-element_type=\"widget\" data-e-type=\"widget\" data-widget_type=\"spacer.default\">\n\t\t\t\t<div class=\"elementor-widget-container\">\n\t\t\t\t\t\t\t<div class=\"elementor-spacer\">\n\t\t\t<div class=\"elementor-spacer-inner\"><\/div>\n\t\t<\/div>\n\t\t\t\t\t\t<\/div>\n\t\t\t\t<\/div>\n\t\t\t\t<div class=\"elementor-element elementor-element-7f83be5 elementor-widget elementor-widget-heading\" data-id=\"7f83be5\" data-element_type=\"widget\" data-e-type=\"widget\" data-widget_type=\"heading.default\">\n\t\t\t\t<div class=\"elementor-widget-container\">\n\t\t\t\t\t<h1 class=\"elementor-heading-title elementor-size-xxl\">\u00dcber Teledyne Leeman Labs<\/h1>\t\t\t\t<\/div>\n\t\t\t\t<\/div>\n\t\t\t\t<div class=\"elementor-element elementor-element-b6773f1 elementor-widget__width-initial elementor-widget-divider--view-line elementor-widget elementor-widget-divider\" data-id=\"b6773f1\" data-element_type=\"widget\" data-e-type=\"widget\" data-widget_type=\"divider.default\">\n\t\t\t\t<div class=\"elementor-widget-container\">\n\t\t\t\t\t\t\t<div class=\"elementor-divider\">\n\t\t\t<span class=\"elementor-divider-separator\">\n\t\t\t\t\t\t<\/span>\n\t\t<\/div>\n\t\t\t\t\t\t<\/div>\n\t\t\t\t<\/div>\n\t\t\t\t\t<\/div>\n\t\t<\/div>\n\t\t\t\t\t<\/div>\n\t\t<\/section>\n\t\t\t\t<section class=\"elementor-section elementor-top-section elementor-element elementor-element-1ae0e07 elementor-section-boxed elementor-section-height-default elementor-section-height-default\" data-id=\"1ae0e07\" data-element_type=\"section\" data-e-type=\"section\">\n\t\t\t\t\t\t<div class=\"elementor-container elementor-column-gap-default\">\n\t\t\t\t\t<div class=\"elementor-column elementor-col-66 elementor-top-column elementor-element elementor-element-255424e\" data-id=\"255424e\" data-element_type=\"column\" data-e-type=\"column\">\n\t\t\t<div class=\"elementor-widget-wrap elementor-element-populated\">\n\t\t\t\t\t\t<div class=\"elementor-element elementor-element-5588d66 elementor-widget elementor-widget-text-editor\" data-id=\"5588d66\" data-element_type=\"widget\" data-e-type=\"widget\" data-widget_type=\"text-editor.default\">\n\t\t\t\t<div class=\"elementor-widget-container\">\n\t\t\t\t\t\t\t\t\t<p>F\u00fchrend in der Gestaltung und Herstellung von analytischer Instrumentierung f\u00fcr das Labor, die produktivit\u00e4tssteigernde Instrumentierung und L\u00f6sungen f\u00fcr eine Vielzahl von Branchen bietet.<\/p>\t\t\t\t\t\t\t\t<\/div>\n\t\t\t\t<\/div>\n\t\t\t\t<div class=\"elementor-element elementor-element-98827ff elementor-widget elementor-widget-button\" data-id=\"98827ff\" data-element_type=\"widget\" data-e-type=\"widget\" data-widget_type=\"button.default\">\n\t\t\t\t<div class=\"elementor-widget-container\">\n\t\t\t\t\t\t\t\t\t<div class=\"elementor-button-wrapper\">\n\t\t\t\t\t<a class=\"elementor-button elementor-button-link elementor-size-sm\" href=\"https:\/\/www.teledyneleemanlabs.com\/\" target=\"_blank\">\n\t\t\t\t\t\t<span class=\"elementor-button-content-wrapper\">\n\t\t\t\t\t\t\t\t\t<span class=\"elementor-button-text\">Lieferanten besuchen<\/span>\n\t\t\t\t\t<\/span>\n\t\t\t\t\t<\/a>\n\t\t\t\t<\/div>\n\t\t\t\t\t\t\t\t<\/div>\n\t\t\t\t<\/div>\n\t\t\t\t\t<\/div>\n\t\t<\/div>\n\t\t\t\t<div class=\"elementor-column elementor-col-33 elementor-top-column elementor-element elementor-element-1b0efe0\" data-id=\"1b0efe0\" data-element_type=\"column\" data-e-type=\"column\">\n\t\t\t<div class=\"elementor-widget-wrap elementor-element-populated\">\n\t\t\t\t\t\t<div class=\"elementor-element elementor-element-8cb2bd0 elementor-widget__width-initial elementor-widget elementor-widget-image\" data-id=\"8cb2bd0\" data-element_type=\"widget\" data-e-type=\"widget\" data-widget_type=\"image.default\">\n\t\t\t\t<div class=\"elementor-widget-container\">\n\t\t\t\t\t\t\t\t\t\t\t\t\t\t\t<img alt=\"\" fetchpriority=\"high\" decoding=\"async\" width=\"800\" height=\"103\" src=\"https:\/\/aemas.com\/wp-content\/uploads\/2023\/07\/Leeman-1024x132.png\" class=\"attachment-large size-large wp-image-6625\" alt=\"\" srcset=\"https:\/\/aemas.com\/wp-content\/uploads\/2023\/07\/Leeman-1024x132.png 1024w, https:\/\/aemas.com\/wp-content\/uploads\/2023\/07\/Leeman-300x39.png 300w, https:\/\/aemas.com\/wp-content\/uploads\/2023\/07\/Leeman-768x99.png 768w, https:\/\/aemas.com\/wp-content\/uploads\/2023\/07\/Leeman.png 1524w\" sizes=\"(max-width: 800px) 100vw, 800px\" \/>\t\t\t\t\t\t\t\t\t\t\t\t\t\t\t<\/div>\n\t\t\t\t<\/div>\n\t\t\t\t\t<\/div>\n\t\t<\/div>\n\t\t\t\t\t<\/div>\n\t\t<\/section>\n\t\t\t\t<section class=\"elementor-section elementor-top-section elementor-element elementor-element-647cab4 elementor-section-boxed elementor-section-height-default elementor-section-height-default\" data-id=\"647cab4\" data-element_type=\"section\" data-e-type=\"section\">\n\t\t\t\t\t\t<div class=\"elementor-container elementor-column-gap-default\">\n\t\t\t\t\t<div class=\"elementor-column elementor-col-100 elementor-top-column elementor-element elementor-element-512ab4d\" data-id=\"512ab4d\" data-element_type=\"column\" data-e-type=\"column\">\n\t\t\t<div class=\"elementor-widget-wrap elementor-element-populated\">\n\t\t\t\t\t\t<div class=\"elementor-element elementor-element-0e222ed elementor-widget elementor-widget-heading\" data-id=\"0e222ed\" data-element_type=\"widget\" data-e-type=\"widget\" data-widget_type=\"heading.default\">\n\t\t\t\t<div class=\"elementor-widget-container\">\n\t\t\t\t\t<h2 class=\"elementor-heading-title elementor-size-xl\">\u00dcber Leeman Labs<\/h2>\t\t\t\t<\/div>\n\t\t\t\t<\/div>\n\t\t\t\t<div class=\"elementor-element elementor-element-30be6f7 elementor-widget__width-initial elementor-widget-divider--view-line elementor-widget elementor-widget-divider\" data-id=\"30be6f7\" data-element_type=\"widget\" data-e-type=\"widget\" data-widget_type=\"divider.default\">\n\t\t\t\t<div class=\"elementor-widget-container\">\n\t\t\t\t\t\t\t<div class=\"elementor-divider\">\n\t\t\t<span class=\"elementor-divider-separator\">\n\t\t\t\t\t\t<\/span>\n\t\t<\/div>\n\t\t\t\t\t\t<\/div>\n\t\t\t\t<\/div>\n\t\t\t\t\t<\/div>\n\t\t<\/div>\n\t\t\t\t\t<\/div>\n\t\t<\/section>\n\t\t\t\t<section class=\"elementor-section elementor-top-section elementor-element elementor-element-a3772c7 elementor-section-boxed elementor-section-height-default elementor-section-height-default\" data-id=\"a3772c7\" data-element_type=\"section\" data-e-type=\"section\">\n\t\t\t\t\t\t<div class=\"elementor-container elementor-column-gap-default\">\n\t\t\t\t\t<div class=\"elementor-column elementor-col-50 elementor-top-column elementor-element elementor-element-bacc3a0\" data-id=\"bacc3a0\" data-element_type=\"column\" data-e-type=\"column\">\n\t\t\t<div class=\"elementor-widget-wrap elementor-element-populated\">\n\t\t\t\t\t\t<div class=\"elementor-element elementor-element-5ca5ab9 elementor-widget elementor-widget-image\" data-id=\"5ca5ab9\" data-element_type=\"widget\" data-e-type=\"widget\" data-widget_type=\"image.default\">\n\t\t\t\t<div class=\"elementor-widget-container\">\n\t\t\t\t\t\t\t\t\t\t\t\t\t\t\t<img alt=\"\" decoding=\"async\" width=\"487\" height=\"234\" src=\"https:\/\/aemas.com\/wp-content\/uploads\/2023\/06\/Teledyne_Rhombi.jpg\" class=\"attachment-large size-large wp-image-6615\" alt=\"\" srcset=\"https:\/\/aemas.com\/wp-content\/uploads\/2023\/06\/Teledyne_Rhombi.jpg 487w, https:\/\/aemas.com\/wp-content\/uploads\/2023\/06\/Teledyne_Rhombi-300x144.jpg 300w\" sizes=\"(max-width: 487px) 100vw, 487px\" \/>\t\t\t\t\t\t\t\t\t\t\t\t\t\t\t<\/div>\n\t\t\t\t<\/div>\n\t\t\t\t\t<\/div>\n\t\t<\/div>\n\t\t\t\t<div class=\"elementor-column elementor-col-50 elementor-top-column elementor-element elementor-element-c83e615\" data-id=\"c83e615\" data-element_type=\"column\" data-e-type=\"column\" data-settings=\"{&quot;background_background&quot;:&quot;classic&quot;}\">\n\t\t\t<div class=\"elementor-widget-wrap elementor-element-populated\">\n\t\t\t\t\t\t<div class=\"elementor-element elementor-element-017a16b elementor-widget elementor-widget-text-editor\" data-id=\"017a16b\" data-element_type=\"widget\" data-e-type=\"widget\" data-widget_type=\"text-editor.default\">\n\t\t\t\t<div class=\"elementor-widget-container\">\n\t\t\t\t\t\t\t\t\tTeledyne Leeman Labs sticht als bevorzugte Wahl f\u00fcr Unternehmen, Regierungsbeh\u00f6rden, Gemeinden und Bildungseinrichtungen weltweit hervor, die in der Zusammenarbeit im Bereich analytischer Instrumente suchen. Gegr\u00fcndet im Jahr 1981, dient unser Hauptsitz in Mason, Ohio, als Dreh- und Angelpunkt f\u00fcr unsere Aktivit\u00e4ten in \u00fcber 50 L\u00e4ndern und unter Einsatz von Vertriebspartnern in mehreren L\u00e4ndern.<p>Bestehend aus einem Team leidenschaftlicher Wissenschaftler, Ingenieure und Servicetechniker dreht sich die gemeinsame Hingabe um das Gebiet der atomaren Spektroskopie. Seit Tag eins lautet die unersch\u00fctterliche Mission, au\u00dfergew\u00f6hnliche Instrumente f\u00fcr die Elementaranalyse zu entwickeln, die \u00fcber blo\u00dfe Einhaltung von Standards hinausgehen. Durch unerm\u00fcdliche Innovation, unabl\u00e4ssiges Engagement und frische Perspektiven ist das ultimative Ziel, st\u00e4ndig Grenzen zu \u00fcberschreiten und Wissenschaftler und Analysten mit modernsten Instrumenten auszustatten, die kontinuierlich au\u00dfergew\u00f6hnlich pr\u00e4zise Analysen liefern, Woche f\u00fcr Woche, Jahr f\u00fcr Jahr.<\/p><p>Bei Teledyne Leeman Labs wird stark in Forschung und Entwicklung investiert, in freudiger Erwartung, Kunden in den kommenden Jahren eine kontinuierliche Reihe von technologischen Fortschritten bieten zu k\u00f6nnen.<\/p>\t\t\t\t\t\t\t\t<\/div>\n\t\t\t\t<\/div>\n\t\t\t\t\t<\/div>\n\t\t<\/div>\n\t\t\t\t\t<\/div>\n\t\t<\/section>\n\t\t\t\t<\/div>\n\t\t","protected":false},"excerpt":{"rendered":"<p>\u00dcber Teledyne Leeman Labs F\u00fchrend in der Gestaltung und Herstellung von analytischer Instrumentierung f\u00fcr das Labor, die produktivit\u00e4tssteigernde Instrumentierung und L\u00f6sungen f\u00fcr eine Vielzahl von Branchen bietet. Lieferanten besuchen \u00dcber Leeman Labs Teledyne Leeman Labs sticht als bevorzugte Wahl f\u00fcr Unternehmen, Regierungsbeh\u00f6rden, Gemeinden und Bildungseinrichtungen weltweit hervor, die in der Zusammenarbeit im Bereich analytischer Instrumente [&hellip;]<\/p>\n","protected":false},"author":2334,"featured_media":0,"parent":0,"menu_order":0,"comment_status":"closed","ping_status":"closed","template":"elementor_header_footer","meta":{"_acf_changed":false,"_seopress_robots_primary_cat":"","_seopress_titles_title":"","_seopress_titles_desc":"","_seopress_robots_index":"","footnotes":""},"class_list":["post-6960","page","type-page","status-publish","hentry"],"acf":[],"_links":{"self":[{"href":"https:\/\/aemas.com\/de\/wp-json\/wp\/v2\/pages\/6960","targetHints":{"allow":["GET"]}}],"collection":[{"href":"https:\/\/aemas.com\/de\/wp-json\/wp\/v2\/pages"}],"about":[{"href":"https:\/\/aemas.com\/de\/wp-json\/wp\/v2\/types\/page"}],"author":[{"embeddable":true,"href":"https:\/\/aemas.com\/de\/wp-json\/wp\/v2\/users\/2334"}],"replies":[{"embeddable":true,"href":"https:\/\/aemas.com\/de\/wp-json\/wp\/v2\/comments?post=6960"}],"version-history":[{"count":12,"href":"https:\/\/aemas.com\/de\/wp-json\/wp\/v2\/pages\/6960\/revisions"}],"predecessor-version":[{"id":9070,"href":"https:\/\/aemas.com\/de\/wp-json\/wp\/v2\/pages\/6960\/revisions\/9070"}],"wp:attachment":[{"href":"https:\/\/aemas.com\/de\/wp-json\/wp\/v2\/media?parent=6960"}],"curies":[{"name":"wp","href":"https:\/\/api.w.org\/{rel}","templated":true}]}}