{"id":6955,"date":"2023-06-15T09:02:26","date_gmt":"2023-06-15T07:02:26","guid":{"rendered":"https:\/\/aemas.com\/teledyne-cetac\/"},"modified":"2025-10-28T15:13:49","modified_gmt":"2025-10-28T14:13:49","slug":"teledyne-cetac","status":"publish","type":"page","link":"https:\/\/aemas.com\/de\/teledyne-cetac\/","title":{"rendered":"Teledyne Cetac"},"content":{"rendered":"\t\t<div data-elementor-type=\"wp-page\" data-elementor-id=\"6955\" class=\"elementor elementor-6955 elementor-4240\" data-elementor-post-type=\"page\">\n\t\t\t\t\t\t<section class=\"elementor-section elementor-top-section elementor-element elementor-element-f76c75c elementor-section-boxed elementor-section-height-default elementor-section-height-default\" data-id=\"f76c75c\" data-element_type=\"section\" data-e-type=\"section\">\n\t\t\t\t\t\t<div class=\"elementor-container elementor-column-gap-default\">\n\t\t\t\t\t<div class=\"elementor-column elementor-col-100 elementor-top-column elementor-element elementor-element-38fbf42\" data-id=\"38fbf42\" data-element_type=\"column\" data-e-type=\"column\">\n\t\t\t<div class=\"elementor-widget-wrap elementor-element-populated\">\n\t\t\t\t\t\t<div class=\"elementor-element elementor-element-d9f8cd0 elementor-widget elementor-widget-shortcode\" data-id=\"d9f8cd0\" data-element_type=\"widget\" data-e-type=\"widget\" data-widget_type=\"shortcode.default\">\n\t\t\t\t<div class=\"elementor-widget-container\">\n\t\t\t\t\t\t\t<div class=\"elementor-shortcode\"><nav  aria-label=\"Brotkr\u00fcmel\"><ol class=\"breadcrumb\" itemscope itemtype=\"https:\/\/schema.org\/BreadcrumbList\"><li class=\"breadcrumb-item active\" aria-current=\"page\" itemprop=\"itemListElement\" itemscope itemtype=\"https:\/\/schema.org\/ListItem\"><span itemprop=\"name\">Home<\/span><meta itemprop=\"position\" content=\"1\"><\/li><\/ol><\/nav>\n<\/div>\n\t\t\t\t\t\t<\/div>\n\t\t\t\t<\/div>\n\t\t\t\t<div class=\"elementor-element elementor-element-7a70838 elementor-widget elementor-widget-heading\" data-id=\"7a70838\" data-element_type=\"widget\" data-e-type=\"widget\" data-widget_type=\"heading.default\">\n\t\t\t\t<div class=\"elementor-widget-container\">\n\t\t\t\t\t<h1 class=\"elementor-heading-title elementor-size-xxl\">\u00dcber Teledyne Cetac<\/h1>\t\t\t\t<\/div>\n\t\t\t\t<\/div>\n\t\t\t\t<div class=\"elementor-element elementor-element-2ba445a elementor-widget-divider--view-line elementor-widget elementor-widget-divider\" data-id=\"2ba445a\" data-element_type=\"widget\" data-e-type=\"widget\" data-widget_type=\"divider.default\">\n\t\t\t\t<div class=\"elementor-widget-container\">\n\t\t\t\t\t\t\t<div class=\"elementor-divider\">\n\t\t\t<span class=\"elementor-divider-separator\">\n\t\t\t\t\t\t<\/span>\n\t\t<\/div>\n\t\t\t\t\t\t<\/div>\n\t\t\t\t<\/div>\n\t\t\t\t\t<\/div>\n\t\t<\/div>\n\t\t\t\t\t<\/div>\n\t\t<\/section>\n\t\t\t\t<section class=\"elementor-section elementor-top-section elementor-element elementor-element-d0f6d44 elementor-section-boxed elementor-section-height-default elementor-section-height-default\" data-id=\"d0f6d44\" data-element_type=\"section\" data-e-type=\"section\">\n\t\t\t\t\t\t<div class=\"elementor-container elementor-column-gap-default\">\n\t\t\t\t\t<div class=\"elementor-column elementor-col-100 elementor-top-column elementor-element elementor-element-b529963\" data-id=\"b529963\" data-element_type=\"column\" data-e-type=\"column\">\n\t\t\t<div class=\"elementor-widget-wrap elementor-element-populated\">\n\t\t\t\t\t\t<section class=\"elementor-section elementor-inner-section elementor-element elementor-element-f973c53 elementor-section-boxed elementor-section-height-default elementor-section-height-default\" data-id=\"f973c53\" data-element_type=\"section\" data-e-type=\"section\">\n\t\t\t\t\t\t<div class=\"elementor-container elementor-column-gap-default\">\n\t\t\t\t\t<div class=\"elementor-column elementor-col-50 elementor-inner-column elementor-element elementor-element-a23f57d\" data-id=\"a23f57d\" data-element_type=\"column\" data-e-type=\"column\">\n\t\t\t<div class=\"elementor-widget-wrap elementor-element-populated\">\n\t\t\t\t\t\t<div class=\"elementor-element elementor-element-c3c0d45 elementor-hidden-mobile elementor-widget elementor-widget-image\" data-id=\"c3c0d45\" data-element_type=\"widget\" data-e-type=\"widget\" data-widget_type=\"image.default\">\n\t\t\t\t<div class=\"elementor-widget-container\">\n\t\t\t\t\t\t\t\t\t\t\t\t\t\t\t<img alt=\"\" fetchpriority=\"high\" decoding=\"async\" width=\"350\" height=\"400\" src=\"https:\/\/aemas.com\/wp-content\/uploads\/2020\/09\/asx280.png\" class=\"attachment-large size-large wp-image-6476\" alt=\"\" srcset=\"https:\/\/aemas.com\/wp-content\/uploads\/2020\/09\/asx280.png 350w, https:\/\/aemas.com\/wp-content\/uploads\/2020\/09\/asx280-263x300.png 263w\" sizes=\"(max-width: 350px) 100vw, 350px\" \/>\t\t\t\t\t\t\t\t\t\t\t\t\t\t\t<\/div>\n\t\t\t\t<\/div>\n\t\t\t\t\t<\/div>\n\t\t<\/div>\n\t\t\t\t<div class=\"elementor-column elementor-col-50 elementor-inner-column elementor-element elementor-element-94ed4ed\" data-id=\"94ed4ed\" data-element_type=\"column\" data-e-type=\"column\">\n\t\t\t<div class=\"elementor-widget-wrap elementor-element-populated\">\n\t\t\t\t\t\t<div class=\"elementor-element elementor-element-2a38621 elementor-widget__width-initial elementor-widget elementor-widget-image\" data-id=\"2a38621\" data-element_type=\"widget\" data-e-type=\"widget\" data-widget_type=\"image.default\">\n\t\t\t\t<div class=\"elementor-widget-container\">\n\t\t\t\t\t\t\t\t\t\t\t\t\t\t\t<img alt=\"\" decoding=\"async\" width=\"800\" height=\"84\" src=\"https:\/\/aemas.com\/wp-content\/uploads\/2023\/07\/Cetac-1024x108.png\" class=\"attachment-large size-large wp-image-6626\" alt=\"\" srcset=\"https:\/\/aemas.com\/wp-content\/uploads\/2023\/07\/Cetac-1024x108.png 1024w, https:\/\/aemas.com\/wp-content\/uploads\/2023\/07\/Cetac-300x32.png 300w, https:\/\/aemas.com\/wp-content\/uploads\/2023\/07\/Cetac-768x81.png 768w, https:\/\/aemas.com\/wp-content\/uploads\/2023\/07\/Cetac-1536x162.png 1536w, https:\/\/aemas.com\/wp-content\/uploads\/2023\/07\/Cetac-2048x216.png 2048w\" sizes=\"(max-width: 800px) 100vw, 800px\" \/>\t\t\t\t\t\t\t\t\t\t\t\t\t\t\t<\/div>\n\t\t\t\t<\/div>\n\t\t\t\t<div class=\"elementor-element elementor-element-be4b351 elementor-widget elementor-widget-spacer\" data-id=\"be4b351\" data-element_type=\"widget\" data-e-type=\"widget\" data-widget_type=\"spacer.default\">\n\t\t\t\t<div class=\"elementor-widget-container\">\n\t\t\t\t\t\t\t<div class=\"elementor-spacer\">\n\t\t\t<div class=\"elementor-spacer-inner\"><\/div>\n\t\t<\/div>\n\t\t\t\t\t\t<\/div>\n\t\t\t\t<\/div>\n\t\t\t\t<div class=\"elementor-element elementor-element-cbec7bc elementor-widget elementor-widget-text-editor\" data-id=\"cbec7bc\" data-element_type=\"widget\" data-e-type=\"widget\" data-widget_type=\"text-editor.default\">\n\t\t\t\t<div class=\"elementor-widget-container\">\n\t\t\t\t\t\t\t\t\t<p>Teledyne CETAC Technologies bietet eine umfassende Palette an produktbasierten L\u00f6sungen f\u00fcr die Analyse von Elementen in Proben, die von Trinkwasser und hochreinen S\u00e4uren bis hin zu radioaktivem Abfall reichen.<\/p>\t\t\t\t\t\t\t\t<\/div>\n\t\t\t\t<\/div>\n\t\t\t\t<div class=\"elementor-element elementor-element-3064bbc elementor-widget elementor-widget-heading\" data-id=\"3064bbc\" data-element_type=\"widget\" data-e-type=\"widget\" data-widget_type=\"heading.default\">\n\t\t\t\t<div class=\"elementor-widget-container\">\n\t\t\t\t\t<h2 class=\"elementor-heading-title elementor-size-xl\">\u00dcber Cetac<\/h2>\t\t\t\t<\/div>\n\t\t\t\t<\/div>\n\t\t\t\t<div class=\"elementor-element elementor-element-71da75c elementor-widget elementor-widget-text-editor\" data-id=\"71da75c\" data-element_type=\"widget\" data-e-type=\"widget\" data-widget_type=\"text-editor.default\">\n\t\t\t\t<div class=\"elementor-widget-container\">\n\t\t\t\t\t\t\t\t\tTeledyne CETAC Technologies ist weltweit f\u00fchrend in der Ausr\u00fcstung f\u00fcr \ndie Probenpr\u00e4sentation und Probenbearbeitung f\u00fcr die Elementaranalyse. \nSie bieten eine breite Palette von produktbasierten L\u00f6sungen zur Analyse\n von Elementen in Proben, einschlie\u00dflich Trinkwasser, hochreinen S\u00e4uren \nund hochviskosen Proben.\t\t\t\t\t\t\t\t<\/div>\n\t\t\t\t<\/div>\n\t\t\t\t<div class=\"elementor-element elementor-element-a88f1ba elementor-widget elementor-widget-button\" data-id=\"a88f1ba\" data-element_type=\"widget\" data-e-type=\"widget\" data-widget_type=\"button.default\">\n\t\t\t\t<div class=\"elementor-widget-container\">\n\t\t\t\t\t\t\t\t\t<div class=\"elementor-button-wrapper\">\n\t\t\t\t\t<a class=\"elementor-button elementor-button-link elementor-size-md\" href=\"https:\/\/aemas.com\/de\/kontakt\/\">\n\t\t\t\t\t\t<span class=\"elementor-button-content-wrapper\">\n\t\t\t\t\t\t\t\t\t<span class=\"elementor-button-text\">Kontaktieren Sie uns<\/span>\n\t\t\t\t\t<\/span>\n\t\t\t\t\t<\/a>\n\t\t\t\t<\/div>\n\t\t\t\t\t\t\t\t<\/div>\n\t\t\t\t<\/div>\n\t\t\t\t\t<\/div>\n\t\t<\/div>\n\t\t\t\t\t<\/div>\n\t\t<\/section>\n\t\t\t\t\t<\/div>\n\t\t<\/div>\n\t\t\t\t\t<\/div>\n\t\t<\/section>\n\t\t\t\t<section class=\"elementor-section elementor-top-section elementor-element elementor-element-d785a32 elementor-section-boxed elementor-section-height-default elementor-section-height-default\" data-id=\"d785a32\" data-element_type=\"section\" data-e-type=\"section\">\n\t\t\t\t\t\t<div class=\"elementor-container elementor-column-gap-default\">\n\t\t\t\t\t<div class=\"elementor-column elementor-col-100 elementor-top-column elementor-element elementor-element-d02c777 elementor-hidden-tablet elementor-hidden-mobile\" data-id=\"d02c777\" data-element_type=\"column\" data-e-type=\"column\">\n\t\t\t<div class=\"elementor-widget-wrap elementor-element-populated\">\n\t\t\t\t\t\t<div class=\"elementor-element elementor-element-fa58c7f elementor-nav-menu--dropdown-tablet elementor-nav-menu__text-align-aside elementor-nav-menu--toggle elementor-nav-menu--burger elementor-widget elementor-widget-nav-menu\" data-id=\"fa58c7f\" data-element_type=\"widget\" data-e-type=\"widget\" data-settings=\"{&quot;layout&quot;:&quot;horizontal&quot;,&quot;submenu_icon&quot;:{&quot;value&quot;:&quot;&lt;i class=\\&quot;fas fa-caret-down\\&quot; aria-hidden=\\&quot;true\\&quot;&gt;&lt;\\\/i&gt;&quot;,&quot;library&quot;:&quot;fa-solid&quot;},&quot;toggle&quot;:&quot;burger&quot;}\" data-widget_type=\"nav-menu.default\">\n\t\t\t\t<div class=\"elementor-widget-container\">\n\t\t\t\t\t\t\t\t<nav aria-label=\"Men\u00fc\" class=\"elementor-nav-menu--main elementor-nav-menu__container elementor-nav-menu--layout-horizontal e--pointer-underline e--animation-fade\">\n\t\t\t\t<ul id=\"menu-1-fa58c7f\" class=\"elementor-nav-menu\"><li class=\"menu-item menu-item-type-custom menu-item-object-custom menu-item-7098\"><a href=\"https:\/\/aemas.com\/mercury-analyzers\/\" class=\"elementor-item\">Mercury Analyzers<\/a><\/li>\n<li class=\"menu-item menu-item-type-custom menu-item-object-custom menu-item-7099\"><a href=\"https:\/\/aemas.com\/toc-analyzers\/\" class=\"elementor-item\">TOC Analyzers<\/a><\/li>\n<li class=\"menu-item menu-item-type-custom menu-item-object-custom menu-item-7100\"><a href=\"https:\/\/aemas.com\/voc-instruments\/\" class=\"elementor-item\">VOC Analyzers<\/a><\/li>\n<li class=\"menu-item menu-item-type-custom menu-item-object-custom menu-item-7101\"><a href=\"https:\/\/aemas.com\/automation\/\" class=\"elementor-item\">Automation<\/a><\/li>\n<li class=\"menu-item menu-item-type-custom menu-item-object-custom menu-item-7102\"><a href=\"https:\/\/aemas.com\/Sample-introduction\/\" class=\"elementor-item\">Sample Introduction<\/a><\/li>\n<li class=\"menu-item menu-item-type-custom menu-item-object-custom menu-item-7103\"><a href=\"https:\/\/aemas.com\/sample-preperation\/\" class=\"elementor-item\">Sample Preperation<\/a><\/li>\n<\/ul>\t\t\t<\/nav>\n\t\t\t\t\t<div class=\"elementor-menu-toggle\" role=\"button\" tabindex=\"0\" aria-label=\"Men\u00fc Umschalter\" aria-expanded=\"false\">\n\t\t\t<i aria-hidden=\"true\" role=\"presentation\" class=\"elementor-menu-toggle__icon--open eicon-menu-bar\"><\/i><i aria-hidden=\"true\" role=\"presentation\" class=\"elementor-menu-toggle__icon--close eicon-close\"><\/i>\t\t<\/div>\n\t\t\t\t\t<nav class=\"elementor-nav-menu--dropdown elementor-nav-menu__container\" aria-hidden=\"true\">\n\t\t\t\t<ul id=\"menu-2-fa58c7f\" class=\"elementor-nav-menu\"><li class=\"menu-item menu-item-type-custom menu-item-object-custom menu-item-7098\"><a href=\"https:\/\/aemas.com\/mercury-analyzers\/\" class=\"elementor-item\" tabindex=\"-1\">Mercury Analyzers<\/a><\/li>\n<li class=\"menu-item menu-item-type-custom menu-item-object-custom menu-item-7099\"><a href=\"https:\/\/aemas.com\/toc-analyzers\/\" class=\"elementor-item\" tabindex=\"-1\">TOC Analyzers<\/a><\/li>\n<li class=\"menu-item menu-item-type-custom menu-item-object-custom menu-item-7100\"><a href=\"https:\/\/aemas.com\/voc-instruments\/\" class=\"elementor-item\" tabindex=\"-1\">VOC Analyzers<\/a><\/li>\n<li class=\"menu-item menu-item-type-custom menu-item-object-custom menu-item-7101\"><a href=\"https:\/\/aemas.com\/automation\/\" class=\"elementor-item\" tabindex=\"-1\">Automation<\/a><\/li>\n<li class=\"menu-item menu-item-type-custom menu-item-object-custom menu-item-7102\"><a href=\"https:\/\/aemas.com\/Sample-introduction\/\" class=\"elementor-item\" tabindex=\"-1\">Sample Introduction<\/a><\/li>\n<li class=\"menu-item menu-item-type-custom menu-item-object-custom menu-item-7103\"><a href=\"https:\/\/aemas.com\/sample-preperation\/\" class=\"elementor-item\" tabindex=\"-1\">Sample Preperation<\/a><\/li>\n<\/ul>\t\t\t<\/nav>\n\t\t\t\t\t\t<\/div>\n\t\t\t\t<\/div>\n\t\t\t\t\t<\/div>\n\t\t<\/div>\n\t\t\t\t\t<\/div>\n\t\t<\/section>\n\t\t\t\t<section class=\"elementor-section elementor-top-section elementor-element elementor-element-bd01461 elementor-section-boxed elementor-section-height-default elementor-section-height-default\" data-id=\"bd01461\" data-element_type=\"section\" data-e-type=\"section\">\n\t\t\t\t\t\t<div class=\"elementor-container elementor-column-gap-default\">\n\t\t\t\t\t<div class=\"elementor-column elementor-col-100 elementor-top-column elementor-element elementor-element-8e31a0f\" data-id=\"8e31a0f\" data-element_type=\"column\" data-e-type=\"column\">\n\t\t\t<div class=\"elementor-widget-wrap elementor-element-populated\">\n\t\t\t\t\t\t\t<\/div>\n\t\t<\/div>\n\t\t\t\t\t<\/div>\n\t\t<\/section>\n\t\t\t\t<\/div>\n\t\t","protected":false},"excerpt":{"rendered":"<p>\u00dcber Teledyne Cetac Teledyne CETAC Technologies bietet eine umfassende Palette an produktbasierten L\u00f6sungen f\u00fcr die Analyse von Elementen in Proben, die von Trinkwasser und hochreinen S\u00e4uren bis hin zu radioaktivem Abfall reichen. \u00dcber Cetac Teledyne CETAC Technologies ist weltweit f\u00fchrend in der Ausr\u00fcstung f\u00fcr die Probenpr\u00e4sentation und Probenbearbeitung f\u00fcr die Elementaranalyse. Sie bieten eine breite [&hellip;]<\/p>\n","protected":false},"author":2334,"featured_media":0,"parent":0,"menu_order":0,"comment_status":"closed","ping_status":"closed","template":"elementor_header_footer","meta":{"_acf_changed":false,"_seopress_robots_primary_cat":"","_seopress_titles_title":"","_seopress_titles_desc":"","_seopress_robots_index":"","footnotes":""},"class_list":["post-6955","page","type-page","status-publish","hentry"],"acf":[],"_links":{"self":[{"href":"https:\/\/aemas.com\/de\/wp-json\/wp\/v2\/pages\/6955","targetHints":{"allow":["GET"]}}],"collection":[{"href":"https:\/\/aemas.com\/de\/wp-json\/wp\/v2\/pages"}],"about":[{"href":"https:\/\/aemas.com\/de\/wp-json\/wp\/v2\/types\/page"}],"author":[{"embeddable":true,"href":"https:\/\/aemas.com\/de\/wp-json\/wp\/v2\/users\/2334"}],"replies":[{"embeddable":true,"href":"https:\/\/aemas.com\/de\/wp-json\/wp\/v2\/comments?post=6955"}],"version-history":[{"count":18,"href":"https:\/\/aemas.com\/de\/wp-json\/wp\/v2\/pages\/6955\/revisions"}],"predecessor-version":[{"id":11261,"href":"https:\/\/aemas.com\/de\/wp-json\/wp\/v2\/pages\/6955\/revisions\/11261"}],"wp:attachment":[{"href":"https:\/\/aemas.com\/de\/wp-json\/wp\/v2\/media?parent=6955"}],"curies":[{"name":"wp","href":"https:\/\/api.w.org\/{rel}","templated":true}]}}