{"id":6947,"date":"2023-07-07T09:41:35","date_gmt":"2023-07-07T07:41:35","guid":{"rendered":"https:\/\/aemas.com\/teledyne\/"},"modified":"2023-11-29T11:02:21","modified_gmt":"2023-11-29T10:02:21","slug":"teledyne","status":"publish","type":"page","link":"https:\/\/aemas.com\/de\/teledyne\/","title":{"rendered":"Teledyne"},"content":{"rendered":"\t\t<div data-elementor-type=\"wp-page\" data-elementor-id=\"6947\" class=\"elementor elementor-6947 elementor-5403\" data-elementor-post-type=\"page\">\n\t\t\t\t\t\t<section class=\"elementor-section elementor-top-section elementor-element elementor-element-086d23b elementor-section-boxed elementor-section-height-default elementor-section-height-default\" data-id=\"086d23b\" data-element_type=\"section\" data-e-type=\"section\">\n\t\t\t\t\t\t<div class=\"elementor-container elementor-column-gap-default\">\n\t\t\t\t\t<div class=\"elementor-column elementor-col-100 elementor-top-column elementor-element elementor-element-573d8e7\" data-id=\"573d8e7\" data-element_type=\"column\" data-e-type=\"column\">\n\t\t\t<div class=\"elementor-widget-wrap elementor-element-populated\">\n\t\t\t\t\t\t<div class=\"elementor-element elementor-element-8bd8ffa elementor-widget elementor-widget-spacer\" data-id=\"8bd8ffa\" data-element_type=\"widget\" data-e-type=\"widget\" data-widget_type=\"spacer.default\">\n\t\t\t\t<div class=\"elementor-widget-container\">\n\t\t\t\t\t\t\t<div class=\"elementor-spacer\">\n\t\t\t<div class=\"elementor-spacer-inner\"><\/div>\n\t\t<\/div>\n\t\t\t\t\t\t<\/div>\n\t\t\t\t<\/div>\n\t\t\t\t<div class=\"elementor-element elementor-element-2f661fe elementor-widget elementor-widget-heading\" data-id=\"2f661fe\" data-element_type=\"widget\" data-e-type=\"widget\" data-widget_type=\"heading.default\">\n\t\t\t\t<div class=\"elementor-widget-container\">\n\t\t\t\t\t<h1 class=\"elementor-heading-title elementor-size-xxl\">\u00dcber Teledyne<\/h1>\t\t\t\t<\/div>\n\t\t\t\t<\/div>\n\t\t\t\t<div class=\"elementor-element elementor-element-d8808af elementor-widget__width-initial elementor-widget-divider--view-line elementor-widget elementor-widget-divider\" data-id=\"d8808af\" data-element_type=\"widget\" data-e-type=\"widget\" data-widget_type=\"divider.default\">\n\t\t\t\t<div class=\"elementor-widget-container\">\n\t\t\t\t\t\t\t<div class=\"elementor-divider\">\n\t\t\t<span class=\"elementor-divider-separator\">\n\t\t\t\t\t\t<\/span>\n\t\t<\/div>\n\t\t\t\t\t\t<\/div>\n\t\t\t\t<\/div>\n\t\t\t\t\t<\/div>\n\t\t<\/div>\n\t\t\t\t\t<\/div>\n\t\t<\/section>\n\t\t\t\t<section class=\"elementor-section elementor-top-section elementor-element elementor-element-7f3f9b2 elementor-section-boxed elementor-section-height-default elementor-section-height-default\" data-id=\"7f3f9b2\" data-element_type=\"section\" data-e-type=\"section\">\n\t\t\t\t\t\t<div class=\"elementor-container elementor-column-gap-default\">\n\t\t\t\t\t<div class=\"elementor-column elementor-col-50 elementor-top-column elementor-element elementor-element-56455e3\" data-id=\"56455e3\" data-element_type=\"column\" data-e-type=\"column\">\n\t\t\t<div class=\"elementor-widget-wrap elementor-element-populated\">\n\t\t\t\t\t\t<div class=\"elementor-element elementor-element-06f7305 elementor-widget elementor-widget-heading\" data-id=\"06f7305\" data-element_type=\"widget\" data-e-type=\"widget\" data-widget_type=\"heading.default\">\n\t\t\t\t<div class=\"elementor-widget-container\">\n\t\t\t\t\t<h2 class=\"elementor-heading-title elementor-size-xl\">\u00dcber Teledyne<\/h2>\t\t\t\t<\/div>\n\t\t\t\t<\/div>\n\t\t\t\t<div class=\"elementor-element elementor-element-3ad7d02 elementor-widget elementor-widget-text-editor\" data-id=\"3ad7d02\" data-element_type=\"widget\" data-e-type=\"widget\" data-widget_type=\"text-editor.default\">\n\t\t\t\t<div class=\"elementor-widget-container\">\n\t\t\t\t\t\t\t\t\t<p>Teledyne steht an vorderster Front der Innovation und bietet modernste Technologie, um den Fortschritt zahlreicher Industriezweige voranzutreiben. Von Luft- und Raumfahrt \u00fcber Verteidigung bis hin zur Umwelt\u00fcberwachung und von medizinischer Bildgebung bis zur pharmazeutischen Forschung bilden Teledyne-Technologien das R\u00fcckgrat kritischer Prozesse in diesen Branchen.<\/p><p>Bei Aemas sind wir stolz darauf, mit Teledyne in Verbindung gebracht zu werden und ihren fortschrittlichen Instrumenten und L\u00f6sungen unseren gesch\u00e4tzten Kunden anzubieten. Unsere Partnerschaft erm\u00f6glicht es uns, Ihnen die Vorteile von Teledynes modernster Technologie anzubieten, unterst\u00fctzt von unserem unersch\u00fctterlichen Engagement f\u00fcr exzellenten Service.<\/p>\t\t\t\t\t\t\t\t<\/div>\n\t\t\t\t<\/div>\n\t\t\t\t<div class=\"elementor-element elementor-element-4f38444 elementor-widget elementor-widget-button\" data-id=\"4f38444\" data-element_type=\"widget\" data-e-type=\"widget\" data-widget_type=\"button.default\">\n\t\t\t\t<div class=\"elementor-widget-container\">\n\t\t\t\t\t\t\t\t\t<div class=\"elementor-button-wrapper\">\n\t\t\t\t\t<a class=\"elementor-button elementor-button-link elementor-size-sm\" href=\"https:\/\/www.teledyne.com\" target=\"_blank\">\n\t\t\t\t\t\t<span class=\"elementor-button-content-wrapper\">\n\t\t\t\t\t\t\t\t\t<span class=\"elementor-button-text\">Lieferanten besuchen<\/span>\n\t\t\t\t\t<\/span>\n\t\t\t\t\t<\/a>\n\t\t\t\t<\/div>\n\t\t\t\t\t\t\t\t<\/div>\n\t\t\t\t<\/div>\n\t\t\t\t\t<\/div>\n\t\t<\/div>\n\t\t\t\t<div class=\"elementor-column elementor-col-50 elementor-top-column elementor-element elementor-element-b606b53\" data-id=\"b606b53\" data-element_type=\"column\" data-e-type=\"column\">\n\t\t\t<div class=\"elementor-widget-wrap elementor-element-populated\">\n\t\t\t\t\t\t<div class=\"elementor-element elementor-element-19d3f4d elementor-widget elementor-widget-heading\" data-id=\"19d3f4d\" data-element_type=\"widget\" data-e-type=\"widget\" data-widget_type=\"heading.default\">\n\t\t\t\t<div class=\"elementor-widget-container\">\n\t\t\t\t\t<h2 class=\"elementor-heading-title elementor-size-xl\">Die Nutzung von Teledyne-Technologien<\/h2>\t\t\t\t<\/div>\n\t\t\t\t<\/div>\n\t\t\t\t<div class=\"elementor-element elementor-element-f970945 elementor-widget elementor-widget-text-editor\" data-id=\"f970945\" data-element_type=\"widget\" data-e-type=\"widget\" data-widget_type=\"text-editor.default\">\n\t\t\t\t<div class=\"elementor-widget-container\">\n\t\t\t\t\t\t\t\t\t<p>Die Philosophie von Teledyne, &#8222;Proof Is Everywhereyoulook\u2122,&#8220; verk\u00f6rpert ihr Engagement, Technologie bereitzustellen, die in einer Vielzahl von Branchen sp\u00fcrbare Auswirkungen hat. Die Kraft der Teledyne-Technologie spiegelt sich in der breiten Palette von Teledyne-Produkten wider, die wir anbieten, von denen jedes darauf ausgelegt ist, die Leistung zu verbessern, die Effizienz zu steigern und die Zuverl\u00e4ssigkeit in ihren jeweiligen Bereichen zu gew\u00e4hrleisten.<\/p><p>Teledyne-Instrumente sind entscheidend f\u00fcr die Erfassung, \u00dcbertragung und Analyse von Informationen und erm\u00f6glichen es den Branchen, zu gedeihen und zu wachsen. Diese Technologien finden Anwendungen in der Fabrikautomation, der \u00dcberwachung der Luft- und Wasserqualit\u00e4t, dem Design und der Entwicklung von Elektronik und der Meeresforschung, unter anderem.<\/p>\t\t\t\t\t\t\t\t<\/div>\n\t\t\t\t<\/div>\n\t\t\t\t\t<\/div>\n\t\t<\/div>\n\t\t\t\t\t<\/div>\n\t\t<\/section>\n\t\t\t\t<section class=\"elementor-section elementor-top-section elementor-element elementor-element-d172042 elementor-section-boxed elementor-section-height-default elementor-section-height-default\" data-id=\"d172042\" data-element_type=\"section\" data-e-type=\"section\">\n\t\t\t\t\t\t<div class=\"elementor-container elementor-column-gap-default\">\n\t\t\t\t\t<div class=\"elementor-column elementor-col-100 elementor-top-column elementor-element elementor-element-f9744cc\" data-id=\"f9744cc\" data-element_type=\"column\" data-e-type=\"column\">\n\t\t\t<div class=\"elementor-widget-wrap elementor-element-populated\">\n\t\t\t\t\t\t<div class=\"elementor-element elementor-element-5275435 elementor-widget__width-initial elementor-widget-divider--view-line elementor-widget elementor-widget-divider\" data-id=\"5275435\" data-element_type=\"widget\" data-e-type=\"widget\" data-widget_type=\"divider.default\">\n\t\t\t\t<div class=\"elementor-widget-container\">\n\t\t\t\t\t\t\t<div class=\"elementor-divider\">\n\t\t\t<span class=\"elementor-divider-separator\">\n\t\t\t\t\t\t<\/span>\n\t\t<\/div>\n\t\t\t\t\t\t<\/div>\n\t\t\t\t<\/div>\n\t\t\t\t\t<\/div>\n\t\t<\/div>\n\t\t\t\t\t<\/div>\n\t\t<\/section>\n\t\t\t\t<section class=\"elementor-section elementor-top-section elementor-element elementor-element-528bedf elementor-section-boxed elementor-section-height-default elementor-section-height-default\" data-id=\"528bedf\" data-element_type=\"section\" data-e-type=\"section\">\n\t\t\t\t\t\t<div class=\"elementor-container elementor-column-gap-default\">\n\t\t\t\t\t<div class=\"elementor-column elementor-col-50 elementor-top-column elementor-element elementor-element-ba58cde\" data-id=\"ba58cde\" data-element_type=\"column\" data-e-type=\"column\">\n\t\t\t<div class=\"elementor-widget-wrap elementor-element-populated\">\n\t\t\t\t\t\t<div class=\"elementor-element elementor-element-92f1d3f elementor-widget elementor-widget-heading\" data-id=\"92f1d3f\" data-element_type=\"widget\" data-e-type=\"widget\" data-widget_type=\"heading.default\">\n\t\t\t\t<div class=\"elementor-widget-container\">\n\t\t\t\t\t<h2 class=\"elementor-heading-title elementor-size-xl\">Die Kluft zwischen Innovation und Anwendung \u00fcberbr\u00fccken<\/h2>\t\t\t\t<\/div>\n\t\t\t\t<\/div>\n\t\t\t\t<div class=\"elementor-element elementor-element-2bc88ce elementor-widget elementor-widget-text-editor\" data-id=\"2bc88ce\" data-element_type=\"widget\" data-e-type=\"widget\" data-widget_type=\"text-editor.default\">\n\t\t\t\t<div class=\"elementor-widget-container\">\n\t\t\t\t\t\t\t\t\t<p>Die Vielseitigkeit der Teledyne-Technologien wird weiterhin durch ihre vielf\u00e4ltige Produktpalette verdeutlicht. Diese umfassen Werkzeuge f\u00fcr den Energiesektor, Instrumente f\u00fcr die medizinische Bildgebung und Ger\u00e4te f\u00fcr die pharmazeutische Forschung, unter anderem.<\/p><p>Bei Aemas stellen wir diese Teledyne-Produkte unseren Kunden zur Verf\u00fcgung, um sicherzustellen, dass sie Zugang zu modernster Technologie haben, um ihren individuellen Bed\u00fcrfnissen gerecht zu werden. Unser Fokus liegt darauf, L\u00f6sungen anzubieten, die nicht nur den Verkauf eines Instruments umfassen, sondern auch sicherstellen, dass unsere Kunden dessen Betrieb und Anwendung verstehen.<\/p>\t\t\t\t\t\t\t\t<\/div>\n\t\t\t\t<\/div>\n\t\t\t\t\t<\/div>\n\t\t<\/div>\n\t\t\t\t<div class=\"elementor-column elementor-col-50 elementor-top-column elementor-element elementor-element-6e52055\" data-id=\"6e52055\" data-element_type=\"column\" data-e-type=\"column\">\n\t\t\t<div class=\"elementor-widget-wrap elementor-element-populated\">\n\t\t\t\t\t\t<div class=\"elementor-element elementor-element-ea71319 elementor-widget elementor-widget-heading\" data-id=\"ea71319\" data-element_type=\"widget\" data-e-type=\"widget\" data-widget_type=\"heading.default\">\n\t\t\t\t<div class=\"elementor-widget-container\">\n\t\t\t\t\t<h2 class=\"elementor-heading-title elementor-size-xl\">Eine Partnerschaft f\u00fcr Exzellenz<\/h2>\t\t\t\t<\/div>\n\t\t\t\t<\/div>\n\t\t\t\t<div class=\"elementor-element elementor-element-ba614d2 elementor-widget elementor-widget-text-editor\" data-id=\"ba614d2\" data-element_type=\"widget\" data-e-type=\"widget\" data-widget_type=\"text-editor.default\">\n\t\t\t\t<div class=\"elementor-widget-container\">\n\t\t\t\t\t\t\t\t\t<p>Die Partnerschaft von Aemas mit Teledyne unterstreicht unser Engagement, unseren Kunden das Beste in L\u00f6sungen f\u00fcr die Elementaranalyse zu bieten. Wir glauben an die Kraft der Teledyne-Technologie und ihre F\u00e4higkeit, das Wachstum in verschiedenen Industriem\u00e4rkten voranzutreiben.<\/p><p>Kontaktieren Sie uns noch heute und lassen Sie unser Team Ihnen bei der Auswahl der idealen Teledyne-Instrumente f\u00fcr Ihre spezifischen Anforderungen helfen. Mit Aemas und Teledyne investieren Sie nicht nur in ein Instrument &#8211; Sie investieren in eine L\u00f6sung.<\/p><div class=\"flex justify-between lg:block\"><div class=\"text-gray-400 flex self-end lg:self-center justify-center mt-2 gap-2 md:gap-3 lg:gap-1 lg:absolute lg:top-0 lg:translate-x-full lg:right-0 lg:mt-0 lg:pl-2 visible\">\u00a0<\/div><\/div><div class=\"flex-1 overflow-hidden\"><div class=\"react-scroll-to-bottom--css-halxn-79elbk h-full dark:bg-gray-800\"><div class=\"react-scroll-to-bottom--css-halxn-1n7m0yu\"><div class=\"flex flex-col text-sm dark:bg-gray-800\"><div class=\"h-32 md:h-48 flex-shrink-0\">\u00a0<\/div><\/div><\/div><\/div><\/div><div><div class=\"h-full flex ml-1 md:w-full md:m-auto md:mb-4 gap-0 md:gap-2 justify-center\"><div class=\"grow\">\u00a0<\/div><div class=\"flex items-center md:items-end\"><div style=\"opacity: 1;\" data-projection-id=\"240\">\u00a0<\/div><\/div><\/div><\/div>\t\t\t\t\t\t\t\t<\/div>\n\t\t\t\t<\/div>\n\t\t\t\t\t<\/div>\n\t\t<\/div>\n\t\t\t\t\t<\/div>\n\t\t<\/section>\n\t\t\t\t<\/div>\n\t\t","protected":false},"excerpt":{"rendered":"<p>\u00dcber Teledyne \u00dcber Teledyne Teledyne steht an vorderster Front der Innovation und bietet modernste Technologie, um den Fortschritt zahlreicher Industriezweige voranzutreiben. Von Luft- und Raumfahrt \u00fcber Verteidigung bis hin zur Umwelt\u00fcberwachung und von medizinischer Bildgebung bis zur pharmazeutischen Forschung bilden Teledyne-Technologien das R\u00fcckgrat kritischer Prozesse in diesen Branchen. Bei Aemas sind wir stolz darauf, mit [&hellip;]<\/p>\n","protected":false},"author":2334,"featured_media":0,"parent":0,"menu_order":0,"comment_status":"closed","ping_status":"closed","template":"elementor_header_footer","meta":{"_acf_changed":false,"_seopress_robots_primary_cat":"","_seopress_titles_title":"","_seopress_titles_desc":"","_seopress_robots_index":"","footnotes":""},"class_list":["post-6947","page","type-page","status-publish","hentry"],"acf":[],"_links":{"self":[{"href":"https:\/\/aemas.com\/de\/wp-json\/wp\/v2\/pages\/6947","targetHints":{"allow":["GET"]}}],"collection":[{"href":"https:\/\/aemas.com\/de\/wp-json\/wp\/v2\/pages"}],"about":[{"href":"https:\/\/aemas.com\/de\/wp-json\/wp\/v2\/types\/page"}],"author":[{"embeddable":true,"href":"https:\/\/aemas.com\/de\/wp-json\/wp\/v2\/users\/2334"}],"replies":[{"embeddable":true,"href":"https:\/\/aemas.com\/de\/wp-json\/wp\/v2\/comments?post=6947"}],"version-history":[{"count":23,"href":"https:\/\/aemas.com\/de\/wp-json\/wp\/v2\/pages\/6947\/revisions"}],"predecessor-version":[{"id":9058,"href":"https:\/\/aemas.com\/de\/wp-json\/wp\/v2\/pages\/6947\/revisions\/9058"}],"wp:attachment":[{"href":"https:\/\/aemas.com\/de\/wp-json\/wp\/v2\/media?parent=6947"}],"curies":[{"name":"wp","href":"https:\/\/api.w.org\/{rel}","templated":true}]}}