{"id":6921,"date":"2016-01-15T21:31:50","date_gmt":"2016-01-15T20:31:50","guid":{"rendered":"https:\/\/aemas.com\/over-ons\/"},"modified":"2023-09-20T09:12:54","modified_gmt":"2023-09-20T07:12:54","slug":"ueber-uns","status":"publish","type":"page","link":"https:\/\/aemas.com\/de\/ueber-uns\/","title":{"rendered":"\u00dcber uns"},"content":{"rendered":"\t\t<div data-elementor-type=\"wp-page\" data-elementor-id=\"6921\" class=\"elementor elementor-6921 elementor-5\" data-elementor-post-type=\"page\">\n\t\t\t\t\t\t<section class=\"elementor-section elementor-top-section elementor-element elementor-element-3d56be0 elementor-section-boxed elementor-section-height-default elementor-section-height-default\" data-id=\"3d56be0\" data-element_type=\"section\" data-e-type=\"section\">\n\t\t\t\t\t\t<div class=\"elementor-container elementor-column-gap-default\">\n\t\t\t\t\t<div class=\"elementor-column elementor-col-100 elementor-top-column elementor-element elementor-element-bee627c\" data-id=\"bee627c\" data-element_type=\"column\" data-e-type=\"column\">\n\t\t\t<div class=\"elementor-widget-wrap elementor-element-populated\">\n\t\t\t\t\t\t<div class=\"elementor-element elementor-element-7862363 elementor-widget elementor-widget-spacer\" data-id=\"7862363\" data-element_type=\"widget\" data-e-type=\"widget\" data-widget_type=\"spacer.default\">\n\t\t\t\t<div class=\"elementor-widget-container\">\n\t\t\t\t\t\t\t<div class=\"elementor-spacer\">\n\t\t\t<div class=\"elementor-spacer-inner\"><\/div>\n\t\t<\/div>\n\t\t\t\t\t\t<\/div>\n\t\t\t\t<\/div>\n\t\t\t\t<div class=\"elementor-element elementor-element-e4ec41d elementor-widget elementor-widget-heading\" data-id=\"e4ec41d\" data-element_type=\"widget\" data-e-type=\"widget\" data-widget_type=\"heading.default\">\n\t\t\t\t<div class=\"elementor-widget-container\">\n\t\t\t\t\t<h2 class=\"elementor-heading-title elementor-size-xxl\">\u00dcber uns<\/h2>\t\t\t\t<\/div>\n\t\t\t\t<\/div>\n\t\t\t\t<div class=\"elementor-element elementor-element-537ecb1 elementor-widget__width-initial elementor-widget-divider--view-line elementor-widget elementor-widget-divider\" data-id=\"537ecb1\" data-element_type=\"widget\" data-e-type=\"widget\" data-widget_type=\"divider.default\">\n\t\t\t\t<div class=\"elementor-widget-container\">\n\t\t\t\t\t\t\t<div class=\"elementor-divider\">\n\t\t\t<span class=\"elementor-divider-separator\">\n\t\t\t\t\t\t<\/span>\n\t\t<\/div>\n\t\t\t\t\t\t<\/div>\n\t\t\t\t<\/div>\n\t\t\t\t\t<\/div>\n\t\t<\/div>\n\t\t\t\t\t<\/div>\n\t\t<\/section>\n\t\t\t\t<section class=\"elementor-section elementor-top-section elementor-element elementor-element-7df14ba elementor-section-boxed elementor-section-height-default elementor-section-height-default\" data-id=\"7df14ba\" data-element_type=\"section\" data-e-type=\"section\">\n\t\t\t\t\t\t<div class=\"elementor-container elementor-column-gap-default\">\n\t\t\t\t\t<div class=\"elementor-column elementor-col-66 elementor-top-column elementor-element elementor-element-e8f0d91\" data-id=\"e8f0d91\" data-element_type=\"column\" data-e-type=\"column\">\n\t\t\t<div class=\"elementor-widget-wrap elementor-element-populated\">\n\t\t\t\t\t\t<div class=\"elementor-element elementor-element-f24300e elementor-widget elementor-widget-text-editor\" data-id=\"f24300e\" data-element_type=\"widget\" data-e-type=\"widget\" data-widget_type=\"text-editor.default\">\n\t\t\t\t<div class=\"elementor-widget-container\">\n\t\t\t\t\t\t\t\t\t<p>Aemas steht f\u00fcr Service und Kundenorientierung. Wir arbeiten mit dem Kunden zusammen, um eine L\u00f6sung zu finden.<\/p>\t\t\t\t\t\t\t\t<\/div>\n\t\t\t\t<\/div>\n\t\t\t\t<div class=\"elementor-element elementor-element-a5942a9 elementor-widget elementor-widget-button\" data-id=\"a5942a9\" data-element_type=\"widget\" data-e-type=\"widget\" data-widget_type=\"button.default\">\n\t\t\t\t<div class=\"elementor-widget-container\">\n\t\t\t\t\t\t\t\t\t<div class=\"elementor-button-wrapper\">\n\t\t\t\t\t<a class=\"elementor-button elementor-button-link elementor-size-md\" href=\"https:\/\/aemas.com\/de\/kontakt\/\">\n\t\t\t\t\t\t<span class=\"elementor-button-content-wrapper\">\n\t\t\t\t\t\t\t\t\t<span class=\"elementor-button-text\">Kontaktieren Sie uns<\/span>\n\t\t\t\t\t<\/span>\n\t\t\t\t\t<\/a>\n\t\t\t\t<\/div>\n\t\t\t\t\t\t\t\t<\/div>\n\t\t\t\t<\/div>\n\t\t\t\t\t<\/div>\n\t\t<\/div>\n\t\t\t\t<div class=\"elementor-column elementor-col-33 elementor-top-column elementor-element elementor-element-3f9af50\" data-id=\"3f9af50\" data-element_type=\"column\" data-e-type=\"column\">\n\t\t\t<div class=\"elementor-widget-wrap elementor-element-populated\">\n\t\t\t\t\t\t<div class=\"elementor-element elementor-element-e0fe63d elementor-widget__width-initial elementor-widget elementor-widget-image\" data-id=\"e0fe63d\" data-element_type=\"widget\" data-e-type=\"widget\" data-widget_type=\"image.default\">\n\t\t\t\t<div class=\"elementor-widget-container\">\n\t\t\t\t\t\t\t\t\t\t\t\t\t\t\t<img fetchpriority=\"high\" decoding=\"async\" width=\"800\" height=\"294\" src=\"https:\/\/aemas.com\/wp-content\/uploads\/2023\/06\/AEMAS_logo-e1686734313602-1024x376.png\" class=\"attachment-large size-large wp-image-6521\" alt=\"AEMAS logo\" srcset=\"https:\/\/aemas.com\/wp-content\/uploads\/2023\/06\/AEMAS_logo-e1686734313602-1024x376.png 1024w, https:\/\/aemas.com\/wp-content\/uploads\/2023\/06\/AEMAS_logo-e1686734313602-300x110.png 300w, https:\/\/aemas.com\/wp-content\/uploads\/2023\/06\/AEMAS_logo-e1686734313602-768x282.png 768w, https:\/\/aemas.com\/wp-content\/uploads\/2023\/06\/AEMAS_logo-e1686734313602-1536x564.png 1536w, https:\/\/aemas.com\/wp-content\/uploads\/2023\/06\/AEMAS_logo-e1686734313602-2048x752.png 2048w\" sizes=\"(max-width: 800px) 100vw, 800px\" \/>\t\t\t\t\t\t\t\t\t\t\t\t\t\t\t<\/div>\n\t\t\t\t<\/div>\n\t\t\t\t\t<\/div>\n\t\t<\/div>\n\t\t\t\t\t<\/div>\n\t\t<\/section>\n\t\t\t\t<section class=\"elementor-section elementor-top-section elementor-element elementor-element-eeee656 elementor-section-boxed elementor-section-height-default elementor-section-height-default\" data-id=\"eeee656\" data-element_type=\"section\" data-e-type=\"section\">\n\t\t\t\t\t\t<div class=\"elementor-container elementor-column-gap-default\">\n\t\t\t\t\t<div class=\"elementor-column elementor-col-50 elementor-top-column elementor-element elementor-element-48904c2\" data-id=\"48904c2\" data-element_type=\"column\" data-e-type=\"column\">\n\t\t\t<div class=\"elementor-widget-wrap elementor-element-populated\">\n\t\t\t\t\t\t<div class=\"elementor-element elementor-element-60fa7dc elementor-widget elementor-widget-heading\" data-id=\"60fa7dc\" data-element_type=\"widget\" data-e-type=\"widget\" data-widget_type=\"heading.default\">\n\t\t\t\t<div class=\"elementor-widget-container\">\n\t\t\t\t\t<h2 class=\"elementor-heading-title elementor-size-xl\">Vision<\/h2>\t\t\t\t<\/div>\n\t\t\t\t<\/div>\n\t\t\t\t<div class=\"elementor-element elementor-element-facb1bf elementor-widget__width-initial elementor-widget-divider--view-line elementor-widget elementor-widget-divider\" data-id=\"facb1bf\" data-element_type=\"widget\" data-e-type=\"widget\" data-widget_type=\"divider.default\">\n\t\t\t\t<div class=\"elementor-widget-container\">\n\t\t\t\t\t\t\t<div class=\"elementor-divider\">\n\t\t\t<span class=\"elementor-divider-separator\">\n\t\t\t\t\t\t<\/span>\n\t\t<\/div>\n\t\t\t\t\t\t<\/div>\n\t\t\t\t<\/div>\n\t\t\t\t<div class=\"elementor-element elementor-element-e54fc04 elementor-widget elementor-widget-text-editor\" data-id=\"e54fc04\" data-element_type=\"widget\" data-e-type=\"widget\" data-widget_type=\"text-editor.default\">\n\t\t\t\t<div class=\"elementor-widget-container\">\n\t\t\t\t\t\t\t\t\t<p>Aemas verkauft L\u00f6sungen\/Anwendungen, und oft ist ein Instrument inbegriffen. Wir betrachten unsere Installation als abgeschlossen, wenn der Benutzer wei\u00df, wie man das Instrument bedient, und wenn die Anwendung(en) entwickelt\/eingerichtet wurden.<\/p><p>Ein Labor kann es sich nicht leisten, einen Monat oder zwei zu investieren, um ein neues Instrument in Betrieb zu nehmen. Aemas kann dieses Problem l\u00f6sen, indem wir die Anwendung(en) in unserem eigenen Anwendungslabor entwickeln, bevor die Installation erfolgt.<\/p><p>Bei Aemas k\u00f6nnen Sie sich auch an uns wenden, um Anwendungen f\u00fcr Instrumente zu entwickeln, die nicht von uns geliefert werden.<\/p>\t\t\t\t\t\t\t\t<\/div>\n\t\t\t\t<\/div>\n\t\t\t\t\t<\/div>\n\t\t<\/div>\n\t\t\t\t<div class=\"elementor-column elementor-col-50 elementor-top-column elementor-element elementor-element-6f22f75\" data-id=\"6f22f75\" data-element_type=\"column\" data-e-type=\"column\">\n\t\t\t<div class=\"elementor-widget-wrap elementor-element-populated\">\n\t\t\t\t\t\t<div class=\"elementor-element elementor-element-8954d88 elementor-widget elementor-widget-heading\" data-id=\"8954d88\" data-element_type=\"widget\" data-e-type=\"widget\" data-widget_type=\"heading.default\">\n\t\t\t\t<div class=\"elementor-widget-container\">\n\t\t\t\t\t<h2 class=\"elementor-heading-title elementor-size-xl\">Service<\/h2>\t\t\t\t<\/div>\n\t\t\t\t<\/div>\n\t\t\t\t<div class=\"elementor-element elementor-element-95a24ea elementor-widget__width-initial elementor-widget-divider--view-line elementor-widget elementor-widget-divider\" data-id=\"95a24ea\" data-element_type=\"widget\" data-e-type=\"widget\" data-widget_type=\"divider.default\">\n\t\t\t\t<div class=\"elementor-widget-container\">\n\t\t\t\t\t\t\t<div class=\"elementor-divider\">\n\t\t\t<span class=\"elementor-divider-separator\">\n\t\t\t\t\t\t<\/span>\n\t\t<\/div>\n\t\t\t\t\t\t<\/div>\n\t\t\t\t<\/div>\n\t\t\t\t<div class=\"elementor-element elementor-element-bfe345e elementor-widget elementor-widget-text-editor\" data-id=\"bfe345e\" data-element_type=\"widget\" data-e-type=\"widget\" data-widget_type=\"text-editor.default\">\n\t\t\t\t<div class=\"elementor-widget-container\">\n\t\t\t\t\t\t\t\t\t<p>Bei Aemas ist der Kunde wirklich K\u00f6nig; wir sind f\u00fcr den Kunden da und nicht umgekehrt. Mit einem Team von f\u00fcnf Personen sind die Kommunikationswege kurz, was die Kontinuit\u00e4t f\u00fcr den Kunden gew\u00e4hrleistet. Wenn ein Instrument einen Service ben\u00f6tigt, k\u00f6nnen wir in 95 % der F\u00e4lle innerhalb von 24 Stunden vor Ort sein (Same Day Service).<\/p>\t\t\t\t\t\t\t\t<\/div>\n\t\t\t\t<\/div>\n\t\t\t\t\t<\/div>\n\t\t<\/div>\n\t\t\t\t\t<\/div>\n\t\t<\/section>\n\t\t\t\t<section class=\"elementor-section elementor-top-section elementor-element elementor-element-fbc4f1c elementor-section-boxed elementor-section-height-default elementor-section-height-default\" data-id=\"fbc4f1c\" data-element_type=\"section\" data-e-type=\"section\">\n\t\t\t\t\t\t<div class=\"elementor-container elementor-column-gap-default\">\n\t\t\t\t\t<div class=\"elementor-column elementor-col-100 elementor-top-column elementor-element elementor-element-3f61565\" data-id=\"3f61565\" data-element_type=\"column\" data-e-type=\"column\">\n\t\t\t<div class=\"elementor-widget-wrap elementor-element-populated\">\n\t\t\t\t\t\t<div class=\"elementor-element elementor-element-32927cd elementor-widget elementor-widget-heading\" data-id=\"32927cd\" data-element_type=\"widget\" data-e-type=\"widget\" data-widget_type=\"heading.default\">\n\t\t\t\t<div class=\"elementor-widget-container\">\n\t\t\t\t\t<h2 class=\"elementor-heading-title elementor-size-xl\">Wie alles begann<\/h2>\t\t\t\t<\/div>\n\t\t\t\t<\/div>\n\t\t\t\t<div class=\"elementor-element elementor-element-02522a9 elementor-widget__width-initial elementor-widget-divider--view-line elementor-widget elementor-widget-divider\" data-id=\"02522a9\" data-element_type=\"widget\" data-e-type=\"widget\" data-widget_type=\"divider.default\">\n\t\t\t\t<div class=\"elementor-widget-container\">\n\t\t\t\t\t\t\t<div class=\"elementor-divider\">\n\t\t\t<span class=\"elementor-divider-separator\">\n\t\t\t\t\t\t<\/span>\n\t\t<\/div>\n\t\t\t\t\t\t<\/div>\n\t\t\t\t<\/div>\n\t\t\t\t\t<\/div>\n\t\t<\/div>\n\t\t\t\t\t<\/div>\n\t\t<\/section>\n\t\t\t\t<section class=\"elementor-section elementor-top-section elementor-element elementor-element-167834a elementor-section-boxed elementor-section-height-default elementor-section-height-default\" data-id=\"167834a\" data-element_type=\"section\" data-e-type=\"section\">\n\t\t\t\t\t\t<div class=\"elementor-container elementor-column-gap-default\">\n\t\t\t\t\t<div class=\"elementor-column elementor-col-50 elementor-top-column elementor-element elementor-element-b4256c2\" data-id=\"b4256c2\" data-element_type=\"column\" data-e-type=\"column\">\n\t\t\t<div class=\"elementor-widget-wrap elementor-element-populated\">\n\t\t\t\t\t\t<div class=\"elementor-element elementor-element-f59a93d elementor-widget__width-initial elementor-widget elementor-widget-image\" data-id=\"f59a93d\" data-element_type=\"widget\" data-e-type=\"widget\" data-widget_type=\"image.default\">\n\t\t\t\t<div class=\"elementor-widget-container\">\n\t\t\t\t\t\t\t\t\t\t\t\t\t\t\t<img decoding=\"async\" width=\"800\" height=\"600\" src=\"https:\/\/aemas.com\/wp-content\/uploads\/2019\/12\/Cleaning-Validation-Swab-TOC-UV-Persulfate-Analyzer.jpg\" class=\"attachment-large size-large wp-image-6421\" alt=\"Spectroscopy\" srcset=\"https:\/\/aemas.com\/wp-content\/uploads\/2019\/12\/Cleaning-Validation-Swab-TOC-UV-Persulfate-Analyzer.jpg 1024w, https:\/\/aemas.com\/wp-content\/uploads\/2019\/12\/Cleaning-Validation-Swab-TOC-UV-Persulfate-Analyzer-300x225.jpg 300w, https:\/\/aemas.com\/wp-content\/uploads\/2019\/12\/Cleaning-Validation-Swab-TOC-UV-Persulfate-Analyzer-768x576.jpg 768w\" sizes=\"(max-width: 800px) 100vw, 800px\" \/>\t\t\t\t\t\t\t\t\t\t\t\t\t\t\t<\/div>\n\t\t\t\t<\/div>\n\t\t\t\t\t<\/div>\n\t\t<\/div>\n\t\t\t\t<div class=\"elementor-column elementor-col-50 elementor-top-column elementor-element elementor-element-da0c4d2\" data-id=\"da0c4d2\" data-element_type=\"column\" data-e-type=\"column\">\n\t\t\t<div class=\"elementor-widget-wrap elementor-element-populated\">\n\t\t\t\t\t\t<div class=\"elementor-element elementor-element-5aac71c elementor-widget elementor-widget-text-editor\" data-id=\"5aac71c\" data-element_type=\"widget\" data-e-type=\"widget\" data-widget_type=\"text-editor.default\">\n\t\t\t\t<div class=\"elementor-widget-container\">\n\t\t\t\t\t\t\t\t\t<p>Aemas wurde 1999 als Labor f\u00fcr anspruchsvolle Elementanalysen f\u00fcr ICP-OES und ICP-MS gegr\u00fcndet. Ab 2005 verlagerte sich der Fokus mit der Aufnahme unserer Partnerschaft mit Teledyne Leeman Labs, und das Wissen und die Erfahrung aus spezialisierten Elementanalysen flossen in den Verkauf von Instrumenten f\u00fcr Elementanalysen ein.<\/p><p>Im Jahr 2005 begann Aemas mit dem Verkauf von ICP-OES, Hg-Analyseger\u00e4ten und DC-Arc-Spektrometern von Teledyne Leeman Labs. Im Jahr 2010 erwarb Aemas auch die Vertretung von Spectral Systems aus Deutschland, was ETV (Elektrothermische Verdampfung) zu unserem Portfolio hinzuf\u00fcgte. ETV ist eine Technik, die mit ICP-OES oder ICP-MS gekoppelt werden kann, bei der die Probe verdampft und direkt in das Plasma eingebracht wird, ohne dass eine Probenvorbereitung erforderlich ist.<\/p><p>Unser Demonstrations- und Anwendungslabor befindet sich in Everdenberg in Oosterhout. Hier entwickeln wir Anwendungen f\u00fcr Ger\u00e4te sowohl von unseren vertretenen Lieferanten als auch von Lieferanten, die wir nicht vertreten.<\/p>\t\t\t\t\t\t\t\t<\/div>\n\t\t\t\t<\/div>\n\t\t\t\t\t<\/div>\n\t\t<\/div>\n\t\t\t\t\t<\/div>\n\t\t<\/section>\n\t\t\t\t<section class=\"elementor-section elementor-top-section elementor-element elementor-element-f516d40 elementor-section-boxed elementor-section-height-default elementor-section-height-default\" data-id=\"f516d40\" data-element_type=\"section\" data-e-type=\"section\">\n\t\t\t\t\t\t<div class=\"elementor-container elementor-column-gap-default\">\n\t\t\t\t\t<div class=\"elementor-column elementor-col-100 elementor-top-column elementor-element elementor-element-b4b0653\" data-id=\"b4b0653\" data-element_type=\"column\" data-e-type=\"column\">\n\t\t\t<div class=\"elementor-widget-wrap elementor-element-populated\">\n\t\t\t\t\t\t<div class=\"elementor-element elementor-element-70276ef elementor-widget elementor-widget-heading\" data-id=\"70276ef\" data-element_type=\"widget\" data-e-type=\"widget\" data-widget_type=\"heading.default\">\n\t\t\t\t<div class=\"elementor-widget-container\">\n\t\t\t\t\t<h2 class=\"elementor-heading-title elementor-size-xl\">Weiterbildungsangebote nach dem Bachelor-Abschluss<\/h2>\t\t\t\t<\/div>\n\t\t\t\t<\/div>\n\t\t\t\t<div class=\"elementor-element elementor-element-133d925 elementor-widget__width-initial elementor-widget-divider--view-line elementor-widget elementor-widget-divider\" data-id=\"133d925\" data-element_type=\"widget\" data-e-type=\"widget\" data-widget_type=\"divider.default\">\n\t\t\t\t<div class=\"elementor-widget-container\">\n\t\t\t\t\t\t\t<div class=\"elementor-divider\">\n\t\t\t<span class=\"elementor-divider-separator\">\n\t\t\t\t\t\t<\/span>\n\t\t<\/div>\n\t\t\t\t\t\t<\/div>\n\t\t\t\t<\/div>\n\t\t\t\t\t<\/div>\n\t\t<\/div>\n\t\t\t\t\t<\/div>\n\t\t<\/section>\n\t\t\t\t<section class=\"elementor-section elementor-top-section elementor-element elementor-element-32629fb elementor-section-boxed elementor-section-height-default elementor-section-height-default\" data-id=\"32629fb\" data-element_type=\"section\" data-e-type=\"section\">\n\t\t\t\t\t\t<div class=\"elementor-container elementor-column-gap-default\">\n\t\t\t\t\t<div class=\"elementor-column elementor-col-100 elementor-top-column elementor-element elementor-element-04455c6\" data-id=\"04455c6\" data-element_type=\"column\" data-e-type=\"column\">\n\t\t\t<div class=\"elementor-widget-wrap elementor-element-populated\">\n\t\t\t\t\t\t<div class=\"elementor-element elementor-element-fe3a5c0 elementor-widget__width-initial elementor-widget elementor-widget-text-editor\" data-id=\"fe3a5c0\" data-element_type=\"widget\" data-e-type=\"widget\" data-widget_type=\"text-editor.default\">\n\t\t\t\t<div class=\"elementor-widget-container\">\n\t\t\t\t\t\t\t\t\t<p>Aemas steht f\u00fcr Service und Kundenorientierung. Wir arbeiten zusammen mit dem Kunden an einer L\u00f6sung. Bei Aemas verkaufen wir nicht nur Instrumente; wir verkaufen Anwendungen\/L\u00f6sungen, und ein Instrument ist ein Teil davon.<\/p><p>Im Jahr 2010 haben wir in Zusammenarbeit mit Avans+ den post-bachelor Kurs &#8222;Atomic Emission Spectrometry with ICP&#8220; begonnen anzubieten. Der Kurs wird von Dr. Ir. M.T.C. de Loos-Vollebregt von der Universit\u00e4t Gent und Bert van der Hoeff, Gr\u00fcnder von Aemas, unterrichtet.<\/p>\t\t\t\t\t\t\t\t<\/div>\n\t\t\t\t<\/div>\n\t\t\t\t<div class=\"elementor-element elementor-element-d3d4c82 elementor-widget elementor-widget-button\" data-id=\"d3d4c82\" data-element_type=\"widget\" data-e-type=\"widget\" data-widget_type=\"button.default\">\n\t\t\t\t<div class=\"elementor-widget-container\">\n\t\t\t\t\t\t\t\t\t<div class=\"elementor-button-wrapper\">\n\t\t\t\t\t<a class=\"elementor-button elementor-button-link elementor-size-sm\" href=\"https:\/\/avansplus.nl\/opleidingen\/laboratoriumtechniek\/spectrometrie\/atomaire-emissiespctrometrie-icp\">\n\t\t\t\t\t\t<span class=\"elementor-button-content-wrapper\">\n\t\t\t\t\t\t\t\t\t<span class=\"elementor-button-text\">Mehr Informationen? Hier klicken<\/span>\n\t\t\t\t\t<\/span>\n\t\t\t\t\t<\/a>\n\t\t\t\t<\/div>\n\t\t\t\t\t\t\t\t<\/div>\n\t\t\t\t<\/div>\n\t\t\t\t\t<\/div>\n\t\t<\/div>\n\t\t\t\t\t<\/div>\n\t\t<\/section>\n\t\t\t\t<\/div>\n\t\t","protected":false},"excerpt":{"rendered":"<p>\u00dcber uns Aemas steht f\u00fcr Service und Kundenorientierung. Wir arbeiten mit dem Kunden zusammen, um eine L\u00f6sung zu finden. Kontaktieren Sie uns Vision Aemas verkauft L\u00f6sungen\/Anwendungen, und oft ist ein Instrument inbegriffen. Wir betrachten unsere Installation als abgeschlossen, wenn der Benutzer wei\u00df, wie man das Instrument bedient, und wenn die Anwendung(en) entwickelt\/eingerichtet wurden. Ein Labor [&hellip;]<\/p>\n","protected":false},"author":1,"featured_media":0,"parent":0,"menu_order":0,"comment_status":"closed","ping_status":"closed","template":"elementor_header_footer","meta":{"_acf_changed":false,"_seopress_robots_primary_cat":"","_seopress_titles_title":"","_seopress_titles_desc":"","_seopress_robots_index":"","footnotes":""},"class_list":["post-6921","page","type-page","status-publish","hentry"],"acf":[],"_links":{"self":[{"href":"https:\/\/aemas.com\/de\/wp-json\/wp\/v2\/pages\/6921","targetHints":{"allow":["GET"]}}],"collection":[{"href":"https:\/\/aemas.com\/de\/wp-json\/wp\/v2\/pages"}],"about":[{"href":"https:\/\/aemas.com\/de\/wp-json\/wp\/v2\/types\/page"}],"author":[{"embeddable":true,"href":"https:\/\/aemas.com\/de\/wp-json\/wp\/v2\/users\/1"}],"replies":[{"embeddable":true,"href":"https:\/\/aemas.com\/de\/wp-json\/wp\/v2\/comments?post=6921"}],"version-history":[{"count":11,"href":"https:\/\/aemas.com\/de\/wp-json\/wp\/v2\/pages\/6921\/revisions"}],"predecessor-version":[{"id":8656,"href":"https:\/\/aemas.com\/de\/wp-json\/wp\/v2\/pages\/6921\/revisions\/8656"}],"wp:attachment":[{"href":"https:\/\/aemas.com\/de\/wp-json\/wp\/v2\/media?parent=6921"}],"curies":[{"name":"wp","href":"https:\/\/api.w.org\/{rel}","templated":true}]}}