{"id":6903,"date":"2023-07-14T08:22:37","date_gmt":"2023-07-14T06:22:37","guid":{"rendered":"https:\/\/aemas.com\/mercury-analyzers\/"},"modified":"2025-08-22T13:38:51","modified_gmt":"2025-08-22T11:38:51","slug":"quecksilberanalysatoren","status":"publish","type":"page","link":"https:\/\/aemas.com\/de\/quecksilberanalysatoren\/","title":{"rendered":"Quecksilber (HG) analyse"},"content":{"rendered":"\t\t<div data-elementor-type=\"wp-page\" data-elementor-id=\"6903\" class=\"elementor elementor-6903 elementor-3794\" data-elementor-post-type=\"page\">\n\t\t\t\t\t\t<section class=\"elementor-section elementor-top-section elementor-element elementor-element-78f75b6 elementor-section-boxed elementor-section-height-default elementor-section-height-default\" data-id=\"78f75b6\" data-element_type=\"section\" data-e-type=\"section\">\n\t\t\t\t\t\t<div class=\"elementor-container elementor-column-gap-default\">\n\t\t\t\t\t<div class=\"elementor-column elementor-col-100 elementor-top-column elementor-element elementor-element-628b71b\" data-id=\"628b71b\" data-element_type=\"column\" data-e-type=\"column\">\n\t\t\t<div class=\"elementor-widget-wrap elementor-element-populated\">\n\t\t\t\t\t\t<div class=\"elementor-element elementor-element-cc2858f elementor-widget elementor-widget-spacer\" data-id=\"cc2858f\" data-element_type=\"widget\" data-e-type=\"widget\" data-widget_type=\"spacer.default\">\n\t\t\t\t<div class=\"elementor-widget-container\">\n\t\t\t\t\t\t\t<div class=\"elementor-spacer\">\n\t\t\t<div class=\"elementor-spacer-inner\"><\/div>\n\t\t<\/div>\n\t\t\t\t\t\t<\/div>\n\t\t\t\t<\/div>\n\t\t\t\t<div class=\"elementor-element elementor-element-4c4d316 elementor-widget elementor-widget-shortcode\" data-id=\"4c4d316\" data-element_type=\"widget\" data-e-type=\"widget\" data-widget_type=\"shortcode.default\">\n\t\t\t\t<div class=\"elementor-widget-container\">\n\t\t\t\t\t\t\t<div class=\"elementor-shortcode\"><nav  aria-label=\"Brotkr\u00fcmel\"><ol class=\"breadcrumb\" itemscope itemtype=\"https:\/\/schema.org\/BreadcrumbList\"><li class=\"breadcrumb-item active\" aria-current=\"page\" itemprop=\"itemListElement\" itemscope itemtype=\"https:\/\/schema.org\/ListItem\"><span itemprop=\"name\">Home<\/span><meta itemprop=\"position\" content=\"1\"><\/li><\/ol><\/nav><\/div>\n\t\t\t\t\t\t<\/div>\n\t\t\t\t<\/div>\n\t\t\t\t<div class=\"elementor-element elementor-element-b30a092 elementor-widget elementor-widget-heading\" data-id=\"b30a092\" data-element_type=\"widget\" data-e-type=\"widget\" data-widget_type=\"heading.default\">\n\t\t\t\t<div class=\"elementor-widget-container\">\n\t\t\t\t\t<h1 class=\"elementor-heading-title elementor-size-xxl\">Quecksilber (Hg) Analysatoren\n<\/h1>\t\t\t\t<\/div>\n\t\t\t\t<\/div>\n\t\t\t\t\t<\/div>\n\t\t<\/div>\n\t\t\t\t\t<\/div>\n\t\t<\/section>\n\t\t\t\t<section class=\"elementor-section elementor-top-section elementor-element elementor-element-aed27b1 elementor-section-boxed elementor-section-height-default elementor-section-height-default\" data-id=\"aed27b1\" data-element_type=\"section\" data-e-type=\"section\">\n\t\t\t\t\t\t<div class=\"elementor-container elementor-column-gap-default\">\n\t\t\t\t\t<div class=\"elementor-column elementor-col-100 elementor-top-column elementor-element elementor-element-a28a43a\" data-id=\"a28a43a\" data-element_type=\"column\" data-e-type=\"column\">\n\t\t\t<div class=\"elementor-widget-wrap elementor-element-populated\">\n\t\t\t\t\t\t<div class=\"elementor-element elementor-element-9dd4538 elementor-widget__width-initial elementor-widget-divider--view-line elementor-widget elementor-widget-divider\" data-id=\"9dd4538\" data-element_type=\"widget\" data-e-type=\"widget\" data-widget_type=\"divider.default\">\n\t\t\t\t<div class=\"elementor-widget-container\">\n\t\t\t\t\t\t\t<div class=\"elementor-divider\">\n\t\t\t<span class=\"elementor-divider-separator\">\n\t\t\t\t\t\t<\/span>\n\t\t<\/div>\n\t\t\t\t\t\t<\/div>\n\t\t\t\t<\/div>\n\t\t\t\t\t<\/div>\n\t\t<\/div>\n\t\t\t\t\t<\/div>\n\t\t<\/section>\n\t\t\t\t<section class=\"elementor-section elementor-top-section elementor-element elementor-element-e40ea25 elementor-section-height-min-height elementor-section-boxed elementor-section-height-default elementor-section-items-middle\" data-id=\"e40ea25\" data-element_type=\"section\" data-e-type=\"section\">\n\t\t\t\t\t\t<div class=\"elementor-container elementor-column-gap-default\">\n\t\t\t\t\t<div class=\"elementor-column elementor-col-50 elementor-top-column elementor-element elementor-element-7262d64\" data-id=\"7262d64\" data-element_type=\"column\" data-e-type=\"column\">\n\t\t\t<div class=\"elementor-widget-wrap elementor-element-populated\">\n\t\t\t\t\t\t<div class=\"elementor-element elementor-element-5fbeae2 elementor-widget__width-initial elementor-widget elementor-widget-image\" data-id=\"5fbeae2\" data-element_type=\"widget\" data-e-type=\"widget\" data-widget_type=\"image.default\">\n\t\t\t\t<div class=\"elementor-widget-container\">\n\t\t\t\t\t\t\t\t\t\t\t\t\t\t\t<img alt=\"\" fetchpriority=\"high\" decoding=\"async\" width=\"750\" height=\"750\" src=\"https:\/\/aemas.com\/wp-content\/uploads\/2023\/06\/M-7600-750x750-1.jpeg\" class=\"attachment-large size-large wp-image-6554\" alt=\"\" srcset=\"https:\/\/aemas.com\/wp-content\/uploads\/2023\/06\/M-7600-750x750-1.jpeg 750w, https:\/\/aemas.com\/wp-content\/uploads\/2023\/06\/M-7600-750x750-1-300x300.jpeg 300w, https:\/\/aemas.com\/wp-content\/uploads\/2023\/06\/M-7600-750x750-1-150x150.jpeg 150w\" sizes=\"(max-width: 750px) 100vw, 750px\" \/>\t\t\t\t\t\t\t\t\t\t\t\t\t\t\t<\/div>\n\t\t\t\t<\/div>\n\t\t\t\t\t<\/div>\n\t\t<\/div>\n\t\t\t\t<div class=\"elementor-column elementor-col-50 elementor-top-column elementor-element elementor-element-62a20d8\" data-id=\"62a20d8\" data-element_type=\"column\" data-e-type=\"column\">\n\t\t\t<div class=\"elementor-widget-wrap elementor-element-populated\">\n\t\t\t\t\t\t<div class=\"elementor-element elementor-element-cf3c14c elementor-widget elementor-widget-text-editor\" data-id=\"cf3c14c\" data-element_type=\"widget\" data-e-type=\"widget\" data-widget_type=\"text-editor.default\">\n\t\t\t\t<div class=\"elementor-widget-container\">\n\t\t\t\t\t\t\t\t\t<p>Im Bereich der Elementaranalyse ist der Bedarf an genauen Quecksilberpr\u00fcfungen entscheidend. Quecksilber, ein giftiges Schwermetall, gelangt durch nat\u00fcrliche und industrielle Quellen in unsere Umwelt und stellt ein erhebliches Risiko f\u00fcr die \u00f6ffentliche Gesundheit und die Umwelt dar. Eine genaue Quecksilberpr\u00fcfung ist entscheidend, um diese Risiken zu \u00fcberwachen und zu mindern.<\/p><p>\u00a0<\/p><p>Bei Aemas bieten wir fortschrittliche <b>Quecksilber analyse<\/b>, die pr\u00e4zise Quecksilberpr\u00fcfungen erm\u00f6glichen und die Sicherheit und Einhaltung von Umweltstandards gew\u00e4hrleisten. Unsere Quecksilberanalysatoren bieten eine un\u00fcbertroffene Leistung bei der Quecksilberanalytik und liefern pr\u00e4zise, genaue und schnelle Ergebnisse.<\/p><p>\u00a0<\/p>\t\t\t\t\t\t\t\t<\/div>\n\t\t\t\t<\/div>\n\t\t\t\t<div class=\"elementor-element elementor-element-84bfb91 elementor-align-left elementor-widget elementor-widget-button\" data-id=\"84bfb91\" data-element_type=\"widget\" data-e-type=\"widget\" data-widget_type=\"button.default\">\n\t\t\t\t<div class=\"elementor-widget-container\">\n\t\t\t\t\t\t\t\t\t<div class=\"elementor-button-wrapper\">\n\t\t\t\t\t<a class=\"elementor-button elementor-button-link elementor-size-md\" href=\"https:\/\/aemas.com\/de\/kontakt\/\">\n\t\t\t\t\t\t<span class=\"elementor-button-content-wrapper\">\n\t\t\t\t\t\t\t\t\t<span class=\"elementor-button-text\">Kontaktieren Sie uns<\/span>\n\t\t\t\t\t<\/span>\n\t\t\t\t\t<\/a>\n\t\t\t\t<\/div>\n\t\t\t\t\t\t\t\t<\/div>\n\t\t\t\t<\/div>\n\t\t\t\t\t<\/div>\n\t\t<\/div>\n\t\t\t\t\t<\/div>\n\t\t<\/section>\n\t\t\t\t<section class=\"elementor-section elementor-top-section elementor-element elementor-element-2a9dbbd elementor-section-boxed elementor-section-height-default elementor-section-height-default\" data-id=\"2a9dbbd\" data-element_type=\"section\" data-e-type=\"section\">\n\t\t\t\t\t\t<div class=\"elementor-container elementor-column-gap-default\">\n\t\t\t\t\t<div class=\"elementor-column elementor-col-100 elementor-top-column elementor-element elementor-element-11e8576 elementor-hidden-tablet elementor-hidden-mobile\" data-id=\"11e8576\" data-element_type=\"column\" data-e-type=\"column\">\n\t\t\t<div class=\"elementor-widget-wrap elementor-element-populated\">\n\t\t\t\t\t\t<div class=\"elementor-element elementor-element-f4e5139 elementor-nav-menu--dropdown-none elementor-widget elementor-widget-nav-menu\" data-id=\"f4e5139\" data-element_type=\"widget\" data-e-type=\"widget\" data-settings=\"{&quot;layout&quot;:&quot;horizontal&quot;,&quot;submenu_icon&quot;:{&quot;value&quot;:&quot;&lt;i class=\\&quot;fas fa-caret-down\\&quot; aria-hidden=\\&quot;true\\&quot;&gt;&lt;\\\/i&gt;&quot;,&quot;library&quot;:&quot;fa-solid&quot;}}\" data-widget_type=\"nav-menu.default\">\n\t\t\t\t<div class=\"elementor-widget-container\">\n\t\t\t\t\t\t\t\t<nav aria-label=\"Men\u00fc\" class=\"elementor-nav-menu--main elementor-nav-menu__container elementor-nav-menu--layout-horizontal e--pointer-underline e--animation-fade\">\n\t\t\t\t<ul id=\"menu-1-f4e5139\" class=\"elementor-nav-menu\"><li class=\"menu-item menu-item-type-custom menu-item-object-custom menu-item-7098\"><a href=\"https:\/\/aemas.com\/mercury-analyzers\/\" class=\"elementor-item\">Mercury Analyzers<\/a><\/li>\n<li class=\"menu-item menu-item-type-custom menu-item-object-custom menu-item-7099\"><a href=\"https:\/\/aemas.com\/toc-analyzers\/\" class=\"elementor-item\">TOC Analyzers<\/a><\/li>\n<li class=\"menu-item menu-item-type-custom menu-item-object-custom menu-item-7100\"><a href=\"https:\/\/aemas.com\/voc-instruments\/\" class=\"elementor-item\">VOC Analyzers<\/a><\/li>\n<li class=\"menu-item menu-item-type-custom menu-item-object-custom menu-item-7101\"><a href=\"https:\/\/aemas.com\/automation\/\" class=\"elementor-item\">Automation<\/a><\/li>\n<li class=\"menu-item menu-item-type-custom menu-item-object-custom menu-item-7102\"><a href=\"https:\/\/aemas.com\/Sample-introduction\/\" class=\"elementor-item\">Sample Introduction<\/a><\/li>\n<li class=\"menu-item menu-item-type-custom menu-item-object-custom menu-item-7103\"><a href=\"https:\/\/aemas.com\/sample-preperation\/\" class=\"elementor-item\">Sample Preperation<\/a><\/li>\n<\/ul>\t\t\t<\/nav>\n\t\t\t\t\t\t<nav class=\"elementor-nav-menu--dropdown elementor-nav-menu__container\" aria-hidden=\"true\">\n\t\t\t\t<ul id=\"menu-2-f4e5139\" class=\"elementor-nav-menu\"><li class=\"menu-item menu-item-type-custom menu-item-object-custom menu-item-7098\"><a href=\"https:\/\/aemas.com\/mercury-analyzers\/\" class=\"elementor-item\" tabindex=\"-1\">Mercury Analyzers<\/a><\/li>\n<li class=\"menu-item menu-item-type-custom menu-item-object-custom menu-item-7099\"><a href=\"https:\/\/aemas.com\/toc-analyzers\/\" class=\"elementor-item\" tabindex=\"-1\">TOC Analyzers<\/a><\/li>\n<li class=\"menu-item menu-item-type-custom menu-item-object-custom menu-item-7100\"><a href=\"https:\/\/aemas.com\/voc-instruments\/\" class=\"elementor-item\" tabindex=\"-1\">VOC Analyzers<\/a><\/li>\n<li class=\"menu-item menu-item-type-custom menu-item-object-custom menu-item-7101\"><a href=\"https:\/\/aemas.com\/automation\/\" class=\"elementor-item\" tabindex=\"-1\">Automation<\/a><\/li>\n<li class=\"menu-item menu-item-type-custom menu-item-object-custom menu-item-7102\"><a href=\"https:\/\/aemas.com\/Sample-introduction\/\" class=\"elementor-item\" tabindex=\"-1\">Sample Introduction<\/a><\/li>\n<li class=\"menu-item menu-item-type-custom menu-item-object-custom menu-item-7103\"><a href=\"https:\/\/aemas.com\/sample-preperation\/\" class=\"elementor-item\" tabindex=\"-1\">Sample Preperation<\/a><\/li>\n<\/ul>\t\t\t<\/nav>\n\t\t\t\t\t\t<\/div>\n\t\t\t\t<\/div>\n\t\t\t\t\t<\/div>\n\t\t<\/div>\n\t\t\t\t\t<\/div>\n\t\t<\/section>\n\t\t\t\t<section class=\"elementor-section elementor-top-section elementor-element elementor-element-939dd7c elementor-section-boxed elementor-section-height-default elementor-section-height-default\" data-id=\"939dd7c\" data-element_type=\"section\" data-e-type=\"section\" data-settings=\"{&quot;background_background&quot;:&quot;classic&quot;}\">\n\t\t\t\t\t\t<div class=\"elementor-container elementor-column-gap-default\">\n\t\t\t\t\t<div class=\"elementor-column elementor-col-100 elementor-top-column elementor-element elementor-element-2139179\" data-id=\"2139179\" data-element_type=\"column\" data-e-type=\"column\">\n\t\t\t<div class=\"elementor-widget-wrap elementor-element-populated\">\n\t\t\t\t\t\t\t<\/div>\n\t\t<\/div>\n\t\t\t\t\t<\/div>\n\t\t<\/section>\n\t\t\t\t<section class=\"elementor-section elementor-top-section elementor-element elementor-element-6ac4334 elementor-section-boxed elementor-section-height-default elementor-section-height-default\" data-id=\"6ac4334\" data-element_type=\"section\" data-e-type=\"section\">\n\t\t\t\t\t\t<div class=\"elementor-container elementor-column-gap-default\">\n\t\t\t\t\t<div class=\"elementor-column elementor-col-100 elementor-top-column elementor-element elementor-element-472de23\" data-id=\"472de23\" data-element_type=\"column\" data-e-type=\"column\">\n\t\t\t<div class=\"elementor-widget-wrap elementor-element-populated\">\n\t\t\t\t\t\t<div class=\"elementor-element elementor-element-28c12c1 elementor-widget elementor-widget-heading\" data-id=\"28c12c1\" data-element_type=\"widget\" data-e-type=\"widget\" data-widget_type=\"heading.default\">\n\t\t\t\t<div class=\"elementor-widget-container\">\n\t\t\t\t\t<h2 class=\"elementor-heading-title elementor-size-default\">Die Rolle von Quecksilberanalysatoren in der Elementaranalyse<\/h2>\t\t\t\t<\/div>\n\t\t\t\t<\/div>\n\t\t\t\t<div class=\"elementor-element elementor-element-a3998ac elementor-widget elementor-widget-text-editor\" data-id=\"a3998ac\" data-element_type=\"widget\" data-e-type=\"widget\" data-widget_type=\"text-editor.default\">\n\t\t\t\t<div class=\"elementor-widget-container\">\n\t\t\t\t\t\t\t\t\t<p>Ein Quecksilberanalysator, auch als Hg-Analysator bekannt, ist ein entscheidendes Werkzeug zur Pr\u00fcfung von Quecksilber in verschiedenen Proben. Diese Proben k\u00f6nnen von Umweltproben wie Luft, Boden oder Wasser bis hin zu industriellen Abf\u00e4llen oder sogar biologischen Proben reichen. Quecksilberanalysatoren k\u00f6nnen in verschiedenen Branchen wie Umwelt\u00fcberwachung, Industrie und wissenschaftlicher Forschung eingesetzt werden.<\/p><p>Bei Aemas sind unsere Quecksilberanalysatoren speziell darauf ausgelegt, den vielf\u00e4ltigen Anforderungen dieser Branchen gerecht zu werden. Sie bieten eine hervorragende Leistung bei der Quecksilberpr\u00fcfung und stellen sicher, dass selbst geringste Mengen Quecksilber pr\u00e4zise erkannt und gemessen werden.<\/p>\t\t\t\t\t\t\t\t<\/div>\n\t\t\t\t<\/div>\n\t\t\t\t<div class=\"elementor-element elementor-element-a1160d2 elementor-widget elementor-widget-heading\" data-id=\"a1160d2\" data-element_type=\"widget\" data-e-type=\"widget\" data-widget_type=\"heading.default\">\n\t\t\t\t<div class=\"elementor-widget-container\">\n\t\t\t\t\t<h2 class=\"elementor-heading-title elementor-size-default\">Warum unsere Quecksilberanalysatoren w\u00e4hlen?<\/h2>\t\t\t\t<\/div>\n\t\t\t\t<\/div>\n\t\t\t\t<div class=\"elementor-element elementor-element-48286e9 elementor-widget elementor-widget-text-editor\" data-id=\"48286e9\" data-element_type=\"widget\" data-e-type=\"widget\" data-widget_type=\"text-editor.default\">\n\t\t\t\t<div class=\"elementor-widget-container\">\n\t\t\t\t\t\t\t\t\t<div>Wenn es um zuverl\u00e4ssige Quecksilberpr\u00fcfungen geht, sind unsere Quecksilberanalysatoren un\u00fcbertroffen. Sie liefern nicht nur genaue Ergebnisse, sondern bieten auch die Vielseitigkeit, Quecksilber in verschiedenen Arten von Proben zu testen. Dies macht sie zu einem unsch\u00e4tzbaren Werkzeug f\u00fcr jeden, der eine pr\u00e4zise Quecksilberbestimmung ben\u00f6tigt.<\/div><div>\u00a0<\/div><p>Aber bei Aemas bieten wir mehr als nur einen Quecksilberpr\u00fcfer. Wir bieten komplette L\u00f6sungen, die den Analysator, Benutzerschulungen und After-Sales-Service umfassen. Wir sind der Meinung, dass unser Service nicht mit dem Verkauf eines Instruments endet, sondern sich darauf konzentriert, sicherzustellen, dass unsere Kunden alles haben, was sie ben\u00f6tigen, um unsere Produkte erfolgreich zu nutzen.<\/p><p>Erleben Sie noch heute den Aemas-Unterschied. Lassen Sie unser Team Ihnen bei der Auswahl des idealen Quecksilberanalysators helfen, der perfekt auf Ihre spezifischen Anforderungen und Anwendungen zugeschnitten ist. Bei Aemas investieren Sie nicht nur in ein Instrument &#8211; Sie investieren in eine L\u00f6sung.<\/p>\t\t\t\t\t\t\t\t<\/div>\n\t\t\t\t<\/div>\n\t\t\t\t\t<\/div>\n\t\t<\/div>\n\t\t\t\t\t<\/div>\n\t\t<\/section>\n\t\t\t\t<\/div>\n\t\t","protected":false},"excerpt":{"rendered":"<p>Quecksilber (Hg) Analysatoren Im Bereich der Elementaranalyse ist der Bedarf an genauen Quecksilberpr\u00fcfungen entscheidend. Quecksilber, ein giftiges Schwermetall, gelangt durch nat\u00fcrliche und industrielle Quellen in unsere Umwelt und stellt ein erhebliches Risiko f\u00fcr die \u00f6ffentliche Gesundheit und die Umwelt dar. Eine genaue Quecksilberpr\u00fcfung ist entscheidend, um diese Risiken zu \u00fcberwachen und zu mindern. Bei Aemas [&hellip;]<\/p>\n","protected":false},"author":2334,"featured_media":0,"parent":0,"menu_order":0,"comment_status":"closed","ping_status":"closed","template":"elementor_header_footer","meta":{"_acf_changed":false,"_seopress_robots_primary_cat":"","_seopress_titles_title":"Quecksilber (HG) analyse und nachweis - AEMAS","_seopress_titles_desc":"Quecksilber analyse | Quecksilber nachweis | Unsere Quecksilberanalysatoren bieten eine un\u00fcbertroffene Leistung bei der Quecksilberanalytik und liefern pr\u00e4zise","_seopress_robots_index":"","footnotes":""},"class_list":["post-6903","page","type-page","status-publish","hentry"],"acf":[],"_links":{"self":[{"href":"https:\/\/aemas.com\/de\/wp-json\/wp\/v2\/pages\/6903","targetHints":{"allow":["GET"]}}],"collection":[{"href":"https:\/\/aemas.com\/de\/wp-json\/wp\/v2\/pages"}],"about":[{"href":"https:\/\/aemas.com\/de\/wp-json\/wp\/v2\/types\/page"}],"author":[{"embeddable":true,"href":"https:\/\/aemas.com\/de\/wp-json\/wp\/v2\/users\/2334"}],"replies":[{"embeddable":true,"href":"https:\/\/aemas.com\/de\/wp-json\/wp\/v2\/comments?post=6903"}],"version-history":[{"count":28,"href":"https:\/\/aemas.com\/de\/wp-json\/wp\/v2\/pages\/6903\/revisions"}],"predecessor-version":[{"id":11201,"href":"https:\/\/aemas.com\/de\/wp-json\/wp\/v2\/pages\/6903\/revisions\/11201"}],"wp:attachment":[{"href":"https:\/\/aemas.com\/de\/wp-json\/wp\/v2\/media?parent=6903"}],"curies":[{"name":"wp","href":"https:\/\/api.w.org\/{rel}","templated":true}]}}