{"id":6853,"date":"2016-02-03T14:37:55","date_gmt":"2016-02-03T13:37:55","guid":{"rendered":"https:\/\/aemas.com\/neuws\/"},"modified":"2023-11-29T12:33:57","modified_gmt":"2023-11-29T11:33:57","slug":"nachricht","status":"publish","type":"page","link":"https:\/\/aemas.com\/de\/nachricht\/","title":{"rendered":"Nachricht"},"content":{"rendered":"\t\t<div data-elementor-type=\"wp-page\" data-elementor-id=\"6853\" class=\"elementor elementor-6853 elementor-2545\" data-elementor-post-type=\"page\">\n\t\t\t\t\t\t<section class=\"elementor-section elementor-top-section elementor-element elementor-element-75f63ce elementor-section-boxed elementor-section-height-default elementor-section-height-default\" data-id=\"75f63ce\" data-element_type=\"section\" data-e-type=\"section\">\n\t\t\t\t\t\t<div class=\"elementor-container elementor-column-gap-default\">\n\t\t\t\t\t<div class=\"elementor-column elementor-col-100 elementor-top-column elementor-element elementor-element-cef0226\" data-id=\"cef0226\" data-element_type=\"column\" data-e-type=\"column\">\n\t\t\t<div class=\"elementor-widget-wrap elementor-element-populated\">\n\t\t\t\t\t\t<div class=\"elementor-element elementor-element-ec9670f elementor-widget elementor-widget-spacer\" data-id=\"ec9670f\" data-element_type=\"widget\" data-e-type=\"widget\" data-widget_type=\"spacer.default\">\n\t\t\t\t<div class=\"elementor-widget-container\">\n\t\t\t\t\t\t\t<div class=\"elementor-spacer\">\n\t\t\t<div class=\"elementor-spacer-inner\"><\/div>\n\t\t<\/div>\n\t\t\t\t\t\t<\/div>\n\t\t\t\t<\/div>\n\t\t\t\t<div class=\"elementor-element elementor-element-f374fe8 elementor-widget elementor-widget-heading\" data-id=\"f374fe8\" data-element_type=\"widget\" data-e-type=\"widget\" data-widget_type=\"heading.default\">\n\t\t\t\t<div class=\"elementor-widget-container\">\n\t\t\t\t\t<h2 class=\"elementor-heading-title elementor-size-xxl\">Artikel<\/h2>\t\t\t\t<\/div>\n\t\t\t\t<\/div>\n\t\t\t\t<div class=\"elementor-element elementor-element-202a810 elementor-widget elementor-widget-text-editor\" data-id=\"202a810\" data-element_type=\"widget\" data-e-type=\"widget\" data-widget_type=\"text-editor.default\">\n\t\t\t\t<div class=\"elementor-widget-container\">\n\t\t\t\t\t\t\t\t\t<p>Entdecken Sie alle Artikel, die von Aemas ver\u00f6ffentlicht wurden!<\/p>\t\t\t\t\t\t\t\t<\/div>\n\t\t\t\t<\/div>\n\t\t\t\t<div class=\"elementor-element elementor-element-8a88108 elementor-widget__width-initial elementor-widget-divider--view-line elementor-widget elementor-widget-divider\" data-id=\"8a88108\" data-element_type=\"widget\" data-e-type=\"widget\" data-widget_type=\"divider.default\">\n\t\t\t\t<div class=\"elementor-widget-container\">\n\t\t\t\t\t\t\t<div class=\"elementor-divider\">\n\t\t\t<span class=\"elementor-divider-separator\">\n\t\t\t\t\t\t<\/span>\n\t\t<\/div>\n\t\t\t\t\t\t<\/div>\n\t\t\t\t<\/div>\n\t\t\t\t\t<\/div>\n\t\t<\/div>\n\t\t\t\t\t<\/div>\n\t\t<\/section>\n\t\t\t\t<section class=\"elementor-section elementor-top-section elementor-element elementor-element-f6cfac2 elementor-section-boxed elementor-section-height-default elementor-section-height-default\" data-id=\"f6cfac2\" data-element_type=\"section\" data-e-type=\"section\">\n\t\t\t\t\t\t<div class=\"elementor-container elementor-column-gap-default\">\n\t\t\t\t\t<div class=\"elementor-column elementor-col-100 elementor-top-column elementor-element elementor-element-23bab23\" data-id=\"23bab23\" data-element_type=\"column\" data-e-type=\"column\">\n\t\t\t<div class=\"elementor-widget-wrap elementor-element-populated\">\n\t\t\t\t\t\t<div class=\"elementor-element elementor-element-eda0c88 elementor-grid-3 elementor-grid-tablet-2 elementor-grid-mobile-1 elementor-posts--thumbnail-top elementor-card-shadow-yes elementor-posts__hover-gradient load-more-align-center elementor-widget elementor-widget-posts\" data-id=\"eda0c88\" data-element_type=\"widget\" data-e-type=\"widget\" data-settings=\"{&quot;pagination_type&quot;:&quot;load_more_on_click&quot;,&quot;cards_columns&quot;:&quot;3&quot;,&quot;cards_columns_tablet&quot;:&quot;2&quot;,&quot;cards_columns_mobile&quot;:&quot;1&quot;,&quot;cards_row_gap&quot;:{&quot;unit&quot;:&quot;px&quot;,&quot;size&quot;:35,&quot;sizes&quot;:[]},&quot;cards_row_gap_tablet&quot;:{&quot;unit&quot;:&quot;px&quot;,&quot;size&quot;:&quot;&quot;,&quot;sizes&quot;:[]},&quot;cards_row_gap_mobile&quot;:{&quot;unit&quot;:&quot;px&quot;,&quot;size&quot;:&quot;&quot;,&quot;sizes&quot;:[]},&quot;load_more_spinner&quot;:{&quot;value&quot;:&quot;fas fa-spinner&quot;,&quot;library&quot;:&quot;fa-solid&quot;}}\" data-widget_type=\"posts.cards\">\n\t\t\t\t<div class=\"elementor-widget-container\">\n\t\t\t\t\t\t\t<div class=\"elementor-posts-container elementor-posts elementor-posts--skin-cards elementor-grid\" role=\"list\">\n\t\t\t\t<article class=\"elementor-post elementor-grid-item post-10766 post type-post status-publish format-standard has-post-thumbnail hentry category-automation-de category-dissolution-automation-de\" role=\"listitem\">\n\t\t\t<div class=\"elementor-post__card\">\n\t\t\t\t<a class=\"elementor-post__thumbnail__link\" href=\"https:\/\/aemas.com\/de\/automatisches-verduennungssystem\/\" tabindex=\"-1\" ><div class=\"elementor-post__thumbnail\"><img fetchpriority=\"high\" decoding=\"async\" width=\"300\" height=\"297\" src=\"https:\/\/aemas.com\/wp-content\/uploads\/2023\/06\/sdx-hpld-300x297.png\" class=\"attachment-medium size-medium wp-image-6577\" alt=\"SDX HPLD \u2013 Online Liquid Dilution System\" srcset=\"https:\/\/aemas.com\/wp-content\/uploads\/2023\/06\/sdx-hpld-300x297.png 300w, https:\/\/aemas.com\/wp-content\/uploads\/2023\/06\/sdx-hpld-150x150.png 150w, https:\/\/aemas.com\/wp-content\/uploads\/2023\/06\/sdx-hpld.png 404w\" sizes=\"(max-width: 300px) 100vw, 300px\" \/><\/div><\/a>\n\t\t\t\t<div class=\"elementor-post__text\">\n\t\t\t\t<h3 class=\"elementor-post__title\">\n\t\t\t<a href=\"https:\/\/aemas.com\/de\/automatisches-verduennungssystem\/\" >\n\t\t\t\tAutomatisches Verd\u00fcnnungssystem\t\t\t<\/a>\n\t\t<\/h3>\n\t\t\t\t<div class=\"elementor-post__excerpt\">\n\t\t\t<p>Pr\u00e4zision und Effizienz steigern Der Name sagt es schon: verd\u00fcnnungssysteme erm\u00f6glichen eine Automatisierung der Verd\u00fcnnungsprozesse und damit<\/p>\n\t\t<\/div>\n\t\t\t\t\t<div class=\"elementor-post__read-more-wrapper\">\n\t\t\n\t\t<a class=\"elementor-post__read-more\" href=\"https:\/\/aemas.com\/de\/automatisches-verduennungssystem\/\" aria-label=\"Mehr \u00fcber Automatisches Verd\u00fcnnungssystem\" tabindex=\"-1\" >\n\t\t\tMehr lesen \u00bb\t\t<\/a>\n\n\t\t\t\t\t<\/div>\n\t\t\t\t<\/div>\n\t\t\t\t<div class=\"elementor-post__meta-data\">\n\t\t\t\t\t<span class=\"elementor-post-date\">\n\t\t\t11. August 2024\t\t<\/span>\n\t\t\t\t<\/div>\n\t\t\t\t\t<\/div>\n\t\t<\/article>\n\t\t\t\t<article class=\"elementor-post elementor-grid-item post-10346 post type-post status-publish format-standard has-post-thumbnail hentry category-toc-analyzers-de\" role=\"listitem\">\n\t\t\t<div class=\"elementor-post__card\">\n\t\t\t\t<a class=\"elementor-post__thumbnail__link\" href=\"https:\/\/aemas.com\/de\/toc-analyse-zur-reinigungsvalidierung\/\" tabindex=\"-1\" ><div class=\"elementor-post__thumbnail\"><img alt=\"\" decoding=\"async\" width=\"300\" height=\"200\" src=\"https:\/\/aemas.com\/wp-content\/uploads\/2023\/06\/closeup-scientific-microscope-data-analysis-medical-science-laboratory-300x200.jpg\" class=\"attachment-medium size-medium wp-image-6589\" alt=\"\" srcset=\"https:\/\/aemas.com\/wp-content\/uploads\/2023\/06\/closeup-scientific-microscope-data-analysis-medical-science-laboratory-300x200.jpg 300w, https:\/\/aemas.com\/wp-content\/uploads\/2023\/06\/closeup-scientific-microscope-data-analysis-medical-science-laboratory-1024x681.jpg 1024w, https:\/\/aemas.com\/wp-content\/uploads\/2023\/06\/closeup-scientific-microscope-data-analysis-medical-science-laboratory-768x511.jpg 768w, https:\/\/aemas.com\/wp-content\/uploads\/2023\/06\/closeup-scientific-microscope-data-analysis-medical-science-laboratory-1536x1022.jpg 1536w, https:\/\/aemas.com\/wp-content\/uploads\/2023\/06\/closeup-scientific-microscope-data-analysis-medical-science-laboratory-2048x1363.jpg 2048w\" sizes=\"(max-width: 300px) 100vw, 300px\" \/><\/div><\/a>\n\t\t\t\t<div class=\"elementor-post__text\">\n\t\t\t\t<h3 class=\"elementor-post__title\">\n\t\t\t<a href=\"https:\/\/aemas.com\/de\/toc-analyse-zur-reinigungsvalidierung\/\" >\n\t\t\t\tTOC-Analyse zur Reinigungsvalidierung\t\t\t<\/a>\n\t\t<\/h3>\n\t\t\t\t<div class=\"elementor-post__excerpt\">\n\t\t\t<p>Als wesentlicher Bestandteil der Qualit\u00e4tssicherung bei der Herstellung von Arzneimitteln und Wirkstoffen muss streng darauf geachtet werden,<\/p>\n\t\t<\/div>\n\t\t\t\t\t<div class=\"elementor-post__read-more-wrapper\">\n\t\t\n\t\t<a class=\"elementor-post__read-more\" href=\"https:\/\/aemas.com\/de\/toc-analyse-zur-reinigungsvalidierung\/\" aria-label=\"Mehr \u00fcber TOC-Analyse zur Reinigungsvalidierung\" tabindex=\"-1\" >\n\t\t\tMehr lesen \u00bb\t\t<\/a>\n\n\t\t\t\t\t<\/div>\n\t\t\t\t<\/div>\n\t\t\t\t<div class=\"elementor-post__meta-data\">\n\t\t\t\t\t<span class=\"elementor-post-date\">\n\t\t\t28. Juli 2024\t\t<\/span>\n\t\t\t\t<\/div>\n\t\t\t\t\t<\/div>\n\t\t<\/article>\n\t\t\t\t<article class=\"elementor-post elementor-grid-item post-10748 post type-post status-publish format-standard has-post-thumbnail hentry category-toc-analyzers-de\" role=\"listitem\">\n\t\t\t<div class=\"elementor-post__card\">\n\t\t\t\t<a class=\"elementor-post__thumbnail__link\" href=\"https:\/\/aemas.com\/de\/die-vorteile-von-toc-analysatoren-zur-erfuellung-der-usp-standards\/\" tabindex=\"-1\" ><div class=\"elementor-post__thumbnail\"><img decoding=\"async\" width=\"300\" height=\"300\" src=\"https:\/\/aemas.com\/wp-content\/uploads\/2023\/06\/toc-analyzer-300x300.png\" class=\"attachment-medium size-medium wp-image-6600\" alt=\"toc analyzer Aemas\" srcset=\"https:\/\/aemas.com\/wp-content\/uploads\/2023\/06\/toc-analyzer-300x300.png 300w, https:\/\/aemas.com\/wp-content\/uploads\/2023\/06\/toc-analyzer-150x150.png 150w, https:\/\/aemas.com\/wp-content\/uploads\/2023\/06\/toc-analyzer.png 500w\" sizes=\"(max-width: 300px) 100vw, 300px\" \/><\/div><\/a>\n\t\t\t\t<div class=\"elementor-post__text\">\n\t\t\t\t<h3 class=\"elementor-post__title\">\n\t\t\t<a href=\"https:\/\/aemas.com\/de\/die-vorteile-von-toc-analysatoren-zur-erfuellung-der-usp-standards\/\" >\n\t\t\t\tDie Vorteile von TOC-Analysatoren zur Erf\u00fcllung der USP-Standards (United States Pharmacopeia)\t\t\t<\/a>\n\t\t<\/h3>\n\t\t\t\t<div class=\"elementor-post__excerpt\">\n\t\t\t<p>TOC-Analysatoren sind ein unverzichtbare Instrument f\u00fcr die Beurteilung der Wasserqualit\u00e4t. Sie sind entscheidend f\u00fcr die Einhaltung von<\/p>\n\t\t<\/div>\n\t\t\t\t\t<div class=\"elementor-post__read-more-wrapper\">\n\t\t\n\t\t<a class=\"elementor-post__read-more\" href=\"https:\/\/aemas.com\/de\/die-vorteile-von-toc-analysatoren-zur-erfuellung-der-usp-standards\/\" aria-label=\"Mehr \u00fcber Die Vorteile von TOC-Analysatoren zur Erf\u00fcllung der USP-Standards (United States Pharmacopeia)\" tabindex=\"-1\" >\n\t\t\tMehr lesen \u00bb\t\t<\/a>\n\n\t\t\t\t\t<\/div>\n\t\t\t\t<\/div>\n\t\t\t\t<div class=\"elementor-post__meta-data\">\n\t\t\t\t\t<span class=\"elementor-post-date\">\n\t\t\t11. Juli 2024\t\t<\/span>\n\t\t\t\t<\/div>\n\t\t\t\t\t<\/div>\n\t\t<\/article>\n\t\t\t\t<\/div>\n\t\t\t\t\t<span class=\"e-load-more-spinner\">\n\t\t\t\t<i aria-hidden=\"true\" class=\"fas fa-spinner\"><\/i>\t\t\t<\/span>\n\t\t\n\t\t\t\t<div class=\"e-load-more-anchor\" data-page=\"1\" data-max-page=\"3\" data-next-page=\"https:\/\/aemas.com\/de\/wp-json\/wp\/v2\/pages\/6853\/page\/2\/\"><\/div>\n\t\t\t\t<div class=\"elementor-button-wrapper\">\n\t\t\t<a class=\"elementor-button elementor-size-sm\" role=\"button\">\n\t\t\t\t\t\t<span class=\"elementor-button-content-wrapper\">\n\t\t\t\t\t\t\t\t\t<span class=\"elementor-button-text\">Mehr laden<\/span>\n\t\t\t\t\t<\/span>\n\t\t\t\t\t<\/a>\n\t\t<\/div>\n\t\t\t\t<div class=\"e-load-more-message\"><\/div>\n\t\t\t\t\t\t<\/div>\n\t\t\t\t<\/div>\n\t\t\t\t\t<\/div>\n\t\t<\/div>\n\t\t\t\t\t<\/div>\n\t\t<\/section>\n\t\t\t\t<\/div>\n\t\t","protected":false},"excerpt":{"rendered":"<p>Artikel Entdecken Sie alle Artikel, die von Aemas ver\u00f6ffentlicht wurden!<\/p>\n","protected":false},"author":1,"featured_media":0,"parent":0,"menu_order":0,"comment_status":"closed","ping_status":"closed","template":"elementor_header_footer","meta":{"_acf_changed":false,"_seopress_robots_primary_cat":"","_seopress_titles_title":"Nachricht | Aemas","_seopress_titles_desc":"Entdecken Sie alle Artikel, die von Aemas ver\u00f6ffentlicht wurden!\r\n\r\n","_seopress_robots_index":"","footnotes":""},"class_list":["post-6853","page","type-page","status-publish","hentry"],"acf":[],"_links":{"self":[{"href":"https:\/\/aemas.com\/de\/wp-json\/wp\/v2\/pages\/6853","targetHints":{"allow":["GET"]}}],"collection":[{"href":"https:\/\/aemas.com\/de\/wp-json\/wp\/v2\/pages"}],"about":[{"href":"https:\/\/aemas.com\/de\/wp-json\/wp\/v2\/types\/page"}],"author":[{"embeddable":true,"href":"https:\/\/aemas.com\/de\/wp-json\/wp\/v2\/users\/1"}],"replies":[{"embeddable":true,"href":"https:\/\/aemas.com\/de\/wp-json\/wp\/v2\/comments?post=6853"}],"version-history":[{"count":12,"href":"https:\/\/aemas.com\/de\/wp-json\/wp\/v2\/pages\/6853\/revisions"}],"predecessor-version":[{"id":9060,"href":"https:\/\/aemas.com\/de\/wp-json\/wp\/v2\/pages\/6853\/revisions\/9060"}],"wp:attachment":[{"href":"https:\/\/aemas.com\/de\/wp-json\/wp\/v2\/media?parent=6853"}],"curies":[{"name":"wp","href":"https:\/\/api.w.org\/{rel}","templated":true}]}}