{"id":10086,"date":"2024-03-29T09:45:11","date_gmt":"2024-03-29T08:45:11","guid":{"rendered":"https:\/\/aemas.com\/plasma\/"},"modified":"2025-10-27T14:18:43","modified_gmt":"2025-10-27T13:18:43","slug":"plasma","status":"publish","type":"page","link":"https:\/\/aemas.com\/de\/plasma\/","title":{"rendered":"Mikrowellen Stickstoff Plasma"},"content":{"rendered":"\t\t<div data-elementor-type=\"wp-page\" data-elementor-id=\"10086\" class=\"elementor elementor-10086 elementor-10023\" data-elementor-post-type=\"page\">\n\t\t\t\t\t\t<section class=\"elementor-section elementor-top-section elementor-element elementor-element-df545ce elementor-section-boxed elementor-section-height-default elementor-section-height-default\" data-id=\"df545ce\" data-element_type=\"section\" data-e-type=\"section\">\n\t\t\t\t\t\t<div class=\"elementor-container elementor-column-gap-default\">\n\t\t\t\t\t<div class=\"elementor-column elementor-col-100 elementor-top-column elementor-element elementor-element-706313f\" data-id=\"706313f\" data-element_type=\"column\" data-e-type=\"column\">\n\t\t\t<div class=\"elementor-widget-wrap elementor-element-populated\">\n\t\t\t\t\t\t<div class=\"elementor-element elementor-element-ff25b5d elementor-widget elementor-widget-spacer\" data-id=\"ff25b5d\" data-element_type=\"widget\" data-e-type=\"widget\" data-widget_type=\"spacer.default\">\n\t\t\t\t<div class=\"elementor-widget-container\">\n\t\t\t\t\t\t\t<div class=\"elementor-spacer\">\n\t\t\t<div class=\"elementor-spacer-inner\"><\/div>\n\t\t<\/div>\n\t\t\t\t\t\t<\/div>\n\t\t\t\t<\/div>\n\t\t\t\t<div class=\"elementor-element elementor-element-9940312 elementor-widget elementor-widget-shortcode\" data-id=\"9940312\" data-element_type=\"widget\" data-e-type=\"widget\" data-widget_type=\"shortcode.default\">\n\t\t\t\t<div class=\"elementor-widget-container\">\n\t\t\t\t\t\t\t<div class=\"elementor-shortcode\"><nav  aria-label=\"Brotkr\u00fcmel\"><ol class=\"breadcrumb\" itemscope itemtype=\"https:\/\/schema.org\/BreadcrumbList\"><li class=\"breadcrumb-item active\" aria-current=\"page\" itemprop=\"itemListElement\" itemscope itemtype=\"https:\/\/schema.org\/ListItem\"><span itemprop=\"name\">Home<\/span><meta itemprop=\"position\" content=\"1\"><\/li><\/ol><\/nav><\/div>\n\t\t\t\t\t\t<\/div>\n\t\t\t\t<\/div>\n\t\t\t\t<div class=\"elementor-element elementor-element-ab0be0f elementor-widget elementor-widget-heading\" data-id=\"ab0be0f\" data-element_type=\"widget\" data-e-type=\"widget\" data-widget_type=\"heading.default\">\n\t\t\t\t<div class=\"elementor-widget-container\">\n\t\t\t\t\t<h1 class=\"elementor-heading-title elementor-size-xxl\">Mikrowellen Stickstoff Plasma<\/h1>\t\t\t\t<\/div>\n\t\t\t\t<\/div>\n\t\t\t\t\t<\/div>\n\t\t<\/div>\n\t\t\t\t\t<\/div>\n\t\t<\/section>\n\t\t\t\t<section class=\"elementor-section elementor-top-section elementor-element elementor-element-7c3d156 elementor-section-boxed elementor-section-height-default elementor-section-height-default\" data-id=\"7c3d156\" data-element_type=\"section\" data-e-type=\"section\">\n\t\t\t\t\t\t<div class=\"elementor-container elementor-column-gap-default\">\n\t\t\t\t\t<div class=\"elementor-column elementor-col-100 elementor-top-column elementor-element elementor-element-cbf8ffe\" data-id=\"cbf8ffe\" data-element_type=\"column\" data-e-type=\"column\">\n\t\t\t<div class=\"elementor-widget-wrap elementor-element-populated\">\n\t\t\t\t\t\t<div class=\"elementor-element elementor-element-015f67d elementor-widget__width-initial elementor-widget-divider--view-line elementor-widget elementor-widget-divider\" data-id=\"015f67d\" data-element_type=\"widget\" data-e-type=\"widget\" data-widget_type=\"divider.default\">\n\t\t\t\t<div class=\"elementor-widget-container\">\n\t\t\t\t\t\t\t<div class=\"elementor-divider\">\n\t\t\t<span class=\"elementor-divider-separator\">\n\t\t\t\t\t\t<\/span>\n\t\t<\/div>\n\t\t\t\t\t\t<\/div>\n\t\t\t\t<\/div>\n\t\t\t\t\t<\/div>\n\t\t<\/div>\n\t\t\t\t\t<\/div>\n\t\t<\/section>\n\t\t\t\t<section class=\"elementor-section elementor-top-section elementor-element elementor-element-cd08986 elementor-section-height-min-height elementor-section-boxed elementor-section-height-default elementor-section-items-middle\" data-id=\"cd08986\" data-element_type=\"section\" data-e-type=\"section\">\n\t\t\t\t\t\t<div class=\"elementor-container elementor-column-gap-default\">\n\t\t\t\t\t<div class=\"elementor-column elementor-col-50 elementor-top-column elementor-element elementor-element-b6d349a\" data-id=\"b6d349a\" data-element_type=\"column\" data-e-type=\"column\">\n\t\t\t<div class=\"elementor-widget-wrap elementor-element-populated\">\n\t\t\t\t\t\t<div class=\"elementor-element elementor-element-c1ac7ef elementor-widget__width-initial elementor-widget elementor-widget-image\" data-id=\"c1ac7ef\" data-element_type=\"widget\" data-e-type=\"widget\" data-widget_type=\"image.default\">\n\t\t\t\t<div class=\"elementor-widget-container\">\n\t\t\t\t\t\t\t\t\t\t\t\t\t\t\t<img fetchpriority=\"high\" decoding=\"async\" width=\"800\" height=\"450\" src=\"https:\/\/aemas.com\/wp-content\/uploads\/65d8c50b4aa880797109b3e7_video-lightbox-image-07-1024x576.webp\" class=\"attachment-large size-large wp-image-10014\" alt=\"Radom MICAP-OES 1000 - Aemas\" srcset=\"https:\/\/aemas.com\/wp-content\/uploads\/65d8c50b4aa880797109b3e7_video-lightbox-image-07-1024x576.webp 1024w, https:\/\/aemas.com\/wp-content\/uploads\/65d8c50b4aa880797109b3e7_video-lightbox-image-07-300x169.webp 300w, https:\/\/aemas.com\/wp-content\/uploads\/65d8c50b4aa880797109b3e7_video-lightbox-image-07-768x432.webp 768w, https:\/\/aemas.com\/wp-content\/uploads\/65d8c50b4aa880797109b3e7_video-lightbox-image-07.webp 1280w\" sizes=\"(max-width: 800px) 100vw, 800px\" \/>\t\t\t\t\t\t\t\t\t\t\t\t\t\t\t<\/div>\n\t\t\t\t<\/div>\n\t\t\t\t\t<\/div>\n\t\t<\/div>\n\t\t\t\t<div class=\"elementor-column elementor-col-50 elementor-top-column elementor-element elementor-element-b324a95\" data-id=\"b324a95\" data-element_type=\"column\" data-e-type=\"column\">\n\t\t\t<div class=\"elementor-widget-wrap elementor-element-populated\">\n\t\t\t\t\t\t<div class=\"elementor-element elementor-element-fa6f169 elementor-widget elementor-widget-heading\" data-id=\"fa6f169\" data-element_type=\"widget\" data-e-type=\"widget\" data-widget_type=\"heading.default\">\n\t\t\t\t<div class=\"elementor-widget-container\">\n\t\t\t\t\t<h1 class=\"elementor-heading-title elementor-size-default\">MICAP-OES 1000<\/h1>\t\t\t\t<\/div>\n\t\t\t\t<\/div>\n\t\t\t\t<div class=\"elementor-element elementor-element-8366be7 elementor-widget elementor-widget-text-editor\" data-id=\"8366be7\" data-element_type=\"widget\" data-e-type=\"widget\" data-widget_type=\"text-editor.default\">\n\t\t\t\t<div class=\"elementor-widget-container\">\n\t\t\t\t\t\t\t\t\t<p>Wir stellen MICAP-OES 1000 vor, die Spitze der Innovation in der Mikrowellen-induktiv gekoppelten Atmosph\u00e4renplasma-optischen Emissionsspektrometrie. Entwickelt von der Radom Corporation, verf\u00fcgt dieses Instrument \u00fcber beispiellose Funktionen, die darauf ausgelegt sind, die Elementaranalyse in Labors weltweit zu revolutionieren. Mit einem einzigartigen Design und herausragender Leistung setzt dieses Ger\u00e4t neue Ma\u00dfst\u00e4be in Effizienz, Wirtschaftlichkeit und Umweltvertr\u00e4glichkeit.<\/p>\t\t\t\t\t\t\t\t<\/div>\n\t\t\t\t<\/div>\n\t\t\t\t<div class=\"elementor-element elementor-element-1180802 elementor-align-left elementor-widget elementor-widget-button\" data-id=\"1180802\" data-element_type=\"widget\" data-e-type=\"widget\" data-widget_type=\"button.default\">\n\t\t\t\t<div class=\"elementor-widget-container\">\n\t\t\t\t\t\t\t\t\t<div class=\"elementor-button-wrapper\">\n\t\t\t\t\t<a class=\"elementor-button elementor-button-link elementor-size-md\" href=\"https:\/\/aemas.com\/de\/kontakt\/\">\n\t\t\t\t\t\t<span class=\"elementor-button-content-wrapper\">\n\t\t\t\t\t\t\t\t\t<span class=\"elementor-button-text\">Kontaktieren sie uns<\/span>\n\t\t\t\t\t<\/span>\n\t\t\t\t\t<\/a>\n\t\t\t\t<\/div>\n\t\t\t\t\t\t\t\t<\/div>\n\t\t\t\t<\/div>\n\t\t\t\t\t<\/div>\n\t\t<\/div>\n\t\t\t\t\t<\/div>\n\t\t<\/section>\n\t\t\t\t<section class=\"elementor-section elementor-top-section elementor-element elementor-element-6dff78f elementor-section-boxed elementor-section-height-default elementor-section-height-default\" data-id=\"6dff78f\" data-element_type=\"section\" data-e-type=\"section\">\n\t\t\t\t\t\t<div class=\"elementor-container elementor-column-gap-default\">\n\t\t\t\t\t<div class=\"elementor-column elementor-col-100 elementor-top-column elementor-element elementor-element-27e9a0d elementor-hidden-tablet elementor-hidden-mobile\" data-id=\"27e9a0d\" data-element_type=\"column\" data-e-type=\"column\">\n\t\t\t<div class=\"elementor-widget-wrap elementor-element-populated\">\n\t\t\t\t\t\t<div class=\"elementor-element elementor-element-325af41 elementor-nav-menu--dropdown-none elementor-widget elementor-widget-nav-menu\" data-id=\"325af41\" data-element_type=\"widget\" data-e-type=\"widget\" data-settings=\"{&quot;layout&quot;:&quot;horizontal&quot;,&quot;submenu_icon&quot;:{&quot;value&quot;:&quot;&lt;i class=\\&quot;fas fa-caret-down\\&quot; aria-hidden=\\&quot;true\\&quot;&gt;&lt;\\\/i&gt;&quot;,&quot;library&quot;:&quot;fa-solid&quot;}}\" data-widget_type=\"nav-menu.default\">\n\t\t\t\t<div class=\"elementor-widget-container\">\n\t\t\t\t\t\t\t\t<nav aria-label=\"Menu\" class=\"elementor-nav-menu--main elementor-nav-menu__container elementor-nav-menu--layout-horizontal e--pointer-underline e--animation-fade\">\n\t\t\t\t<ul id=\"menu-1-325af41\" class=\"elementor-nav-menu\"><li class=\"menu-item menu-item-type-custom menu-item-object-custom menu-item-7098\"><a href=\"https:\/\/aemas.com\/mercury-analyzers\/\" class=\"elementor-item\">Mercury Analyzers<\/a><\/li>\n<li class=\"menu-item menu-item-type-custom menu-item-object-custom menu-item-7099\"><a href=\"https:\/\/aemas.com\/toc-analyzers\/\" class=\"elementor-item\">TOC Analyzers<\/a><\/li>\n<li class=\"menu-item menu-item-type-custom menu-item-object-custom menu-item-7100\"><a href=\"https:\/\/aemas.com\/voc-instruments\/\" class=\"elementor-item\">VOC Analyzers<\/a><\/li>\n<li class=\"menu-item menu-item-type-custom menu-item-object-custom menu-item-7101\"><a href=\"https:\/\/aemas.com\/automation\/\" class=\"elementor-item\">Automation<\/a><\/li>\n<li class=\"menu-item menu-item-type-custom menu-item-object-custom menu-item-7102\"><a href=\"https:\/\/aemas.com\/Sample-introduction\/\" class=\"elementor-item\">Sample Introduction<\/a><\/li>\n<li class=\"menu-item menu-item-type-custom menu-item-object-custom menu-item-7103\"><a href=\"https:\/\/aemas.com\/sample-preperation\/\" class=\"elementor-item\">Sample Preperation<\/a><\/li>\n<\/ul>\t\t\t<\/nav>\n\t\t\t\t\t\t<nav class=\"elementor-nav-menu--dropdown elementor-nav-menu__container\" aria-hidden=\"true\">\n\t\t\t\t<ul id=\"menu-2-325af41\" class=\"elementor-nav-menu\"><li class=\"menu-item menu-item-type-custom menu-item-object-custom menu-item-7098\"><a href=\"https:\/\/aemas.com\/mercury-analyzers\/\" class=\"elementor-item\" tabindex=\"-1\">Mercury Analyzers<\/a><\/li>\n<li class=\"menu-item menu-item-type-custom menu-item-object-custom menu-item-7099\"><a href=\"https:\/\/aemas.com\/toc-analyzers\/\" class=\"elementor-item\" tabindex=\"-1\">TOC Analyzers<\/a><\/li>\n<li class=\"menu-item menu-item-type-custom menu-item-object-custom menu-item-7100\"><a href=\"https:\/\/aemas.com\/voc-instruments\/\" class=\"elementor-item\" tabindex=\"-1\">VOC Analyzers<\/a><\/li>\n<li class=\"menu-item menu-item-type-custom menu-item-object-custom menu-item-7101\"><a href=\"https:\/\/aemas.com\/automation\/\" class=\"elementor-item\" tabindex=\"-1\">Automation<\/a><\/li>\n<li class=\"menu-item menu-item-type-custom menu-item-object-custom menu-item-7102\"><a href=\"https:\/\/aemas.com\/Sample-introduction\/\" class=\"elementor-item\" tabindex=\"-1\">Sample Introduction<\/a><\/li>\n<li class=\"menu-item menu-item-type-custom menu-item-object-custom menu-item-7103\"><a href=\"https:\/\/aemas.com\/sample-preperation\/\" class=\"elementor-item\" tabindex=\"-1\">Sample Preperation<\/a><\/li>\n<\/ul>\t\t\t<\/nav>\n\t\t\t\t\t\t<\/div>\n\t\t\t\t<\/div>\n\t\t\t\t\t<\/div>\n\t\t<\/div>\n\t\t\t\t\t<\/div>\n\t\t<\/section>\n\t\t\t\t<section class=\"elementor-section elementor-top-section elementor-element elementor-element-e97aa1b elementor-section-boxed elementor-section-height-default elementor-section-height-default\" data-id=\"e97aa1b\" data-element_type=\"section\" data-e-type=\"section\">\n\t\t\t\t\t\t<div class=\"elementor-container elementor-column-gap-default\">\n\t\t\t\t\t<div class=\"elementor-column elementor-col-100 elementor-top-column elementor-element elementor-element-c520c33\" data-id=\"c520c33\" data-element_type=\"column\" data-e-type=\"column\">\n\t\t\t<div class=\"elementor-widget-wrap elementor-element-populated\">\n\t\t\t\t\t\t<div class=\"elementor-element elementor-element-6345409 elementor-widget elementor-widget-heading\" data-id=\"6345409\" data-element_type=\"widget\" data-e-type=\"widget\" data-widget_type=\"heading.default\">\n\t\t\t\t<div class=\"elementor-widget-container\">\n\t\t\t\t\t<h2 class=\"elementor-heading-title elementor-size-default\">Anwendungen MICAP-OES <\/h2>\t\t\t\t<\/div>\n\t\t\t\t<\/div>\n\t\t\t\t<div class=\"elementor-element elementor-element-ff8eaeb elementor-widget elementor-widget-text-editor\" data-id=\"ff8eaeb\" data-element_type=\"widget\" data-e-type=\"widget\" data-widget_type=\"text-editor.default\">\n\t\t\t\t<div class=\"elementor-widget-container\">\n\t\t\t\t\t\t\t\t\t<p>Die Vielseitigkeit macht es ideal f\u00fcr eine Vielzahl von Anwendungen, von der Umwelt\u00fcberwachung \u00fcber die pharmazeutische Forschung bis hin zur Metallurgie. Seine F\u00e4higkeit, schnelle und gleichzeitige Elementarmessungen durchzuf\u00fchren, gepaart mit seinen geringen Anforderungen an die Probenvorbereitung, vereinfacht analytische Prozesse und steigert die Produktivit\u00e4t. Dar\u00fcber hinaus macht die Kompatibilit\u00e4t mit lokaler Stickstoffgenerierung und sein geringer CO2-Fu\u00dfabdruck es zu einer nachhaltigen Wahl f\u00fcr Labore, die ihren \u00f6kologischen Fu\u00dfabdruck minimieren und gleichzeitig die Effizienz maximieren m\u00f6chten.<\/p>\t\t\t\t\t\t\t\t<\/div>\n\t\t\t\t<\/div>\n\t\t\t\t\t<\/div>\n\t\t<\/div>\n\t\t\t\t\t<\/div>\n\t\t<\/section>\n\t\t\t\t<section class=\"elementor-section elementor-top-section elementor-element elementor-element-129bf4f elementor-section-boxed elementor-section-height-default elementor-section-height-default\" data-id=\"129bf4f\" data-element_type=\"section\" data-e-type=\"section\" data-settings=\"{&quot;background_background&quot;:&quot;classic&quot;}\">\n\t\t\t\t\t\t<div class=\"elementor-container elementor-column-gap-default\">\n\t\t\t\t\t<div class=\"elementor-column elementor-col-100 elementor-top-column elementor-element elementor-element-74dae0a\" data-id=\"74dae0a\" data-element_type=\"column\" data-e-type=\"column\">\n\t\t\t<div class=\"elementor-widget-wrap elementor-element-populated\">\n\t\t\t\t\t\t<div class=\"elementor-element elementor-element-e7fccaa elementor-widget elementor-widget-heading\" data-id=\"e7fccaa\" data-element_type=\"widget\" data-e-type=\"widget\" data-widget_type=\"heading.default\">\n\t\t\t\t<div class=\"elementor-widget-container\">\n\t\t\t\t\t<h2 class=\"elementor-heading-title elementor-size-default\">Spektroskopie<\/h2>\t\t\t\t<\/div>\n\t\t\t\t<\/div>\n\t\t\t\t\t<\/div>\n\t\t<\/div>\n\t\t\t\t\t<\/div>\n\t\t<\/section>\n\t\t\t\t<\/div>\n\t\t","protected":false},"excerpt":{"rendered":"<p>Mikrowellen Stickstoff Plasma MICAP-OES 1000 Wir stellen MICAP-OES 1000 vor, die Spitze der Innovation in der Mikrowellen-induktiv gekoppelten Atmosph\u00e4renplasma-optischen Emissionsspektrometrie. Entwickelt von der Radom Corporation, verf\u00fcgt dieses Instrument \u00fcber beispiellose Funktionen, die darauf ausgelegt sind, die Elementaranalyse in Labors weltweit zu revolutionieren. Mit einem einzigartigen Design und herausragender Leistung setzt dieses Ger\u00e4t neue Ma\u00dfst\u00e4be in [&hellip;]<\/p>\n","protected":false},"author":9,"featured_media":0,"parent":0,"menu_order":0,"comment_status":"closed","ping_status":"closed","template":"","meta":{"_acf_changed":false,"_seopress_robots_primary_cat":"","_seopress_titles_title":"","_seopress_titles_desc":"","_seopress_robots_index":"","_seopress_analysis_target_kw":"","footnotes":""},"class_list":["post-10086","page","type-page","status-publish","hentry"],"acf":[],"_links":{"self":[{"href":"https:\/\/aemas.com\/de\/wp-json\/wp\/v2\/pages\/10086","targetHints":{"allow":["GET"]}}],"collection":[{"href":"https:\/\/aemas.com\/de\/wp-json\/wp\/v2\/pages"}],"about":[{"href":"https:\/\/aemas.com\/de\/wp-json\/wp\/v2\/types\/page"}],"author":[{"embeddable":true,"href":"https:\/\/aemas.com\/de\/wp-json\/wp\/v2\/users\/9"}],"replies":[{"embeddable":true,"href":"https:\/\/aemas.com\/de\/wp-json\/wp\/v2\/comments?post=10086"}],"version-history":[{"count":10,"href":"https:\/\/aemas.com\/de\/wp-json\/wp\/v2\/pages\/10086\/revisions"}],"predecessor-version":[{"id":11243,"href":"https:\/\/aemas.com\/de\/wp-json\/wp\/v2\/pages\/10086\/revisions\/11243"}],"wp:attachment":[{"href":"https:\/\/aemas.com\/de\/wp-json\/wp\/v2\/media?parent=10086"}],"curies":[{"name":"wp","href":"https:\/\/api.w.org\/{rel}","templated":true}]}}