{"id":10081,"date":"2024-03-29T09:32:42","date_gmt":"2024-03-29T08:32:42","guid":{"rendered":"https:\/\/aemas.com\/radom\/"},"modified":"2024-04-04T11:19:10","modified_gmt":"2024-04-04T09:19:10","slug":"radom","status":"publish","type":"page","link":"https:\/\/aemas.com\/de\/radom\/","title":{"rendered":"RADOM CORP"},"content":{"rendered":"\t\t<div data-elementor-type=\"wp-page\" data-elementor-id=\"10081\" class=\"elementor elementor-10081 elementor-10003\" data-elementor-post-type=\"page\">\n\t\t\t\t\t\t<section class=\"elementor-section elementor-top-section elementor-element elementor-element-4ace09e elementor-section-boxed elementor-section-height-default elementor-section-height-default\" data-id=\"4ace09e\" data-element_type=\"section\" data-e-type=\"section\">\n\t\t\t\t\t\t<div class=\"elementor-container elementor-column-gap-default\">\n\t\t\t\t\t<div class=\"elementor-column elementor-col-100 elementor-top-column elementor-element elementor-element-2464b1c\" data-id=\"2464b1c\" data-element_type=\"column\" data-e-type=\"column\">\n\t\t\t<div class=\"elementor-widget-wrap elementor-element-populated\">\n\t\t\t\t\t\t<div class=\"elementor-element elementor-element-cc46966 elementor-widget elementor-widget-spacer\" data-id=\"cc46966\" data-element_type=\"widget\" data-e-type=\"widget\" data-widget_type=\"spacer.default\">\n\t\t\t\t<div class=\"elementor-widget-container\">\n\t\t\t\t\t\t\t<div class=\"elementor-spacer\">\n\t\t\t<div class=\"elementor-spacer-inner\"><\/div>\n\t\t<\/div>\n\t\t\t\t\t\t<\/div>\n\t\t\t\t<\/div>\n\t\t\t\t<div class=\"elementor-element elementor-element-9d70e4c elementor-widget elementor-widget-heading\" data-id=\"9d70e4c\" data-element_type=\"widget\" data-e-type=\"widget\" data-widget_type=\"heading.default\">\n\t\t\t\t<div class=\"elementor-widget-container\">\n\t\t\t\t\t<h1 class=\"elementor-heading-title elementor-size-xxl\">RADOM CORP<\/h1>\t\t\t\t<\/div>\n\t\t\t\t<\/div>\n\t\t\t\t<div class=\"elementor-element elementor-element-e33be62 elementor-widget__width-initial elementor-widget-divider--view-line elementor-widget elementor-widget-divider\" data-id=\"e33be62\" data-element_type=\"widget\" data-e-type=\"widget\" data-widget_type=\"divider.default\">\n\t\t\t\t<div class=\"elementor-widget-container\">\n\t\t\t\t\t\t\t<div class=\"elementor-divider\">\n\t\t\t<span class=\"elementor-divider-separator\">\n\t\t\t\t\t\t<\/span>\n\t\t<\/div>\n\t\t\t\t\t\t<\/div>\n\t\t\t\t<\/div>\n\t\t\t\t\t<\/div>\n\t\t<\/div>\n\t\t\t\t\t<\/div>\n\t\t<\/section>\n\t\t\t\t<section class=\"elementor-section elementor-top-section elementor-element elementor-element-f6b5604 elementor-section-boxed elementor-section-height-default elementor-section-height-default\" data-id=\"f6b5604\" data-element_type=\"section\" data-e-type=\"section\">\n\t\t\t\t\t\t<div class=\"elementor-container elementor-column-gap-default\">\n\t\t\t\t\t<div class=\"elementor-column elementor-col-66 elementor-top-column elementor-element elementor-element-09dc24f\" data-id=\"09dc24f\" data-element_type=\"column\" data-e-type=\"column\">\n\t\t\t<div class=\"elementor-widget-wrap elementor-element-populated\">\n\t\t\t\t\t\t<div class=\"elementor-element elementor-element-01c412a elementor-widget elementor-widget-text-editor\" data-id=\"01c412a\" data-element_type=\"widget\" data-e-type=\"widget\" data-widget_type=\"text-editor.default\">\n\t\t\t\t<div class=\"elementor-widget-container\">\n\t\t\t\t\t\t\t\t\t<p>Radom steht an vorderster Front als weltweit f\u00fchrender Anbieter von hochmodernen Plasma-Technologien. Mit einem zukunftsweisenden Ansatz, langj\u00e4hriger Expertise und einem unersch\u00fctterlichen Engagement f\u00fcr Innovationen sind wir Wegbereiter bei der Revolutionierung von Laborinstrumenten.<\/p>\t\t\t\t\t\t\t\t<\/div>\n\t\t\t\t<\/div>\n\t\t\t\t<div class=\"elementor-element elementor-element-80963ce elementor-widget elementor-widget-button\" data-id=\"80963ce\" data-element_type=\"widget\" data-e-type=\"widget\" data-widget_type=\"button.default\">\n\t\t\t\t<div class=\"elementor-widget-container\">\n\t\t\t\t\t\t\t\t\t<div class=\"elementor-button-wrapper\">\n\t\t\t\t\t<a class=\"elementor-button elementor-button-link elementor-size-sm\" href=\"https:\/\/www.radomcorp.com\/\" target=\"_blank\">\n\t\t\t\t\t\t<span class=\"elementor-button-content-wrapper\">\n\t\t\t\t\t\t\t\t\t<span class=\"elementor-button-text\">Lieferanten besuchen<\/span>\n\t\t\t\t\t<\/span>\n\t\t\t\t\t<\/a>\n\t\t\t\t<\/div>\n\t\t\t\t\t\t\t\t<\/div>\n\t\t\t\t<\/div>\n\t\t\t\t\t<\/div>\n\t\t<\/div>\n\t\t\t\t<div class=\"elementor-column elementor-col-33 elementor-top-column elementor-element elementor-element-2e48bc6\" data-id=\"2e48bc6\" data-element_type=\"column\" data-e-type=\"column\">\n\t\t\t<div class=\"elementor-widget-wrap elementor-element-populated\">\n\t\t\t\t\t\t<div class=\"elementor-element elementor-element-fb814a6 elementor-widget elementor-widget-image\" data-id=\"fb814a6\" data-element_type=\"widget\" data-e-type=\"widget\" data-widget_type=\"image.default\">\n\t\t\t\t<div class=\"elementor-widget-container\">\n\t\t\t\t\t\t\t\t\t\t\t\t\t\t\t<img alt=\"\" fetchpriority=\"high\" decoding=\"async\" width=\"800\" height=\"352\" src=\"https:\/\/aemas.com\/wp-content\/uploads\/Radom-1024x450.png\" class=\"attachment-large size-large wp-image-10011\" alt=\"\" srcset=\"https:\/\/aemas.com\/wp-content\/uploads\/Radom-1024x450.png 1024w, https:\/\/aemas.com\/wp-content\/uploads\/Radom-300x132.png 300w, https:\/\/aemas.com\/wp-content\/uploads\/Radom-768x338.png 768w, https:\/\/aemas.com\/wp-content\/uploads\/Radom-1536x675.png 1536w, https:\/\/aemas.com\/wp-content\/uploads\/Radom.png 1649w\" sizes=\"(max-width: 800px) 100vw, 800px\" \/>\t\t\t\t\t\t\t\t\t\t\t\t\t\t\t<\/div>\n\t\t\t\t<\/div>\n\t\t\t\t\t<\/div>\n\t\t<\/div>\n\t\t\t\t\t<\/div>\n\t\t<\/section>\n\t\t\t\t<section class=\"elementor-section elementor-top-section elementor-element elementor-element-ec77ace elementor-section-boxed elementor-section-height-default elementor-section-height-default\" data-id=\"ec77ace\" data-element_type=\"section\" data-e-type=\"section\">\n\t\t\t\t\t\t<div class=\"elementor-container elementor-column-gap-default\">\n\t\t\t\t\t<div class=\"elementor-column elementor-col-100 elementor-top-column elementor-element elementor-element-86862eb\" data-id=\"86862eb\" data-element_type=\"column\" data-e-type=\"column\">\n\t\t\t<div class=\"elementor-widget-wrap elementor-element-populated\">\n\t\t\t\t\t\t<div class=\"elementor-element elementor-element-32796b6 elementor-widget elementor-widget-heading\" data-id=\"32796b6\" data-element_type=\"widget\" data-e-type=\"widget\" data-widget_type=\"heading.default\">\n\t\t\t\t<div class=\"elementor-widget-container\">\n\t\t\t\t\t<h2 class=\"elementor-heading-title elementor-size-xl\">\u00dcber Radom Corp<\/h2>\t\t\t\t<\/div>\n\t\t\t\t<\/div>\n\t\t\t\t<div class=\"elementor-element elementor-element-04c349a elementor-widget__width-initial elementor-widget-divider--view-line elementor-widget elementor-widget-divider\" data-id=\"04c349a\" data-element_type=\"widget\" data-e-type=\"widget\" data-widget_type=\"divider.default\">\n\t\t\t\t<div class=\"elementor-widget-container\">\n\t\t\t\t\t\t\t<div class=\"elementor-divider\">\n\t\t\t<span class=\"elementor-divider-separator\">\n\t\t\t\t\t\t<\/span>\n\t\t<\/div>\n\t\t\t\t\t\t<\/div>\n\t\t\t\t<\/div>\n\t\t\t\t\t<\/div>\n\t\t<\/div>\n\t\t\t\t\t<\/div>\n\t\t<\/section>\n\t\t\t\t<section class=\"elementor-section elementor-top-section elementor-element elementor-element-153050d elementor-section-boxed elementor-section-height-default elementor-section-height-default\" data-id=\"153050d\" data-element_type=\"section\" data-e-type=\"section\">\n\t\t\t\t\t\t<div class=\"elementor-container elementor-column-gap-default\">\n\t\t\t\t\t<div class=\"elementor-column elementor-col-50 elementor-top-column elementor-element elementor-element-615e83f\" data-id=\"615e83f\" data-element_type=\"column\" data-e-type=\"column\">\n\t\t\t<div class=\"elementor-widget-wrap elementor-element-populated\">\n\t\t\t\t\t\t<div class=\"elementor-element elementor-element-e45b8dc elementor-widget elementor-widget-image\" data-id=\"e45b8dc\" data-element_type=\"widget\" data-e-type=\"widget\" data-widget_type=\"image.default\">\n\t\t\t\t<div class=\"elementor-widget-container\">\n\t\t\t\t\t\t\t\t\t\t\t\t\t\t\t<img decoding=\"async\" width=\"800\" height=\"450\" src=\"https:\/\/aemas.com\/wp-content\/uploads\/65d8c50b4aa880797109b3e7_video-lightbox-image-07-1024x576.webp\" class=\"attachment-large size-large wp-image-10014\" alt=\"Radom MICAP-OES 1000 - Aemas\" srcset=\"https:\/\/aemas.com\/wp-content\/uploads\/65d8c50b4aa880797109b3e7_video-lightbox-image-07-1024x576.webp 1024w, https:\/\/aemas.com\/wp-content\/uploads\/65d8c50b4aa880797109b3e7_video-lightbox-image-07-300x169.webp 300w, https:\/\/aemas.com\/wp-content\/uploads\/65d8c50b4aa880797109b3e7_video-lightbox-image-07-768x432.webp 768w, https:\/\/aemas.com\/wp-content\/uploads\/65d8c50b4aa880797109b3e7_video-lightbox-image-07.webp 1280w\" sizes=\"(max-width: 800px) 100vw, 800px\" \/>\t\t\t\t\t\t\t\t\t\t\t\t\t\t\t<\/div>\n\t\t\t\t<\/div>\n\t\t\t\t\t<\/div>\n\t\t<\/div>\n\t\t\t\t<div class=\"elementor-column elementor-col-50 elementor-top-column elementor-element elementor-element-7ec9803\" data-id=\"7ec9803\" data-element_type=\"column\" data-e-type=\"column\" data-settings=\"{&quot;background_background&quot;:&quot;classic&quot;}\">\n\t\t\t<div class=\"elementor-widget-wrap elementor-element-populated\">\n\t\t\t\t\t\t<div class=\"elementor-element elementor-element-b6d7c95 elementor-widget elementor-widget-text-editor\" data-id=\"b6d7c95\" data-element_type=\"widget\" data-e-type=\"widget\" data-widget_type=\"text-editor.default\">\n\t\t\t\t<div class=\"elementor-widget-container\">\n\t\t\t\t\t\t\t\t\t<p>Radom steht stolz als angesehene globale Autorit\u00e4t in hochmodernen Plasma-Technologien. Unser Ruf erstreckt sich \u00fcber Kontinente hinweg und liefert nachhaltige und wegweisende L\u00f6sungen f\u00fcr eine Vielzahl von Sektoren, von analytischer Instrumentierung bis hin zu sauberer Technologie und Wasserstofferzeugung.<\/p><p>\nDurch unsere hochmodernen Plasma-Produkte und Instrumente priorisieren wir die Verbesserung der Sicherheit, die Steigerung der Betriebseffizienz und die Umweltschonung. Unsere innovativen Designs optimieren nicht nur die Leistung, sondern tragen auch zur Verringerung der Umweltverschmutzung bei.<\/p><p>\nMit unserer Technologie an der Spitze bef\u00e4higen wir sicherere Praktiken, heben die Betriebseffizienz auf ein h\u00f6heres Niveau und spielen eine entscheidende Rolle bei der Entgiftung unseres Planeten. Unser Engagement f\u00fcr Nachhaltigkeit und Umweltverantwortung bleibt unersch\u00fctterlich, w\u00e4hrend wir weiterhin den Weg f\u00fcr eine hellere, sauberere Zukunft ebnen.<\/p>\t\t\t\t\t\t\t\t<\/div>\n\t\t\t\t<\/div>\n\t\t\t\t\t<\/div>\n\t\t<\/div>\n\t\t\t\t\t<\/div>\n\t\t<\/section>\n\t\t\t\t<\/div>\n\t\t","protected":false},"excerpt":{"rendered":"<p>RADOM CORP Radom steht an vorderster Front als weltweit f\u00fchrender Anbieter von hochmodernen Plasma-Technologien. Mit einem zukunftsweisenden Ansatz, langj\u00e4hriger Expertise und einem unersch\u00fctterlichen Engagement f\u00fcr Innovationen sind wir Wegbereiter bei der Revolutionierung von Laborinstrumenten. Lieferanten besuchen \u00dcber Radom Corp Radom steht stolz als angesehene globale Autorit\u00e4t in hochmodernen Plasma-Technologien. Unser Ruf erstreckt sich \u00fcber Kontinente [&hellip;]<\/p>\n","protected":false},"author":9,"featured_media":0,"parent":0,"menu_order":0,"comment_status":"closed","ping_status":"closed","template":"","meta":{"_acf_changed":false,"_seopress_robots_primary_cat":"","_seopress_titles_title":"","_seopress_titles_desc":"","_seopress_robots_index":"","footnotes":""},"class_list":["post-10081","page","type-page","status-publish","hentry"],"acf":[],"_links":{"self":[{"href":"https:\/\/aemas.com\/de\/wp-json\/wp\/v2\/pages\/10081","targetHints":{"allow":["GET"]}}],"collection":[{"href":"https:\/\/aemas.com\/de\/wp-json\/wp\/v2\/pages"}],"about":[{"href":"https:\/\/aemas.com\/de\/wp-json\/wp\/v2\/types\/page"}],"author":[{"embeddable":true,"href":"https:\/\/aemas.com\/de\/wp-json\/wp\/v2\/users\/9"}],"replies":[{"embeddable":true,"href":"https:\/\/aemas.com\/de\/wp-json\/wp\/v2\/comments?post=10081"}],"version-history":[{"count":7,"href":"https:\/\/aemas.com\/de\/wp-json\/wp\/v2\/pages\/10081\/revisions"}],"predecessor-version":[{"id":10117,"href":"https:\/\/aemas.com\/de\/wp-json\/wp\/v2\/pages\/10081\/revisions\/10117"}],"wp:attachment":[{"href":"https:\/\/aemas.com\/de\/wp-json\/wp\/v2\/media?parent=10081"}],"curies":[{"name":"wp","href":"https:\/\/api.w.org\/{rel}","templated":true}]}}